{"id":20290,"date":"2021-10-09T04:45:26","date_gmt":"2021-10-08T21:45:26","guid":{"rendered":"https:\/\/mouldking.store\/shop\/moc-15743-green-tractor-super-construction-vehicle-by-de_marco-moc-factory\/"},"modified":"2025-12-25T09:26:46","modified_gmt":"2025-12-25T02:26:46","slug":"moc-15743-green-tractor-super-construction-vehicle-by-de_marco-moc-factory","status":"publish","type":"product","link":"https:\/\/mouldking.store\/hu\/shop\/moc-15743-green-tractor-super-construction-vehicle-by-de_marco-moc-factory\/","title":{"rendered":"MOC-15743 Green traktor Super Construction Vehicle, De_Marco MOC FACTORY"},"content":{"rendered":"<p>A fejleszt\u00e9si szezon egyszer\u0171en a sarkon! Igaz, hogy biztos vagy abban, hogy LEGO v\u00e1rosod \u00e1llatteny\u00e9szt\u0151i egy sz\u00f6rny\u0171 gy\u0171jt\u00e9sre k\u00e9sz\u00fclnek a nem is olyan t\u00e1voli j\u00f6v\u0151ben? N\u00e9zze meg ezt a zseni\u00e1lis T150-es traktort. \u00d3ri\u00e1si kerekek, j\u00f3l megmagyar\u00e1zott ir\u00e1ny\u00edt\u00e1s \u00e9s v\u00e1g\u00e1sok a k\u00fcls\u0151 kultiv\u00e1tor felszerel\u00e9s\u00e9hez \u2013 minden adott ahhoz, hogy a sz\u00e1nt\u00f3f\u00f6ld\u00f6n v\u00e9gzett munka rendk\u00edv\u00fcl kellemes legyen.<\/p>\n<p><img fetchpriority=\"high\" decoding=\"async\" class=\"alignnone size-full wp-image-192559\" src=\"https:\/\/pay.lpwstore.com\/wp-content\/uploads\/2020\/06\/New-Project-31.png\" alt=\"MOC-15743\" width=\"800\" height=\"800\" title=\"-\"><\/p>","protected":false},"excerpt":{"rendered":"<ul>\n<li>Tartalmazza <strong>170<\/strong><strong>+<\/strong> db<\/li>\n<li>Online PDF oktat\u00e1s<\/li>\n<li>Kiv\u00e1l\u00f3 min\u0151s\u00e9g\u0171 ABS blokk<\/li>\n<\/ul>","protected":false},"featured_media":20289,"comment_status":"open","ping_status":"closed","template":"","meta":{"_acf_changed":false},"product_cat":[15],"product_tag":[],"class_list":["product","first","outofstock","shipping-taxable","purchasable","product-type-simple"],"acf":[],"_links":{"self":[{"href":"https:\/\/mouldking.store\/hu\/wp-json\/wp\/v2\/product\/20290","targetHints":{"allow":["GET"]}}],"collection":[{"href":"https:\/\/mouldking.store\/hu\/wp-json\/wp\/v2\/product"}],"about":[{"href":"https:\/\/mouldking.store\/hu\/wp-json\/wp\/v2\/types\/product"}],"replies":[{"embeddable":true,"href":"https:\/\/mouldking.store\/hu\/wp-json\/wp\/v2\/comments?post=20290"}],"wp:featuredmedia":[{"embeddable":true,"href":"https:\/\/mouldking.store\/hu\/wp-json\/wp\/v2\/media\/20289"}],"wp:attachment":[{"href":"https:\/\/mouldking.store\/hu\/wp-json\/wp\/v2\/media?parent=20290"}],"wp:term":[{"taxonomy":"product_cat","embeddable":true,"href":"https:\/\/mouldking.store\/hu\/wp-json\/wp\/v2\/product_cat?post=20290"},{"taxonomy":"product_tag","embeddable":true,"href":"https:\/\/mouldking.store\/hu\/wp-json\/wp\/v2\/product_tag?post=20290"}],"curies":[{"name":"wp","href":"https:\/\/api.w.org\/{rel}","templated":true}]}}