{"id":20302,"date":"2021-10-09T04:45:50","date_gmt":"2021-10-09T04:45:50","guid":{"rendered":"https:\/\/mouldking.store\/shop\/moc-10690-classic-jaguar-roadster-super-car-by-martijnnab-moc-factory\/"},"modified":"2025-12-25T09:26:46","modified_gmt":"2025-12-25T02:26:46","slug":"moc-10690-classic-jaguar-roadster-super-car-by-martijnnab-moc-factory","status":"publish","type":"product","link":"https:\/\/mouldking.store\/hu\/shop\/moc-10690-classic-jaguar-roadster-super-car-by-martijnnab-moc-factory\/","title":{"rendered":"MOC-10690 Classic Jaguar Roadster Super Car a martijnnab MOC FACTORY-t\u00f3l"},"content":{"rendered":"<p>Lego m\u00f3dszer modell, amely egy Jaguar XK120 Roadstert\u0151l f\u00fcgg. E saj\u00e1toss\u00e1ga miatt nagyon j\u00f3l kombin\u00e1lhat\u00f3 h\u00e1rom k\u00fcl\u00f6nb\u00f6z\u0151 karossz\u00e9riasz\u00ednnel, sz\u00e1mos bels\u0151 v\u00e1ltozattal.<\/p>\n<p>A keret manu\u00e1lisan \u00e9rkezik, csak\u00fagy, mint RC form\u00e1ban.<br \/>\nAz alkatr\u00e9szlista a k\u00e9zi feh\u00e9r v\u00e1ltozatra vonatkozik, de ha egyszer\u0171en minden egyes feh\u00e9r alkatr\u00e9szt s\u00f6t\u00e9tre vagy pirosra cser\u00e9l\u00fcnk, ezekben az \u00e1rnyalatokban is j\u00f3l m\u0171k\u00f6dhet.<\/p>\n<p>Egy m\u00e1sik s\u00f6t\u00e9t forma is el\u00e9rhet\u0151 az RC k\u00f6rvonal\u00e1t\u00f3l f\u00fcgg\u0151en: MOC-10803<br \/>\nAz utas\u00edt\u00e1sok a 2.0-s verzi\u00f3ra friss\u00fcltek, \u00e9s mind az RC, mind a k\u00e9zi v\u00e1ltozatok ir\u00e1nyelveit \u00e9s r\u00e9szelrendez\u00e9seit tartalmazz\u00e1k.<\/p>\n<p><img fetchpriority=\"high\" decoding=\"async\" class=\"alignnone size-full wp-image-192731\" src=\"https:\/\/pay.lpwstore.com\/wp-content\/uploads\/2020\/06\/New-Project-55.png\" alt=\"MOC-10690\" width=\"800\" height=\"800\" title=\"-\"> <img decoding=\"async\" class=\"alignnone size-full wp-image-192732\" src=\"https:\/\/pay.lpwstore.com\/wp-content\/uploads\/2020\/06\/New-Project-57.png\" alt=\"MOC-10690\" width=\"800\" height=\"800\" title=\"-\"> <img decoding=\"async\" class=\"alignnone size-full wp-image-192730\" src=\"https:\/\/pay.lpwstore.com\/wp-content\/uploads\/2020\/06\/New-Project-56.png\" alt=\"MOC-10690\" width=\"800\" height=\"800\" title=\"-\"><\/p>","protected":false},"excerpt":{"rendered":"<ul>\n<li>Tartalmazza <strong>1270<\/strong><strong>+<\/strong> db<\/li>\n<li>Online PDF oktat\u00e1s<\/li>\n<li>Kiv\u00e1l\u00f3 min\u0151s\u00e9g\u0171 ABS blokk<\/li>\n<\/ul>","protected":false},"featured_media":20299,"comment_status":"open","ping_status":"closed","template":"","meta":{"_acf_changed":false},"product_cat":[364],"product_tag":[],"class_list":["product","first","instock","shipping-taxable","purchasable","product-type-simple"],"acf":[],"_links":{"self":[{"href":"https:\/\/mouldking.store\/hu\/wp-json\/wp\/v2\/product\/20302","targetHints":{"allow":["GET"]}}],"collection":[{"href":"https:\/\/mouldking.store\/hu\/wp-json\/wp\/v2\/product"}],"about":[{"href":"https:\/\/mouldking.store\/hu\/wp-json\/wp\/v2\/types\/product"}],"replies":[{"embeddable":true,"href":"https:\/\/mouldking.store\/hu\/wp-json\/wp\/v2\/comments?post=20302"}],"wp:featuredmedia":[{"embeddable":true,"href":"https:\/\/mouldking.store\/hu\/wp-json\/wp\/v2\/media\/20299"}],"wp:attachment":[{"href":"https:\/\/mouldking.store\/hu\/wp-json\/wp\/v2\/media?parent=20302"}],"wp:term":[{"taxonomy":"product_cat","embeddable":true,"href":"https:\/\/mouldking.store\/hu\/wp-json\/wp\/v2\/product_cat?post=20302"},{"taxonomy":"product_tag","embeddable":true,"href":"https:\/\/mouldking.store\/hu\/wp-json\/wp\/v2\/product_tag?post=20302"}],"curies":[{"name":"wp","href":"https:\/\/api.w.org\/{rel}","templated":true}]}}