{"id":20324,"date":"2021-10-09T04:45:59","date_gmt":"2021-10-08T21:45:59","guid":{"rendered":"https:\/\/mouldking.store\/shop\/moc-17513-42078-forklift-robot-by-nequmodiva-moc-factory\/"},"modified":"2025-12-25T09:25:27","modified_gmt":"2025-12-25T02:25:27","slug":"moc-17513-42078-forklift-robot-by-nequmodiva-moc-factory","status":"publish","type":"product","link":"https:\/\/mouldking.store\/hu\/shop\/moc-17513-42078-forklift-robot-by-nequmodiva-moc-factory\/","title":{"rendered":"MOC-17513 42078 targonca robot a Nequmodiva MOC FACTORY c\u00e9gt\u0151l"},"content":{"rendered":"<p>Ez a 42079 Heavy Duty Forklift m\u00f3dos\u00edtott v\u00e1ltozata, amely a 42078 Mack Anthem helyettes\u00edt\u0151jek\u00e9nt m\u0171k\u00f6d\u00f6tt.<\/p>\n<p>\u2013 A motor egy n\u00e9gykamr\u00e1s Mack t\u00edpus\u00fa motor. R\u00e1ad\u00e1sul alacsonyabbra van szerelve, mint az els\u0151 targonc\u00e1ban.<br \/>\n\u2013 A h\u00e1tul \u00edvelt v\u00e9d\u0151burkolatok r\u00f6videbbek, mivel nem volt elegend\u0151 1\u00d74-es f\u00e9ltengely.<br \/>\n\u2013 Az els\u0151 test\u00e9ben k\u00e9t 8 fogas fogaskerekes sebess\u00e9gv\u00e1lt\u00f3 tal\u00e1lhat\u00f3<\/p>\n<p><img fetchpriority=\"high\" decoding=\"async\" class=\"alignnone size-full wp-image-192755\" src=\"https:\/\/pay.lpwstore.com\/wp-content\/uploads\/2020\/06\/New-Project-72.png\" alt=\"MOC-17513\" width=\"800\" height=\"800\" title=\"-\"> <img decoding=\"async\" class=\"alignnone size-full wp-image-192754\" src=\"https:\/\/pay.lpwstore.com\/wp-content\/uploads\/2020\/06\/New-Project-74.png\" alt=\"MOC-17513\" width=\"800\" height=\"800\" title=\"-\"><\/p>","protected":false},"excerpt":{"rendered":"<ul>\n<li>Tartalmazza <strong>710<\/strong><strong>+<\/strong> db<\/li>\n<li>Online PDF oktat\u00e1s<\/li>\n<li>Kiv\u00e1l\u00f3 min\u0151s\u00e9g\u0171 ABS blokk<\/li>\n<\/ul>","protected":false},"featured_media":20322,"comment_status":"open","ping_status":"closed","template":"","meta":{"_acf_changed":false},"product_cat":[15],"product_tag":[],"class_list":["product","first","instock","shipping-taxable","purchasable","product-type-simple"],"acf":[],"_links":{"self":[{"href":"https:\/\/mouldking.store\/hu\/wp-json\/wp\/v2\/product\/20324","targetHints":{"allow":["GET"]}}],"collection":[{"href":"https:\/\/mouldking.store\/hu\/wp-json\/wp\/v2\/product"}],"about":[{"href":"https:\/\/mouldking.store\/hu\/wp-json\/wp\/v2\/types\/product"}],"replies":[{"embeddable":true,"href":"https:\/\/mouldking.store\/hu\/wp-json\/wp\/v2\/comments?post=20324"}],"wp:featuredmedia":[{"embeddable":true,"href":"https:\/\/mouldking.store\/hu\/wp-json\/wp\/v2\/media\/20322"}],"wp:attachment":[{"href":"https:\/\/mouldking.store\/hu\/wp-json\/wp\/v2\/media?parent=20324"}],"wp:term":[{"taxonomy":"product_cat","embeddable":true,"href":"https:\/\/mouldking.store\/hu\/wp-json\/wp\/v2\/product_cat?post=20324"},{"taxonomy":"product_tag","embeddable":true,"href":"https:\/\/mouldking.store\/hu\/wp-json\/wp\/v2\/product_tag?post=20324"}],"curies":[{"name":"wp","href":"https:\/\/api.w.org\/{rel}","templated":true}]}}