{"id":20347,"date":"2021-10-09T04:46:13","date_gmt":"2021-10-08T21:46:13","guid":{"rendered":"https:\/\/mouldking.store\/shop\/moc-13514-lotus-esprit-s1-with-submarine-conversion-super-car-by-jerrybuildsbricks-moc-factory\/"},"modified":"2025-12-25T09:25:26","modified_gmt":"2025-12-25T02:25:26","slug":"moc-13514-lotus-esprit-s1-with-submarine-conversion-super-car-by-jerrybuildsbricks-moc-factory","status":"publish","type":"product","link":"https:\/\/mouldking.store\/hu\/shop\/moc-13514-lotus-esprit-s1-with-submarine-conversion-super-car-by-jerrybuildsbricks-moc-factory\/","title":{"rendered":"MOC-13514 Lotus Esprit S1 tengeralattj\u00e1r\u00f3 \u00e1talak\u00edt\u00e1ssal Super Car by jerrybuildsbricks MOC FACTORY"},"content":{"rendered":"<ul>\n<li>Term\u00e9k m\u00e1rka: MOC FACTORY<\/li>\n<li>Term\u00e9kk\u00f3d: MOC 13514<\/li>\n<li>Term\u00e9k neve: Lotus Esprit S1 tengeralattj\u00e1r\u00f3 \u00e1talak\u00edt\u00e1ssal<\/li>\n<\/ul>\n<p><img fetchpriority=\"high\" decoding=\"async\" class=\"alignnone size-full wp-image-192863\" src=\"https:\/\/pay.lpwstore.com\/wp-content\/uploads\/2020\/07\/New-Project-96.png\" alt=\"MOC-13514\" width=\"800\" height=\"800\" title=\"-\"> <img decoding=\"async\" class=\"alignnone size-full wp-image-192862\" src=\"https:\/\/pay.lpwstore.com\/wp-content\/uploads\/2020\/07\/New-Project-97.png\" alt=\"MOC-13514\" width=\"800\" height=\"800\" title=\"-\"><\/p>","protected":false},"excerpt":{"rendered":"<ul>\n<li>Tartalmazza <strong>195<\/strong><strong>+<\/strong> db<\/li>\n<li>Online PDF oktat\u00e1s<\/li>\n<li>Kiv\u00e1l\u00f3 min\u0151s\u00e9g\u0171 ABS blokk<\/li>\n<\/ul>","protected":false},"featured_media":20345,"comment_status":"open","ping_status":"closed","template":"","meta":{"_acf_changed":false},"product_cat":[364],"product_tag":[],"class_list":["product","first","outofstock","shipping-taxable","purchasable","product-type-simple"],"acf":[],"_links":{"self":[{"href":"https:\/\/mouldking.store\/hu\/wp-json\/wp\/v2\/product\/20347","targetHints":{"allow":["GET"]}}],"collection":[{"href":"https:\/\/mouldking.store\/hu\/wp-json\/wp\/v2\/product"}],"about":[{"href":"https:\/\/mouldking.store\/hu\/wp-json\/wp\/v2\/types\/product"}],"replies":[{"embeddable":true,"href":"https:\/\/mouldking.store\/hu\/wp-json\/wp\/v2\/comments?post=20347"}],"wp:featuredmedia":[{"embeddable":true,"href":"https:\/\/mouldking.store\/hu\/wp-json\/wp\/v2\/media\/20345"}],"wp:attachment":[{"href":"https:\/\/mouldking.store\/hu\/wp-json\/wp\/v2\/media?parent=20347"}],"wp:term":[{"taxonomy":"product_cat","embeddable":true,"href":"https:\/\/mouldking.store\/hu\/wp-json\/wp\/v2\/product_cat?post=20347"},{"taxonomy":"product_tag","embeddable":true,"href":"https:\/\/mouldking.store\/hu\/wp-json\/wp\/v2\/product_tag?post=20347"}],"curies":[{"name":"wp","href":"https:\/\/api.w.org\/{rel}","templated":true}]}}