{"id":20440,"date":"2021-10-09T04:49:11","date_gmt":"2021-10-08T21:49:11","guid":{"rendered":"https:\/\/mouldking.store\/shop\/moc-37840-ucs-razor-crest-by-papaglop-moc-factory\/"},"modified":"2025-12-25T09:25:21","modified_gmt":"2025-12-25T02:25:21","slug":"moc-37840-ucs-razor-crest-by-papaglop-moc-factory","status":"publish","type":"product","link":"https:\/\/mouldking.store\/hu\/shop\/moc-37840-ucs-razor-crest-by-papaglop-moc-factory\/","title":{"rendered":"MOC 37840 UCS borotvasz\u00e1r, a Papaglop MOC FACTORY c\u00e9gt\u0151l"},"content":{"rendered":"<p><strong>PRODUCT INFORMATION<\/strong><\/p>\n<p>MOC 37840 UCS Razor Crest by Papaglop MOC FACTORY is based\u00a0 on a famous Star ship in the series film Star Wars, MOC 37840 designed by dropey1479 in rebrickable, with some small modified and NO INCLUDE MINIFIGURES.\u00a0 It&#8217;s an awesome Brick set MOC 37840 UCS Razor Crest by Papaglop MOC FACTORY<\/p>\n<figure id=\"attachment_193719\" class=\"wp-caption alignnone\" style=\"width: 640px\" aria-describedby=\"caption-attachment-193719\"><figcaption id=\"caption-attachment-193719\" class=\"wp-caption-text\">\n<figure id=\"attachment_26274\" aria-describedby=\"caption-attachment-26274\" style=\"width: 800px\" class=\"wp-caption aligncenter\"><img fetchpriority=\"high\" decoding=\"async\" class=\"wp-image-26274 size-full\" src=\"https:\/\/mocfactory.com\/wp-content\/uploads\/2020\/12\/MOC-37840-Star-Wars-UCS-Razor-Crest-Designer-Papaglop.jpg\" alt=\"MOC-37840 Star Wars UCS Razor Crest - Designer Papaglop\" width=\"800\" height=\"800\" title=\"-\"><figcaption id=\"caption-attachment-26274\" class=\"wp-caption-text\">MOC-37840 Star Wars UCS Razor Crest &#8211; Designer Papaglop<\/figcaption><\/figure>\n<figure id=\"attachment_26275\" aria-describedby=\"caption-attachment-26275\" style=\"width: 800px\" class=\"wp-caption aligncenter\"><img decoding=\"async\" class=\"wp-image-26275 size-full\" src=\"https:\/\/mocfactory.com\/wp-content\/uploads\/2020\/12\/MOC-37840-Star-Wars-UCS-Razor-Crest-Designer-Papaglop-4.jpg\" alt=\"MOC-37840 Star Wars UCS Razor Crest - Designer Papaglop\" width=\"800\" height=\"800\" title=\"-\"><figcaption id=\"caption-attachment-26275\" class=\"wp-caption-text\">MOC-37840 Star Wars UCS Razor Crest &#8211; Designer Papaglop<\/figcaption><\/figure>\n<figure id=\"attachment_26276\" aria-describedby=\"caption-attachment-26276\" style=\"width: 800px\" class=\"wp-caption aligncenter\"><img decoding=\"async\" class=\"wp-image-26276 size-full\" src=\"https:\/\/mocfactory.com\/wp-content\/uploads\/2020\/12\/MOC-37840-Star-Wars-UCS-Razor-Crest-Designer-Papaglop-2.jpg\" alt=\"MOC-37840 Star Wars UCS Razor Crest - Designer Papaglop\" width=\"800\" height=\"800\" title=\"-\"><figcaption id=\"caption-attachment-26276\" class=\"wp-caption-text\">MOC-37840 Star Wars UCS Razor Crest &#8211; Designer Papaglop<\/figcaption><\/figure>\n<figure id=\"attachment_26277\" aria-describedby=\"caption-attachment-26277\" style=\"width: 800px\" class=\"wp-caption aligncenter\"><img loading=\"lazy\" decoding=\"async\" class=\"wp-image-26277 size-full\" src=\"https:\/\/mocfactory.com\/wp-content\/uploads\/2020\/12\/MOC-37840-Star-Wars-UCS-Razor-Crest-Designer-Papaglop-3.jpg\" alt=\"MOC-37840 Star Wars UCS Razor Crest - Designer Papaglop\" width=\"800\" height=\"800\" title=\"-\"><figcaption id=\"caption-attachment-26277\" class=\"wp-caption-text\">MOC-37840 Star Wars UCS Razor Crest &#8211; Designer Papaglop<\/figcaption><\/figure>\n<\/figcaption><\/figure>\n<blockquote><p>MOC Number: 37840<br \/>\nName of MOC: UCS Razor Crest by Papaglop<br \/>\nDesigned by: papaglop<br \/>\nDesigned Year:\u00a0 2020<br \/>\nNumber of parts: 4190 parts<br \/>\nCategory: Star Wars &gt; Ultimate Collector Series<\/p><\/blockquote>\n<p>&nbsp;<\/p>\n<ul>\n<li>+ 4190\u00a0 pieces made from high-quality 100% ABS plastic bricks, safe for children, long time to play, 100% compatible with other brick brands<\/li>\n<li><span style=\"font-size: 14.4px\">Easy-to-build with manual instruction of MOC 37840 UCS Razor Crest by Papaglop MOC FACTORY <\/span><span style=\"font-size: 14.4px;color: #555555\">with brick by brick guide and high-quality pictures<\/span><\/li>\n<li><span style=\"font-size: 14.4px\">Full dimensions of MOC 37840 UCS Razor Crest by Papaglop MOC FACTORY<\/span><\/li>\n<\/ul>\n<h4><strong>GUARANTEE<\/strong><\/h4>\n<p>We guarantee for MOC 37840 UCS Razor Crest by Papaglop MOC FACTORY<\/p>\n<ul>\n<li>Teljes visszat\u00e9r\u00edt\u00e9s, ha nem kapja meg megrendel\u00e9s\u00e9t<\/li>\n<li>Ingyenes gondoskodni a hi\u00e1nyz\u00f3 darabok vagy k\u00e9zik\u00f6nyv k\u00f6nyv<\/li>\n<li>Customers will not pay any more for tax and customs fees. (If you have to pay, we will refund to you)<\/li>\n<li>Shipping international is quite complicated, we try hard to process all of your problems. But, if your order get some trouble, please contact us via email<\/li>\n<li><span data-text-color=\"alert\"><strong>Megrendel\u00e9s t\u00f6rl\u00e9se:<\/strong><\/span> If you need to cancel the order, you need to contact us via email contact@pay.lpwstore.com as soon as possible. We cannot stop order until 48 hours<\/li>\n<\/ul>\n<h4><strong>SHIPPING<\/strong><\/h4>\n<p>MOC 37840 UCS Razor Crest by Papaglop MOC FACTORY will be ready for ship in SEPTEMBER 2020. Please wait for us. If you want to cancel the pre-order, contact us via email, we will full refund to you<\/p>\n<h4><strong>HI\u00c1NYZ\u00d3 R\u00c9SZEK<\/strong><\/h4>\n<p>All parts of MOC 37840 UCS Razor Crest by Papaglop MOC FACTORY \u00a0are quality checked before shipping, so if you find some missing or damaged parts, don&#8217;t worry. Please contact us and we will send them to you without any fees, or we will offer a small refund for you to buy in other places.<\/p>","protected":false},"excerpt":{"rendered":"<h3><strong>MOC 37840 UCS borotvasz\u00e1r, a Papaglop MOC FACTORY c\u00e9gt\u0151l<\/strong><\/h3>\n<h3><span data-text-color=\"alert\"><strong>AVAILABLE IN SEPTEMBER 2020<\/strong><\/span><\/h3>\n<ul>\n<li>T\u00e9gla mennyis\u00e9ge:<strong> +4190 <\/strong>db<\/li>\n<li>Szolg\u00e1ltat\u00e1s: Ingyenes cserealkatr\u00e9szek<\/li>\n<li>Megjegyz\u00e9s: Nincs eredeti doboz, haszn\u00e1ljon bubor\u00e9kzacsk\u00f3t vagy \u00fcres kartondobozt.<\/li>\n<li>Rendel\u00e9si id\u0151: 4-8 h\u00e9t<\/li>\n<\/ul>","protected":false},"featured_media":20427,"comment_status":"open","ping_status":"closed","template":"","meta":{"_acf_changed":false},"product_cat":[415],"product_tag":[10503,10501,430,10499,10505,10498,461,10500,4093,10502,10504],"class_list":["product","first","instock","shipping-taxable","purchasable","product-type-simple"],"acf":[],"_links":{"self":[{"href":"https:\/\/mouldking.store\/hu\/wp-json\/wp\/v2\/product\/20440","targetHints":{"allow":["GET"]}}],"collection":[{"href":"https:\/\/mouldking.store\/hu\/wp-json\/wp\/v2\/product"}],"about":[{"href":"https:\/\/mouldking.store\/hu\/wp-json\/wp\/v2\/types\/product"}],"replies":[{"embeddable":true,"href":"https:\/\/mouldking.store\/hu\/wp-json\/wp\/v2\/comments?post=20440"}],"wp:featuredmedia":[{"embeddable":true,"href":"https:\/\/mouldking.store\/hu\/wp-json\/wp\/v2\/media\/20427"}],"wp:attachment":[{"href":"https:\/\/mouldking.store\/hu\/wp-json\/wp\/v2\/media?parent=20440"}],"wp:term":[{"taxonomy":"product_cat","embeddable":true,"href":"https:\/\/mouldking.store\/hu\/wp-json\/wp\/v2\/product_cat?post=20440"},{"taxonomy":"product_tag","embeddable":true,"href":"https:\/\/mouldking.store\/hu\/wp-json\/wp\/v2\/product_tag?post=20440"}],"curies":[{"name":"wp","href":"https:\/\/api.w.org\/{rel}","templated":true}]}}