{"id":20458,"date":"2021-10-09T04:49:45","date_gmt":"2021-10-08T21:49:45","guid":{"rendered":"https:\/\/mouldking.store\/shop\/moc-33689-ultimate-playset-scale-ship-century-hawk-star-wars-by-2bricksofficial-moc-factory\/"},"modified":"2025-12-25T09:25:21","modified_gmt":"2025-12-25T02:25:21","slug":"moc-33689-ultimate-playset-scale-ship-century-hawk-star-wars-by-2bricksofficial-moc-factory","status":"publish","type":"product","link":"https:\/\/mouldking.store\/hu\/shop\/moc-33689-ultimate-playset-scale-ship-century-hawk-star-wars-by-2bricksofficial-moc-factory\/","title":{"rendered":"MOC-33689 Ultimate Playset-m\u00e9ret\u0171 \u201eCentury Hawk\u201d haj\u00f3! Star Wars a 2bricksofficial MOC FACTORY-t\u00f3l"},"content":{"rendered":"<p>Ez a MOC hasonl\u00f3 l\u00e9pt\u00e9k\u0171, mint a Lego saj\u00e1t \u201enorm\u00e1l\u201d Millenium Falcon Setjei, azonban val\u00f3di filmes finoms\u00e1gokkal \u00e9s j\u00e1t\u00e9kjellemz\u0151kkel van nyomva. Tartalmaz egy vitrin \u00e1llv\u00e1nyt, amely a Falcont egyedi peremre \u00e1ll\u00edtja, csak\u00fagy, mint egy bemutat\u00f3 t\u00e1bl\u00e1t, amely 11 norm\u00e1l m\u00e9rt figur\u00e1t k\u00e9pes r\u00f6gz\u00edteni. Belseje FULL, a filmekb\u0151l ismert h\u00edrhedt terekkel, egy pil\u00f3taf\u00fclke 4 figur\u00e1nak, teljesen levehet\u0151 teteje az egyszer\u0171 hozz\u00e1f\u00e9r\u00e9s \u00e9rdek\u00e9ben, a besz\u00e1ll\u00e1si lejt\u0151 lejt\u00e9se, rejtett rakod\u00f3rekesz \u00e9s SOK m\u00e1s!<\/p>\n<p><img fetchpriority=\"high\" decoding=\"async\" class=\"alignnone size-full wp-image-193949\" src=\"https:\/\/pay.lpwstore.com\/wp-content\/uploads\/2020\/07\/New-Project-17.png\" alt=\"MOC-33689\" width=\"800\" height=\"800\" title=\"-\"><\/p>","protected":false},"excerpt":{"rendered":"<ul>\n<li>Tartalmazza\u00a0<strong>3208+<\/strong>\u00a0db<\/li>\n<li>PDF oktat\u00f3k\u00f6nyv<\/li>\n<li>Kiv\u00e1l\u00f3 min\u0151s\u00e9g\u0171 ABS blokk<\/li>\n<\/ul>","protected":false},"featured_media":20457,"comment_status":"open","ping_status":"closed","template":"","meta":{"_acf_changed":false},"product_cat":[415],"product_tag":[],"class_list":["product","first","outofstock","shipping-taxable","purchasable","product-type-simple"],"acf":[],"_links":{"self":[{"href":"https:\/\/mouldking.store\/hu\/wp-json\/wp\/v2\/product\/20458","targetHints":{"allow":["GET"]}}],"collection":[{"href":"https:\/\/mouldking.store\/hu\/wp-json\/wp\/v2\/product"}],"about":[{"href":"https:\/\/mouldking.store\/hu\/wp-json\/wp\/v2\/types\/product"}],"replies":[{"embeddable":true,"href":"https:\/\/mouldking.store\/hu\/wp-json\/wp\/v2\/comments?post=20458"}],"wp:featuredmedia":[{"embeddable":true,"href":"https:\/\/mouldking.store\/hu\/wp-json\/wp\/v2\/media\/20457"}],"wp:attachment":[{"href":"https:\/\/mouldking.store\/hu\/wp-json\/wp\/v2\/media?parent=20458"}],"wp:term":[{"taxonomy":"product_cat","embeddable":true,"href":"https:\/\/mouldking.store\/hu\/wp-json\/wp\/v2\/product_cat?post=20458"},{"taxonomy":"product_tag","embeddable":true,"href":"https:\/\/mouldking.store\/hu\/wp-json\/wp\/v2\/product_tag?post=20458"}],"curies":[{"name":"wp","href":"https:\/\/api.w.org\/{rel}","templated":true}]}}