{"id":20491,"date":"2021-10-09T04:51:00","date_gmt":"2021-10-09T04:51:00","guid":{"rendered":"https:\/\/mouldking.store\/shop\/moc-45635-modern-cafe-modular-2020-modular-building-by-ohsojang-moc-factory\/"},"modified":"2025-12-25T09:25:20","modified_gmt":"2025-12-25T02:25:20","slug":"moc-45635-modern-cafe-modular-2020-modular-building-by-ohsojang-moc-factory","status":"publish","type":"product","link":"https:\/\/mouldking.store\/hu\/shop\/moc-45635-modern-cafe-modular-2020-modular-building-by-ohsojang-moc-factory\/","title":{"rendered":"MOC-45635 Modern Cafe Modular 2020 Modular Building, ohsojang MOC FACTORY"},"content":{"rendered":"<div>Ez a Starbucks Cafe Modular egy val\u00f3di koreai Starbucksb\u00f3l k\u00e9sz\u00fclt, amely k\u00f6zmond\u00e1sk\u00e9nt m\u0171k\u00f6dik.<\/div>\n<div><\/div>\n<div>(Korea Hogye DT \u00fczlete)<\/div>\n<div><\/div>\n<div>A speci\u00e1lis \u00e9s jelenlegi szerkezeti tervet k\u00fcls\u0151leg olyan megk\u00fcl\u00f6nb\u00f6ztethetetlenn\u00e9 tett\u00e9k, amennyire \u00e9sszer\u0171en elv\u00e1rhat\u00f3 volt,<\/div>\n<div><\/div>\n<div>A bels\u0151 tervet a k\u00fcls\u0151 st\u00edlusnak megfelel\u0151en feh\u00e9r \u00e9s s\u00f6t\u00e9t t\u00f3nusokkal, f\u00f6ldes sz\u00edn\u00e1rnyalattal hangoltuk \u00f6ssze.<\/div>\n<div>\n<figure id=\"attachment_194128\" aria-describedby=\"caption-attachment-194128\" style=\"width: 800px\" class=\"wp-caption alignnone\"><img fetchpriority=\"high\" decoding=\"async\" class=\"wp-image-194128 size-full\" src=\"https:\/\/pay.lpwstore.com\/wp-content\/uploads\/2020\/07\/New-Project-44.png\" alt=\"MOC-45635\" width=\"800\" height=\"800\" title=\"-\"><figcaption id=\"caption-attachment-194128\" class=\"wp-caption-text\">MOC-45635 Modern Cafe Modular 2020 Modular Building, ohsojang MOC FACTORY<\/figcaption><\/figure>\n<figure id=\"attachment_194126\" aria-describedby=\"caption-attachment-194126\" style=\"width: 800px\" class=\"wp-caption alignnone\"><img decoding=\"async\" class=\"wp-image-194126 size-full\" src=\"https:\/\/pay.lpwstore.com\/wp-content\/uploads\/2020\/07\/New-Project-46.png\" alt=\"MOC-45635\" width=\"800\" height=\"800\" title=\"-\"><figcaption id=\"caption-attachment-194126\" class=\"wp-caption-text\">MOC-45635 Modern Cafe Modular 2020 Modular Building, ohsojang MOC FACTORY<\/figcaption><\/figure>\n<figure id=\"attachment_194127\" aria-describedby=\"caption-attachment-194127\" style=\"width: 800px\" class=\"wp-caption alignnone\"><img decoding=\"async\" class=\"wp-image-194127 size-full\" src=\"https:\/\/pay.lpwstore.com\/wp-content\/uploads\/2020\/07\/New-Project-45.png\" alt=\"MOC-45635\" width=\"800\" height=\"800\" title=\"-\"><figcaption id=\"caption-attachment-194127\" class=\"wp-caption-text\">MOC-45635 Modern Cafe Modular 2020 Modular Building, ohsojang MOC FACTORY<\/figcaption><\/figure>\n<\/div>","protected":false},"excerpt":{"rendered":"<ul>\n<li>Tartalmazza\u00a0<strong>2803+<\/strong>\u00a0db<\/li>\n<li>PDF oktat\u00f3k\u00f6nyv<\/li>\n<li>Kiv\u00e1l\u00f3 min\u0151s\u00e9g\u0171 ABS blokk<\/li>\n<\/ul>","protected":false},"featured_media":20488,"comment_status":"open","ping_status":"closed","template":"","meta":{"_acf_changed":false},"product_cat":[390],"product_tag":[],"class_list":["product","first","instock","shipping-taxable","purchasable","product-type-simple"],"acf":[],"_links":{"self":[{"href":"https:\/\/mouldking.store\/hu\/wp-json\/wp\/v2\/product\/20491","targetHints":{"allow":["GET"]}}],"collection":[{"href":"https:\/\/mouldking.store\/hu\/wp-json\/wp\/v2\/product"}],"about":[{"href":"https:\/\/mouldking.store\/hu\/wp-json\/wp\/v2\/types\/product"}],"replies":[{"embeddable":true,"href":"https:\/\/mouldking.store\/hu\/wp-json\/wp\/v2\/comments?post=20491"}],"wp:featuredmedia":[{"embeddable":true,"href":"https:\/\/mouldking.store\/hu\/wp-json\/wp\/v2\/media\/20488"}],"wp:attachment":[{"href":"https:\/\/mouldking.store\/hu\/wp-json\/wp\/v2\/media?parent=20491"}],"wp:term":[{"taxonomy":"product_cat","embeddable":true,"href":"https:\/\/mouldking.store\/hu\/wp-json\/wp\/v2\/product_cat?post=20491"},{"taxonomy":"product_tag","embeddable":true,"href":"https:\/\/mouldking.store\/hu\/wp-json\/wp\/v2\/product_tag?post=20491"}],"curies":[{"name":"wp","href":"https:\/\/api.w.org\/{rel}","templated":true}]}}