{"id":20533,"date":"2021-10-09T04:51:23","date_gmt":"2021-10-08T21:51:23","guid":{"rendered":"https:\/\/mouldking.store\/shop\/moc-24911-stand-for-tantive-iv-star-wars-by-brickbob-moc-factory\/"},"modified":"2025-12-25T09:25:09","modified_gmt":"2025-12-25T02:25:09","slug":"moc-24911-stand-for-tantive-iv-star-wars-by-brickbob-moc-factory","status":"publish","type":"product","link":"https:\/\/mouldking.store\/hu\/shop\/moc-24911-stand-for-tantive-iv-star-wars-by-brickbob-moc-factory\/","title":{"rendered":"MOC-24911 Stantive IV Star Wars \u00e1llv\u00e1ny, BrickBob MOC FACTORY"},"content":{"rendered":"<div>Tartalmazza a cs\u00f3nakot \u00e1br\u00e1zol\u00f3 rajzot, valamint a minifig\u00e1kat egy UCS matricalappal.<\/div>\n<div><\/div>\n<div>Mind\u00f6ssze k\u00e9t apr\u00f3 l\u00e9p\u00e9s sz\u00fcks\u00e9ges ahhoz, hogy a tantive az \u00e1llv\u00e1nyra ker\u00fclj\u00f6n.<\/div>\n<div><\/div>\n<div>A minifig\u00e1k kirakata kiemeli a Leia hercegn\u0151 \u00e9s az R2-D2 sz\u00e1m\u00e1ra k\u00e9sz\u00fclt forgathat\u00f3 t\u00e1ny\u00e9rt, amely bemutatja azt az elismert filmjelenetet, amikor Leia rejt\u00e9lyes inform\u00e1ci\u00f3kat ad \u00e1t az elm\u00fal\u00f3 csillagr\u00f3l R2-D2-nek.<\/div>\n<div><\/div>\n<div><img fetchpriority=\"high\" decoding=\"async\" class=\"alignnone size-full wp-image-194305\" src=\"https:\/\/pay.lpwstore.com\/wp-content\/uploads\/2020\/07\/New-Project-94-1.png\" alt=\"MOC-24911 Stand for Tantive IV Star Wars by BrickBob MOC FACTORY\" width=\"800\" height=\"800\" title=\"-\"> <img decoding=\"async\" class=\"alignnone size-full wp-image-194304\" src=\"https:\/\/pay.lpwstore.com\/wp-content\/uploads\/2020\/07\/New-Project-95-1.png\" alt=\"-\" width=\"800\" height=\"800\" title=\"-\"> <img decoding=\"async\" class=\"alignnone size-full wp-image-194303\" src=\"https:\/\/pay.lpwstore.com\/wp-content\/uploads\/2020\/07\/New-Project-96-1.png\" alt=\"MOC-24911 Stand for Tantive IV Star Wars by BrickBob MOC FACTORY\" width=\"800\" height=\"800\" title=\"-\"><\/div>","protected":false},"excerpt":{"rendered":"<ul>\n<li>Tartalmazza\u00a0<strong>277+<\/strong>\u00a0db<\/li>\n<li>PDF oktat\u00f3k\u00f6nyv<\/li>\n<li>Kiv\u00e1l\u00f3 min\u0151s\u00e9g\u0171 ABS blokk<\/li>\n<\/ul>","protected":false},"featured_media":20530,"comment_status":"open","ping_status":"closed","template":"","meta":{"_acf_changed":false},"product_cat":[415],"product_tag":[],"class_list":["product","first","outofstock","shipping-taxable","purchasable","product-type-simple"],"acf":[],"_links":{"self":[{"href":"https:\/\/mouldking.store\/hu\/wp-json\/wp\/v2\/product\/20533","targetHints":{"allow":["GET"]}}],"collection":[{"href":"https:\/\/mouldking.store\/hu\/wp-json\/wp\/v2\/product"}],"about":[{"href":"https:\/\/mouldking.store\/hu\/wp-json\/wp\/v2\/types\/product"}],"replies":[{"embeddable":true,"href":"https:\/\/mouldking.store\/hu\/wp-json\/wp\/v2\/comments?post=20533"}],"wp:featuredmedia":[{"embeddable":true,"href":"https:\/\/mouldking.store\/hu\/wp-json\/wp\/v2\/media\/20530"}],"wp:attachment":[{"href":"https:\/\/mouldking.store\/hu\/wp-json\/wp\/v2\/media?parent=20533"}],"wp:term":[{"taxonomy":"product_cat","embeddable":true,"href":"https:\/\/mouldking.store\/hu\/wp-json\/wp\/v2\/product_cat?post=20533"},{"taxonomy":"product_tag","embeddable":true,"href":"https:\/\/mouldking.store\/hu\/wp-json\/wp\/v2\/product_tag?post=20533"}],"curies":[{"name":"wp","href":"https:\/\/api.w.org\/{rel}","templated":true}]}}