{"id":20540,"date":"2021-10-09T04:51:26","date_gmt":"2021-10-09T04:51:26","guid":{"rendered":"https:\/\/mouldking.store\/shop\/moc-5370-red-road-racer-technic-by-technicbasics-moc-factory\/"},"modified":"2025-12-25T09:25:09","modified_gmt":"2025-12-25T02:25:09","slug":"moc-5370-red-road-racer-technic-by-technicbasics-moc-factory","status":"publish","type":"product","link":"https:\/\/mouldking.store\/hu\/shop\/moc-5370-red-road-racer-technic-by-technicbasics-moc-factory\/","title":{"rendered":"MOC-5370 Red Road Racer Technic by technicbasics MOC FACTORY"},"content":{"rendered":"<div>The Red Road Racer is again an excellent model of metulskie8.<\/div>\n<div><\/div>\n<div>The model is unequivocally suggestive of a memorable hustling vehicles, for example, the Audi Type D, the Mercedes Silver Arrow or the Lotus 24. In rundown: Good, strong and quick! The tough development and the fast has a great deal of game fun!<\/div>\n<div><\/div>\n<div><img fetchpriority=\"high\" decoding=\"async\" class=\"alignnone size-full wp-image-194315\" src=\"https:\/\/pay.lpwstore.com\/wp-content\/uploads\/2020\/07\/New-Project-2020-07-31T154956.447.png\" alt=\"MOC-5370 Red Road Racer Technic by technicbasics MOC FACTORY\" width=\"800\" height=\"800\" title=\"-\"> <img decoding=\"async\" class=\"alignnone size-full wp-image-194316\" src=\"https:\/\/pay.lpwstore.com\/wp-content\/uploads\/2020\/07\/New-Project-2020-07-31T154943.776.png\" alt=\"MOC-5370 Red Road Racer Technic by technicbasics MOC FACTORY\" width=\"800\" height=\"800\" title=\"-\"><\/div>","protected":false},"excerpt":{"rendered":"<ul>\n<li>Tartalmazza\u00a0<strong>888+<\/strong>\u00a0db<\/li>\n<li>PDF oktat\u00f3k\u00f6nyv<\/li>\n<li>Kiv\u00e1l\u00f3 min\u0151s\u00e9g\u0171 ABS blokk<\/li>\n<\/ul>","protected":false},"featured_media":20538,"comment_status":"open","ping_status":"closed","template":"","meta":{"_acf_changed":false},"product_cat":[364],"product_tag":[],"class_list":["product","first","instock","shipping-taxable","purchasable","product-type-simple"],"acf":[],"_links":{"self":[{"href":"https:\/\/mouldking.store\/hu\/wp-json\/wp\/v2\/product\/20540","targetHints":{"allow":["GET"]}}],"collection":[{"href":"https:\/\/mouldking.store\/hu\/wp-json\/wp\/v2\/product"}],"about":[{"href":"https:\/\/mouldking.store\/hu\/wp-json\/wp\/v2\/types\/product"}],"replies":[{"embeddable":true,"href":"https:\/\/mouldking.store\/hu\/wp-json\/wp\/v2\/comments?post=20540"}],"wp:featuredmedia":[{"embeddable":true,"href":"https:\/\/mouldking.store\/hu\/wp-json\/wp\/v2\/media\/20538"}],"wp:attachment":[{"href":"https:\/\/mouldking.store\/hu\/wp-json\/wp\/v2\/media?parent=20540"}],"wp:term":[{"taxonomy":"product_cat","embeddable":true,"href":"https:\/\/mouldking.store\/hu\/wp-json\/wp\/v2\/product_cat?post=20540"},{"taxonomy":"product_tag","embeddable":true,"href":"https:\/\/mouldking.store\/hu\/wp-json\/wp\/v2\/product_tag?post=20540"}],"curies":[{"name":"wp","href":"https:\/\/api.w.org\/{rel}","templated":true}]}}