{"id":20542,"date":"2021-10-09T04:51:28","date_gmt":"2021-10-08T21:51:28","guid":{"rendered":"https:\/\/mouldking.store\/shop\/moc-37994-blue-castle-alternate-build-of-10218-petshop-by-soymlik_dicebrick-moc-factory\/"},"modified":"2025-12-25T09:25:09","modified_gmt":"2025-12-25T02:25:09","slug":"moc-37994-blue-castle-alternate-build-of-10218-petshop-by-soymlik_dicebrick-moc-factory","status":"publish","type":"product","link":"https:\/\/mouldking.store\/hu\/shop\/moc-37994-blue-castle-alternate-build-of-10218-petshop-by-soymlik_dicebrick-moc-factory\/","title":{"rendered":"MOC-37994 Blue Castle Alternate Build of 10218 Petshop by Soymlik_DiceBrick MOC FACTORY"},"content":{"rendered":"<ul>\n<li>Term\u00e9k m\u00e1rka: MOC FACTORY<\/li>\n<li>Product code: MOC-37994<\/li>\n<li>Product name: Blue Castle Alternate Build of 10218 Petshop<\/li>\n<\/ul>\n<p><img fetchpriority=\"high\" decoding=\"async\" class=\"alignnone size-full wp-image-194322\" src=\"https:\/\/pay.lpwstore.com\/wp-content\/uploads\/2020\/07\/New-Project-2020-07-31T160614.545.png\" alt=\"MOC-37994 Blue Castle Alternate Build of 10218 Petshop by Soymlik_DiceBrick MOC FACTORY\" width=\"800\" height=\"800\" title=\"-\"><\/p>","protected":false},"excerpt":{"rendered":"<ul>\n<li>Tartalmazza <strong>1184+<\/strong>\u00a0db<\/li>\n<li>PDF oktat\u00f3k\u00f6nyv<\/li>\n<li>Kiv\u00e1l\u00f3 min\u0151s\u00e9g\u0171 ABS blokk<\/li>\n<\/ul>","protected":false},"featured_media":20541,"comment_status":"open","ping_status":"closed","template":"","meta":{"_acf_changed":false},"product_cat":[15],"product_tag":[],"class_list":["product","first","instock","shipping-taxable","purchasable","product-type-simple"],"acf":[],"_links":{"self":[{"href":"https:\/\/mouldking.store\/hu\/wp-json\/wp\/v2\/product\/20542","targetHints":{"allow":["GET"]}}],"collection":[{"href":"https:\/\/mouldking.store\/hu\/wp-json\/wp\/v2\/product"}],"about":[{"href":"https:\/\/mouldking.store\/hu\/wp-json\/wp\/v2\/types\/product"}],"replies":[{"embeddable":true,"href":"https:\/\/mouldking.store\/hu\/wp-json\/wp\/v2\/comments?post=20542"}],"wp:featuredmedia":[{"embeddable":true,"href":"https:\/\/mouldking.store\/hu\/wp-json\/wp\/v2\/media\/20541"}],"wp:attachment":[{"href":"https:\/\/mouldking.store\/hu\/wp-json\/wp\/v2\/media?parent=20542"}],"wp:term":[{"taxonomy":"product_cat","embeddable":true,"href":"https:\/\/mouldking.store\/hu\/wp-json\/wp\/v2\/product_cat?post=20542"},{"taxonomy":"product_tag","embeddable":true,"href":"https:\/\/mouldking.store\/hu\/wp-json\/wp\/v2\/product_tag?post=20542"}],"curies":[{"name":"wp","href":"https:\/\/api.w.org\/{rel}","templated":true}]}}