{"id":20614,"date":"2021-10-09T04:53:15","date_gmt":"2021-10-08T21:53:15","guid":{"rendered":"https:\/\/mouldking.store\/shop\/moc-22200-10252-hot-rod-creator-by-keep-on-bricking-moc-factory\/"},"modified":"2025-12-25T09:25:07","modified_gmt":"2025-12-25T02:25:07","slug":"moc-22200-10252-hot-rod-creator-by-keep-on-bricking-moc-factory","status":"publish","type":"product","link":"https:\/\/mouldking.store\/hu\/shop\/moc-22200-10252-hot-rod-creator-by-keep-on-bricking-moc-factory\/","title":{"rendered":"MOC-22200 10252 Hot Rod Creator a Keep On Bricking MOC FACTORY-t\u00f3l"},"content":{"rendered":"<p>A modell oll\u00f3s bej\u00e1ratokkal rendelkezik. A tet\u0151r\u00e9szek levehet\u0151k. H\u00e1ts\u00f3 csomagtart\u00f3ja nyithat\u00f3. Ahogy a motor is kivehet\u0151 a modellb\u0151l<\/p>\n<p><img fetchpriority=\"high\" decoding=\"async\" class=\"alignnone size-full wp-image-194502\" src=\"https:\/\/pay.lpwstore.com\/wp-content\/uploads\/2020\/08\/New-Project-2020-08-04T172716.928.png\" alt=\"MOC-22200 10252 Hot Rod Creator by Keep On Bricking MOC FACTORY\" width=\"800\" height=\"800\" title=\"-\"> <img decoding=\"async\" class=\"alignnone size-full wp-image-194501\" src=\"https:\/\/pay.lpwstore.com\/wp-content\/uploads\/2020\/08\/New-Project-2020-08-04T172747.202.png\" alt=\"MOC-22200 10252 Hot Rod Creator by Keep On Bricking MOC FACTORY\" width=\"800\" height=\"800\" title=\"-\"><\/p>","protected":false},"excerpt":{"rendered":"<ul>\n<li>Tartalmazza\u00a0<strong>629+<\/strong>\u00a0db<\/li>\n<li>PDF oktat\u00f3k\u00f6nyv<\/li>\n<li>Kiv\u00e1l\u00f3 min\u0151s\u00e9g\u0171 ABS blokk<\/li>\n<\/ul>","protected":false},"featured_media":20612,"comment_status":"open","ping_status":"closed","template":"","meta":{"_acf_changed":false},"product_cat":[371],"product_tag":[],"class_list":["product","first","instock","shipping-taxable","purchasable","product-type-simple"],"acf":[],"_links":{"self":[{"href":"https:\/\/mouldking.store\/hu\/wp-json\/wp\/v2\/product\/20614","targetHints":{"allow":["GET"]}}],"collection":[{"href":"https:\/\/mouldking.store\/hu\/wp-json\/wp\/v2\/product"}],"about":[{"href":"https:\/\/mouldking.store\/hu\/wp-json\/wp\/v2\/types\/product"}],"replies":[{"embeddable":true,"href":"https:\/\/mouldking.store\/hu\/wp-json\/wp\/v2\/comments?post=20614"}],"wp:featuredmedia":[{"embeddable":true,"href":"https:\/\/mouldking.store\/hu\/wp-json\/wp\/v2\/media\/20612"}],"wp:attachment":[{"href":"https:\/\/mouldking.store\/hu\/wp-json\/wp\/v2\/media?parent=20614"}],"wp:term":[{"taxonomy":"product_cat","embeddable":true,"href":"https:\/\/mouldking.store\/hu\/wp-json\/wp\/v2\/product_cat?post=20614"},{"taxonomy":"product_tag","embeddable":true,"href":"https:\/\/mouldking.store\/hu\/wp-json\/wp\/v2\/product_tag?post=20614"}],"curies":[{"name":"wp","href":"https:\/\/api.w.org\/{rel}","templated":true}]}}