{"id":20624,"date":"2021-10-09T04:53:35","date_gmt":"2021-10-08T21:53:35","guid":{"rendered":"https:\/\/mouldking.store\/shop\/moc-90013-architecture-of-italy-moc-factory\/"},"modified":"2025-12-25T09:25:00","modified_gmt":"2025-12-25T02:25:00","slug":"moc-90013-architecture-of-italy-moc-factory","status":"publish","type":"product","link":"https:\/\/mouldking.store\/hu\/shop\/moc-90013-architecture-of-italy-moc-factory\/","title":{"rendered":"MOC 90013 Olaszorsz\u00e1g \u00e9p\u00edt\u00e9szete MOC FACTORY"},"content":{"rendered":"<p>Abban az esetben, ha valaha is j\u00e1rt R\u00f3m\u00e1ban, a \u201eR\u00f3m\u00e1ban egy nap alatt nem dolgoztak\u201d megfogalmaz\u00e1s eg\u00e9szen m\u00e1s jelent\u0151s\u00e9get kap. Egy pillant\u00e1s a diz\u00e1jnra az eg\u00e9sz v\u00e1rosban, eg\u00e9sz Olaszorsz\u00e1gban, \u00e9s \u00e9szreveheti, hogy mi\u00e9rt volt tart\u00f3s hat\u00e1sa a tervez\u00e9sre szerte a vil\u00e1gon. Ez a szerkezet kifog\u00e1stalanul t\u00fckr\u00f6zi az olasz design vonzerej\u00e9t.<\/p>\n<p><img fetchpriority=\"high\" decoding=\"async\" class=\"alignnone size-full wp-image-194520\" src=\"https:\/\/pay.lpwstore.com\/wp-content\/uploads\/2020\/08\/New-Project-2020-08-04T214048.763.png\" alt=\"MOC 90013 Architecture of Italy MOC FACTORY\" width=\"800\" height=\"800\" title=\"-\"><\/p>","protected":false},"excerpt":{"rendered":"<ul>\n<li>Tartalmazza\u00a0<strong>3365+<\/strong>\u00a0db<\/li>\n<li>PDF oktat\u00f3k\u00f6nyv<\/li>\n<li>Kiv\u00e1l\u00f3 min\u0151s\u00e9g\u0171 ABS blokk<\/li>\n<\/ul>","protected":false},"featured_media":20623,"comment_status":"open","ping_status":"closed","template":"","meta":{"_acf_changed":false},"product_cat":[15],"product_tag":[],"class_list":["product","first","instock","shipping-taxable","purchasable","product-type-simple"],"acf":[],"_links":{"self":[{"href":"https:\/\/mouldking.store\/hu\/wp-json\/wp\/v2\/product\/20624","targetHints":{"allow":["GET"]}}],"collection":[{"href":"https:\/\/mouldking.store\/hu\/wp-json\/wp\/v2\/product"}],"about":[{"href":"https:\/\/mouldking.store\/hu\/wp-json\/wp\/v2\/types\/product"}],"replies":[{"embeddable":true,"href":"https:\/\/mouldking.store\/hu\/wp-json\/wp\/v2\/comments?post=20624"}],"wp:featuredmedia":[{"embeddable":true,"href":"https:\/\/mouldking.store\/hu\/wp-json\/wp\/v2\/media\/20623"}],"wp:attachment":[{"href":"https:\/\/mouldking.store\/hu\/wp-json\/wp\/v2\/media?parent=20624"}],"wp:term":[{"taxonomy":"product_cat","embeddable":true,"href":"https:\/\/mouldking.store\/hu\/wp-json\/wp\/v2\/product_cat?post=20624"},{"taxonomy":"product_tag","embeddable":true,"href":"https:\/\/mouldking.store\/hu\/wp-json\/wp\/v2\/product_tag?post=20624"}],"curies":[{"name":"wp","href":"https:\/\/api.w.org\/{rel}","templated":true}]}}