{"id":20663,"date":"2021-10-09T04:54:16","date_gmt":"2021-10-09T04:54:16","guid":{"rendered":"https:\/\/mouldking.store\/shop\/moc-20352-droid-platoon-attack-craft-star-wars-by-empirebricks-moc-factory\/"},"modified":"2025-12-25T09:24:58","modified_gmt":"2025-12-25T02:24:58","slug":"moc-20352-droid-platoon-attack-craft-star-wars-by-empirebricks-moc-factory","status":"publish","type":"product","link":"https:\/\/mouldking.store\/hu\/shop\/moc-20352-droid-platoon-attack-craft-star-wars-by-empirebricks-moc-factory\/","title":{"rendered":"MOC-20352 Droid Platoon Attack Craft Star Wars, EmpireBricks MOC FACTORY"},"content":{"rendered":"<p>A custom form of the Droid Platoon Attack Craft. Used to move huge quantities of Battle Droids to the bleeding edges. An extraordinary model to store your Droid Army! This model highlights the accompanying:<\/p>\n<p>&#8211; 239 sections (no Battle Droids remembered for parts rundown or guidelines);<\/p>\n<p>&#8211; Holds 32 B1 Battle Droids;<\/p>\n<p>&#8211; Liftarms really overlap out;<\/p>\n<p>&#8211; Has little wheels to cause it &#8216;to drift&#8217;;<\/p>\n<figure id=\"attachment_203782\" aria-describedby=\"caption-attachment-203782\" style=\"width: 800px\" class=\"wp-caption aligncenter\"><a href=\"https:\/\/pay.lpwstore.com\/wp-content\/uploads\/2020\/08\/MOC-20352-Droid-Platoon-Attack-Craft-Star-Wars-by-EmpireBricks-MOC-FACTORY.jpg\" target=\"_blank\" rel=\"noopener\"><img fetchpriority=\"high\" decoding=\"async\" class=\"wp-image-203782 size-full\" title=\"MOC-20352 Droid Platoon Attack Craft Star Wars, EmpireBricks MOC FACTORY\" src=\"https:\/\/pay.lpwstore.com\/wp-content\/uploads\/2020\/08\/MOC-20352-Droid-Platoon-Attack-Craft-Star-Wars-by-EmpireBricks-MOC-FACTORY.jpg\" alt=\"MOC-20352 Droid Platoon Attack Craft Star Wars by EmpireBricks MOC FACTORY\" width=\"800\" height=\"800\" \/><\/a><figcaption id=\"caption-attachment-203782\" class=\"wp-caption-text\">MOC-20352 Droid Platoon Attack Craft Star Wars, EmpireBricks MOC FACTORY<\/figcaption><\/figure>","protected":false},"excerpt":{"rendered":"<ul>\n<li>Tartalmazza <strong>246+<\/strong>\u00a0db<\/li>\n<li>PDF oktat\u00f3k\u00f6nyv<\/li>\n<li>Kiv\u00e1l\u00f3 min\u0151s\u00e9g\u0171 ABS blokk<\/li>\n<\/ul>","protected":false},"featured_media":20662,"comment_status":"open","ping_status":"closed","template":"","meta":{"_acf_changed":false},"product_cat":[415],"product_tag":[],"class_list":["product","first","instock","shipping-taxable","purchasable","product-type-simple"],"acf":[],"_links":{"self":[{"href":"https:\/\/mouldking.store\/hu\/wp-json\/wp\/v2\/product\/20663","targetHints":{"allow":["GET"]}}],"collection":[{"href":"https:\/\/mouldking.store\/hu\/wp-json\/wp\/v2\/product"}],"about":[{"href":"https:\/\/mouldking.store\/hu\/wp-json\/wp\/v2\/types\/product"}],"replies":[{"embeddable":true,"href":"https:\/\/mouldking.store\/hu\/wp-json\/wp\/v2\/comments?post=20663"}],"wp:featuredmedia":[{"embeddable":true,"href":"https:\/\/mouldking.store\/hu\/wp-json\/wp\/v2\/media\/20662"}],"wp:attachment":[{"href":"https:\/\/mouldking.store\/hu\/wp-json\/wp\/v2\/media?parent=20663"}],"wp:term":[{"taxonomy":"product_cat","embeddable":true,"href":"https:\/\/mouldking.store\/hu\/wp-json\/wp\/v2\/product_cat?post=20663"},{"taxonomy":"product_tag","embeddable":true,"href":"https:\/\/mouldking.store\/hu\/wp-json\/wp\/v2\/product_tag?post=20663"}],"curies":[{"name":"wp","href":"https:\/\/api.w.org\/{rel}","templated":true}]}}