{"id":20706,"date":"2021-10-09T04:54:37","date_gmt":"2021-10-08T21:54:37","guid":{"rendered":"https:\/\/mouldking.store\/shop\/moc-34726-10220-i-am-a-rabbit-creator-by-keep-on-bricking-moc-factory\/"},"modified":"2025-12-25T09:24:57","modified_gmt":"2025-12-25T02:24:57","slug":"moc-34726-10220-i-am-a-rabbit-creator-by-keep-on-bricking-moc-factory","status":"publish","type":"product","link":"https:\/\/mouldking.store\/hu\/shop\/moc-34726-10220-i-am-a-rabbit-creator-by-keep-on-bricking-moc-factory\/","title":{"rendered":"MOC-34726 10220 Ny\u00fal alkot\u00f3 vagyok a Keep On Bricking MOC FACTORY c\u00e9gt\u0151l"},"content":{"rendered":"<p><b>MOC-34726 Creator 10220 I am a Rabbit Designer Keep On Bricking MOC FACTORY\u00a0 <\/b><span style=\"font-weight: 400\">713 darabot tartalmaz, el\u0151sz\u00f6r 2020-ban adt\u00e1k ki. Ez a MOC-34736<\/span><span style=\"font-weight: 400\"> kateg\u00f3ri\u00e1ba tartozik, \u00e9s PDF-utas\u00edt\u00e1ssal \u00e9rkezik, amelyet k\u00f6nny\u0171 \u00f6ssze\u00e1ll\u00edtani \u00e9s megtal\u00e1lni a hi\u00e1nyz\u00f3 darabokat.<\/span><\/p>\n<p>Id\u0151beoszt\u00e1s: 4-8 h\u00e9t<\/p>\n<figure id=\"attachment_27260\" aria-describedby=\"caption-attachment-27260\" style=\"width: 800px\" class=\"wp-caption aligncenter\"><img fetchpriority=\"high\" decoding=\"async\" class=\"wp-image-27260 size-full\" src=\"https:\/\/mocfactory.com\/wp-content\/uploads\/2020\/12\/New-Project-2020-08-18T162135.207-1.png\" alt=\"MOC-34726 Creator 10220 I am a Rabbit Designer Keep On Bricking MOC FACTORY\" width=\"800\" height=\"800\" title=\"-\"><figcaption id=\"caption-attachment-27260\" class=\"wp-caption-text\">MOC-34726 Creator 10220 I am a Rabbit Designer Keep On Bricking MOC FACTORY<\/figcaption><\/figure>\n<figure id=\"attachment_27261\" aria-describedby=\"caption-attachment-27261\" style=\"width: 800px\" class=\"wp-caption aligncenter\"><img decoding=\"async\" class=\"wp-image-27261 size-full\" src=\"https:\/\/mocfactory.com\/wp-content\/uploads\/2020\/12\/New-Project-2020-08-18T162155.447-1.png\" alt=\"MOC-34726 Creator 10220 I am a Rabbit Designer Keep On Bricking MOC FACTORY\" width=\"800\" height=\"800\" title=\"-\"><figcaption id=\"caption-attachment-27261\" class=\"wp-caption-text\">MOC-34726 Creator 10220 I am a Rabbit Designer Keep On Bricking MOC FACTORY<\/figcaption><\/figure>\n<figure id=\"attachment_27262\" aria-describedby=\"caption-attachment-27262\" style=\"width: 800px\" class=\"wp-caption aligncenter\"><img decoding=\"async\" class=\"wp-image-27262 size-full\" src=\"https:\/\/mocfactory.com\/wp-content\/uploads\/2020\/12\/New-Project-2020-08-18T162207.662-1.png\" alt=\"MOC-34726 Creator 10220 I am a Rabbit Designer Keep On Bricking MOC FACTORY\" width=\"800\" height=\"800\" title=\"-\"><figcaption id=\"caption-attachment-27262\" class=\"wp-caption-text\">MOC-34726 Creator 10220 I am a Rabbit Designer Keep On Bricking MOC FACTORY<\/figcaption><\/figure>\n<figure id=\"attachment_27263\" aria-describedby=\"caption-attachment-27263\" style=\"width: 800px\" class=\"wp-caption aligncenter\"><img loading=\"lazy\" decoding=\"async\" class=\"wp-image-27263 size-full\" src=\"https:\/\/mocfactory.com\/wp-content\/uploads\/2020\/12\/New-Project-2020-08-18T162222.704-1.png\" alt=\"MOC-34726 Creator 10220 I am a Rabbit Designer Keep On Bricking MOC FACTORY\" width=\"800\" height=\"800\" title=\"-\"><figcaption id=\"caption-attachment-27263\" class=\"wp-caption-text\">MOC-34726 Creator 10220 I am a Rabbit Designer Keep On Bricking MOC FACTORY<\/figcaption><\/figure>\n<p>&nbsp;<\/p>","protected":false},"excerpt":{"rendered":"<ul>\n<li>Tartalmazza\u00a0<strong>713+<\/strong>\u00a0db<\/li>\n<li>Online PDF oktat\u00e1s<\/li>\n<li>Kiv\u00e1l\u00f3 min\u0151s\u00e9g\u0171 ABS blokk<\/li>\n<\/ul>","protected":false},"featured_media":20702,"comment_status":"open","ping_status":"closed","template":"","meta":{"_acf_changed":false},"product_cat":[371],"product_tag":[],"class_list":["product","first","instock","shipping-taxable","purchasable","product-type-simple"],"acf":[],"_links":{"self":[{"href":"https:\/\/mouldking.store\/hu\/wp-json\/wp\/v2\/product\/20706","targetHints":{"allow":["GET"]}}],"collection":[{"href":"https:\/\/mouldking.store\/hu\/wp-json\/wp\/v2\/product"}],"about":[{"href":"https:\/\/mouldking.store\/hu\/wp-json\/wp\/v2\/types\/product"}],"replies":[{"embeddable":true,"href":"https:\/\/mouldking.store\/hu\/wp-json\/wp\/v2\/comments?post=20706"}],"wp:featuredmedia":[{"embeddable":true,"href":"https:\/\/mouldking.store\/hu\/wp-json\/wp\/v2\/media\/20702"}],"wp:attachment":[{"href":"https:\/\/mouldking.store\/hu\/wp-json\/wp\/v2\/media?parent=20706"}],"wp:term":[{"taxonomy":"product_cat","embeddable":true,"href":"https:\/\/mouldking.store\/hu\/wp-json\/wp\/v2\/product_cat?post=20706"},{"taxonomy":"product_tag","embeddable":true,"href":"https:\/\/mouldking.store\/hu\/wp-json\/wp\/v2\/product_tag?post=20706"}],"curies":[{"name":"wp","href":"https:\/\/api.w.org\/{rel}","templated":true}]}}