{"id":20719,"date":"2021-10-09T04:54:44","date_gmt":"2021-10-08T21:54:44","guid":{"rendered":"https:\/\/mouldking.store\/shop\/moc-47595-bad-batch-lego-art-mosaic-hunter-star-war-by-lego_marvel_skylines-moc-factory\/"},"modified":"2025-12-25T09:24:50","modified_gmt":"2025-12-25T02:24:50","slug":"moc-47595-bad-batch-lego-art-mosaic-hunter-star-war-by-lego_marvel_skylines-moc-factory","status":"publish","type":"product","link":"https:\/\/mouldking.store\/hu\/shop\/moc-47595-bad-batch-lego-art-mosaic-hunter-star-war-by-lego_marvel_skylines-moc-factory\/","title":{"rendered":"MOC-47595 Bad Batch LEGO Art Mosaic &#8211; Hunter Star War by lego_marvel_skylines MOC FACTORY"},"content":{"rendered":"<p>Bad Batch mosaic of Hunter, in view of the new LEGO Art topic, and out of appreciation for the declaration of the new Bad Batch show coming in 2021.<\/p>\n<p><img fetchpriority=\"high\" decoding=\"async\" class=\"alignnone size-full wp-image-194921\" src=\"https:\/\/pay.lpwstore.com\/wp-content\/uploads\/2020\/08\/New-Project-2020-08-18T164955.565.png\" alt=\"MOC-47595 Bad Batch LEGO Art Mosaic - Hunter Star War by lego_marvel_skylines MOC FACTORY\" width=\"800\" height=\"800\" title=\"-\"><\/p>","protected":false},"excerpt":{"rendered":"<ul>\n<li>Tartalmazza\u00a0<strong>2386+<\/strong>\u00a0db<\/li>\n<li>Online PDF oktat\u00e1s<\/li>\n<li>Kiv\u00e1l\u00f3 min\u0151s\u00e9g\u0171 ABS blokk<\/li>\n<\/ul>","protected":false},"featured_media":20718,"comment_status":"open","ping_status":"closed","template":"","meta":{"_acf_changed":false},"product_cat":[15],"product_tag":[],"class_list":["product","first","instock","shipping-taxable","purchasable","product-type-simple"],"acf":[],"_links":{"self":[{"href":"https:\/\/mouldking.store\/hu\/wp-json\/wp\/v2\/product\/20719","targetHints":{"allow":["GET"]}}],"collection":[{"href":"https:\/\/mouldking.store\/hu\/wp-json\/wp\/v2\/product"}],"about":[{"href":"https:\/\/mouldking.store\/hu\/wp-json\/wp\/v2\/types\/product"}],"replies":[{"embeddable":true,"href":"https:\/\/mouldking.store\/hu\/wp-json\/wp\/v2\/comments?post=20719"}],"wp:featuredmedia":[{"embeddable":true,"href":"https:\/\/mouldking.store\/hu\/wp-json\/wp\/v2\/media\/20718"}],"wp:attachment":[{"href":"https:\/\/mouldking.store\/hu\/wp-json\/wp\/v2\/media?parent=20719"}],"wp:term":[{"taxonomy":"product_cat","embeddable":true,"href":"https:\/\/mouldking.store\/hu\/wp-json\/wp\/v2\/product_cat?post=20719"},{"taxonomy":"product_tag","embeddable":true,"href":"https:\/\/mouldking.store\/hu\/wp-json\/wp\/v2\/product_tag?post=20719"}],"curies":[{"name":"wp","href":"https:\/\/api.w.org\/{rel}","templated":true}]}}