{"id":20724,"date":"2021-10-09T04:54:46","date_gmt":"2021-10-09T04:54:46","guid":{"rendered":"https:\/\/mouldking.store\/shop\/moc-27435-all-terrain-scout-transport-star-war-by-kbd-design-moc-factory\/"},"modified":"2025-12-25T09:24:50","modified_gmt":"2025-12-25T02:24:50","slug":"moc-27435-all-terrain-scout-transport-star-war-by-kbd-design-moc-factory","status":"publish","type":"product","link":"https:\/\/mouldking.store\/hu\/shop\/moc-27435-all-terrain-scout-transport-star-war-by-kbd-design-moc-factory\/","title":{"rendered":"MOC-27435 All Terrain Scout Transport Star War by KBD Design MOC FACTORY"},"content":{"rendered":"<p>Az All Terrain Scout Transport (AT-ST) egy k\u00f6nny\u0171 k\u00e9tl\u00e1b\u00fa csataj\u00e1r\u00f3 k\u00f6nny\u0171 ikerl\u00f6v\u0151 \u00e1gy\u00fakkal \u00e9s az orc\u00e1ra szerelt robban\u00f3vet\u0151vel, valamint az \u00e1llkapcs\u00e1ra er\u0151s\u00edtett ikerl\u00f6v\u0151 fegyverekkel. A modell 114 mm (4,49 h\u00fcvelyk) termet\u0171, 1:80 m\u00e9retar\u00e1ny\u00fa, ellent\u00e9tben a st\u00fadi\u00f3modellel, \u00e9s 123 t\u00f6mbb\u0151l \u00e1ll.<\/p>\n<p><img fetchpriority=\"high\" decoding=\"async\" class=\"alignnone size-full wp-image-194929\" src=\"https:\/\/pay.lpwstore.com\/wp-content\/uploads\/2020\/08\/New-Project-2020-08-18T170049.704.png\" alt=\"MOC-27435 All Terrain Scout Transport Star War by KBD Design MOC FACTORY\" width=\"800\" height=\"800\" title=\"-\"> <img decoding=\"async\" class=\"alignnone size-full wp-image-194928\" src=\"https:\/\/pay.lpwstore.com\/wp-content\/uploads\/2020\/08\/New-Project-2020-08-18T170104.640.png\" alt=\"-\" width=\"800\" height=\"800\" title=\"-\"> <img decoding=\"async\" class=\"alignnone size-full wp-image-194927\" src=\"https:\/\/pay.lpwstore.com\/wp-content\/uploads\/2020\/08\/New-Project-2020-08-18T170124.184.png\" alt=\"-\" width=\"800\" height=\"800\" title=\"-\"> <img loading=\"lazy\" decoding=\"async\" class=\"alignnone size-full wp-image-194926\" src=\"https:\/\/pay.lpwstore.com\/wp-content\/uploads\/2020\/08\/New-Project-2020-08-18T170134.974.png\" alt=\"MOC-27435 All Terrain Scout Transport Star War by KBD Design MOC FACTORY\" width=\"800\" height=\"800\" title=\"-\"><\/p>","protected":false},"excerpt":{"rendered":"<ul>\n<li>Tartalmazza\u00a0<strong>125+<\/strong>\u00a0db<\/li>\n<li>Online PDF oktat\u00e1s<\/li>\n<li>Kiv\u00e1l\u00f3 min\u0151s\u00e9g\u0171 ABS blokk<\/li>\n<\/ul>","protected":false},"featured_media":20720,"comment_status":"open","ping_status":"closed","template":"","meta":{"_acf_changed":false},"product_cat":[15],"product_tag":[],"class_list":["product","first","instock","shipping-taxable","purchasable","product-type-simple"],"acf":[],"_links":{"self":[{"href":"https:\/\/mouldking.store\/hu\/wp-json\/wp\/v2\/product\/20724","targetHints":{"allow":["GET"]}}],"collection":[{"href":"https:\/\/mouldking.store\/hu\/wp-json\/wp\/v2\/product"}],"about":[{"href":"https:\/\/mouldking.store\/hu\/wp-json\/wp\/v2\/types\/product"}],"replies":[{"embeddable":true,"href":"https:\/\/mouldking.store\/hu\/wp-json\/wp\/v2\/comments?post=20724"}],"wp:featuredmedia":[{"embeddable":true,"href":"https:\/\/mouldking.store\/hu\/wp-json\/wp\/v2\/media\/20720"}],"wp:attachment":[{"href":"https:\/\/mouldking.store\/hu\/wp-json\/wp\/v2\/media?parent=20724"}],"wp:term":[{"taxonomy":"product_cat","embeddable":true,"href":"https:\/\/mouldking.store\/hu\/wp-json\/wp\/v2\/product_cat?post=20724"},{"taxonomy":"product_tag","embeddable":true,"href":"https:\/\/mouldking.store\/hu\/wp-json\/wp\/v2\/product_tag?post=20724"}],"curies":[{"name":"wp","href":"https:\/\/api.w.org\/{rel}","templated":true}]}}