{"id":20752,"date":"2021-10-09T04:55:31","date_gmt":"2021-10-08T21:55:31","guid":{"rendered":"https:\/\/mouldking.store\/shop\/moc-29902-1930-chevy-pickup-truck-car-by-johnni-d-moc-factory\/"},"modified":"2025-12-25T09:24:49","modified_gmt":"2025-12-25T02:24:49","slug":"moc-29902-1930-chevy-pickup-truck-car-by-johnni-d-moc-factory","status":"publish","type":"product","link":"https:\/\/mouldking.store\/hu\/shop\/moc-29902-1930-chevy-pickup-truck-car-by-johnni-d-moc-factory\/","title":{"rendered":"MOC-29902 1930 CHEVY PICKUP TRUCK Johnni D MOC FACTORY aut\u00f3ja"},"content":{"rendered":"<ul>\n<li>Term\u00e9k m\u00e1rka: MOC FACTORY<\/li>\n<li>Product code: MOC-29902<\/li>\n<li>Product name: 1930 CHEVY PICKUP TRUCK<\/li>\n<\/ul>\n<p><img fetchpriority=\"high\" decoding=\"async\" class=\"alignnone size-full wp-image-194978\" src=\"https:\/\/pay.lpwstore.com\/wp-content\/uploads\/2020\/08\/New-Project-2020-08-19T090116.659.png\" alt=\"MOC-29902 1930 CHEVY PICKUP TRUCK Car by Johnni D MOC FACTORY\" width=\"800\" height=\"800\" title=\"-\"><\/p>","protected":false},"excerpt":{"rendered":"<ul>\n<li>Tartalmazza\u00a0<strong>161+<\/strong>\u00a0db<\/li>\n<li>Online PDF oktat\u00e1s<\/li>\n<li>Kiv\u00e1l\u00f3 min\u0151s\u00e9g\u0171 ABS blokk<\/li>\n<\/ul>","protected":false},"featured_media":20751,"comment_status":"open","ping_status":"closed","template":"","meta":{"_acf_changed":false},"product_cat":[364],"product_tag":[],"class_list":["product","first","outofstock","shipping-taxable","purchasable","product-type-simple"],"acf":[],"_links":{"self":[{"href":"https:\/\/mouldking.store\/hu\/wp-json\/wp\/v2\/product\/20752","targetHints":{"allow":["GET"]}}],"collection":[{"href":"https:\/\/mouldking.store\/hu\/wp-json\/wp\/v2\/product"}],"about":[{"href":"https:\/\/mouldking.store\/hu\/wp-json\/wp\/v2\/types\/product"}],"replies":[{"embeddable":true,"href":"https:\/\/mouldking.store\/hu\/wp-json\/wp\/v2\/comments?post=20752"}],"wp:featuredmedia":[{"embeddable":true,"href":"https:\/\/mouldking.store\/hu\/wp-json\/wp\/v2\/media\/20751"}],"wp:attachment":[{"href":"https:\/\/mouldking.store\/hu\/wp-json\/wp\/v2\/media?parent=20752"}],"wp:term":[{"taxonomy":"product_cat","embeddable":true,"href":"https:\/\/mouldking.store\/hu\/wp-json\/wp\/v2\/product_cat?post=20752"},{"taxonomy":"product_tag","embeddable":true,"href":"https:\/\/mouldking.store\/hu\/wp-json\/wp\/v2\/product_tag?post=20752"}],"curies":[{"name":"wp","href":"https:\/\/api.w.org\/{rel}","templated":true}]}}