{"id":20788,"date":"2021-10-09T04:56:01","date_gmt":"2021-10-08T21:56:01","guid":{"rendered":"https:\/\/mouldking.store\/shop\/moc-32053-mauls-gauntlet-fighter-star-war-by-edge-of-bricks-moc-factory\/"},"modified":"2025-12-25T09:24:48","modified_gmt":"2025-12-25T02:24:48","slug":"moc-32053-mauls-gauntlet-fighter-star-war-by-edge-of-bricks-moc-factory","status":"publish","type":"product","link":"https:\/\/mouldking.store\/hu\/shop\/moc-32053-mauls-gauntlet-fighter-star-war-by-edge-of-bricks-moc-factory\/","title":{"rendered":"MOC-32053 Maul&#039;s Gauntlet Fighter Star War, EDGE OF BICKS MOC FACTORY"},"content":{"rendered":"<p>A Kom&#039;rk-oszt\u00e1ly\u00fa vad\u00e1szg\u00e9p, m\u00e1s n\u00e9ven Gauntlet csillagvad\u00e1sz, egyfajta csillagvad\u00e1sz \u00e9s csapatsz\u00e1ll\u00edt\u00f3 volt, amelyet a Death Watch n\u00e9ven ismert mandalori sz\u00e1lkacsoport haszn\u00e1lt a kl\u00f3nok h\u00e1bor\u00faja sor\u00e1n. A versenyz\u0151ket a Death Watch \u00fatt\u00f6r\u0151je, Pre Vizsla l\u00e9p\u00e9s\u00e9nek f\u0151 szempontjak\u00e9nt haszn\u00e1lt\u00e1k fel, hogy v\u00e9get vessenek Satine Kryze konzervat\u00edv mandalore-i sz\u00ednvonal\u00e1nak, \u00e9s vissza\u00e1ll\u00edts\u00e1k a mandaloriak kor\u00e1bbi harcos m\u00faltj\u00e1t.<\/p>\n<p>Ezeket a cs\u00f3nakokat k\u00e9s\u0151bb a Maul&#039;s Shadow Collective fegyveres ereje haszn\u00e1lta a Zanbaron, az Ord Mantell-en \u00e9s a Vizsla Keep 09-en v\u00edvott harcok sor\u00e1n. Maul mindegyik harc sor\u00e1n egy Nightbrother nev\u0171 keszty\u0171s versenyz\u0151t haszn\u00e1lt, piros \u00e9s s\u00f6t\u00e9t sz\u00edn\u0171, szemben a h\u00e9tk\u00f6znapi feh\u00e9rrel. \u00e9s k\u00e9k \u00e1rny\u00e9kol\u00e1s.<\/p>\n<p><img fetchpriority=\"high\" decoding=\"async\" class=\"alignnone size-full wp-image-195025\" src=\"https:\/\/pay.lpwstore.com\/wp-content\/uploads\/2020\/08\/New-Project-2020-08-19T103026.268.png\" alt=\"MOC-32053 Maul&#039;s Gauntlet Fighter Star War by EDGE OF BRICKS MOC FACTORY\" width=\"800\" height=\"800\" title=\"-\"><\/p>","protected":false},"excerpt":{"rendered":"<ul>\n<li>Tartalmazza\u00a0<strong>735+<\/strong>\u00a0db<\/li>\n<li>Online PDF oktat\u00e1s<\/li>\n<li>Kiv\u00e1l\u00f3 min\u0151s\u00e9g\u0171 ABS blokk<\/li>\n<\/ul>","protected":false},"featured_media":20787,"comment_status":"open","ping_status":"closed","template":"","meta":{"_acf_changed":false},"product_cat":[15],"product_tag":[],"class_list":["product","first","instock","shipping-taxable","purchasable","product-type-simple"],"acf":[],"_links":{"self":[{"href":"https:\/\/mouldking.store\/hu\/wp-json\/wp\/v2\/product\/20788","targetHints":{"allow":["GET"]}}],"collection":[{"href":"https:\/\/mouldking.store\/hu\/wp-json\/wp\/v2\/product"}],"about":[{"href":"https:\/\/mouldking.store\/hu\/wp-json\/wp\/v2\/types\/product"}],"replies":[{"embeddable":true,"href":"https:\/\/mouldking.store\/hu\/wp-json\/wp\/v2\/comments?post=20788"}],"wp:featuredmedia":[{"embeddable":true,"href":"https:\/\/mouldking.store\/hu\/wp-json\/wp\/v2\/media\/20787"}],"wp:attachment":[{"href":"https:\/\/mouldking.store\/hu\/wp-json\/wp\/v2\/media?parent=20788"}],"wp:term":[{"taxonomy":"product_cat","embeddable":true,"href":"https:\/\/mouldking.store\/hu\/wp-json\/wp\/v2\/product_cat?post=20788"},{"taxonomy":"product_tag","embeddable":true,"href":"https:\/\/mouldking.store\/hu\/wp-json\/wp\/v2\/product_tag?post=20788"}],"curies":[{"name":"wp","href":"https:\/\/api.w.org\/{rel}","templated":true}]}}