{"id":20814,"date":"2021-10-09T04:56:17","date_gmt":"2021-10-08T21:56:17","guid":{"rendered":"https:\/\/mouldking.store\/shop\/moc-29408-bismarck-super-construction-vehicle-by-bismarck-moc-factory\/"},"modified":"2025-12-25T09:24:48","modified_gmt":"2025-12-25T02:24:48","slug":"moc-29408-bismarck-super-construction-vehicle-by-bismarck-moc-factory","status":"publish","type":"product","link":"https:\/\/mouldking.store\/hu\/shop\/moc-29408-bismarck-super-construction-vehicle-by-bismarck-moc-factory\/","title":{"rendered":"MOC-29408 Bismarck Super Construction Vehicle, Bismarck MOC FACTORY"},"content":{"rendered":"<p>A Bismarck m\u00e9retar\u00e1ny\u00fa modellje 1:200. A modell a haj\u00f3t \u00fagy \u00e1br\u00e1zolja, ahogyan az a Balti-tengeren v\u00e9gzett \u00f3ce\u00e1ni el\u0151futamok sor\u00e1n n\u00e9zett ki, miel\u0151tt 1941 m\u00e1jus\u00e1ban elhagyta Gotenhafent a Prince Eugen cirk\u00e1l\u00f3val egy\u00fctt az \u201eUnternehmen Rhein\u00fcbung\u201d-ra. Atlanti.<\/p>\n<p>A modell 125 cm hossz\u00fa, 18 cm sz\u00e9les \u00e9s k\u00f6r\u00fclbel\u00fcl 31 cm magas. Az alap\u00e1gy\u00fak cs\u00facsai, a k\u00f6z\u00e9pre szerelt l\u00f6vegek \u00e9s a rep\u00fcl\u0151g\u00e9pek mindent els\u00f6pr\u0151 ellens\u00e9ge teljesen forgathat\u00f3 \u00e9s \u00e1ll\u00edthat\u00f3 magass\u00e1g\u00fa.<\/p>\n<p><img fetchpriority=\"high\" decoding=\"async\" class=\"alignnone size-full wp-image-195085\" src=\"https:\/\/pay.lpwstore.com\/wp-content\/uploads\/2020\/08\/New-Project-2020-08-21T095414.566.png\" alt=\"MOC-29408 Bismarck Super Construction Vehicle by rad0lf MOC FACTORY\" width=\"800\" height=\"800\" title=\"-\"> <img decoding=\"async\" class=\"alignnone size-full wp-image-195084\" src=\"https:\/\/pay.lpwstore.com\/wp-content\/uploads\/2020\/08\/New-Project-2020-08-21T095437.792.png\" alt=\"MOC-29408 Bismarck Super Construction Vehicle by rad0lf MOC FACTORY\" width=\"800\" height=\"800\" title=\"-\"> <img decoding=\"async\" class=\"alignnone size-full wp-image-195083\" src=\"https:\/\/pay.lpwstore.com\/wp-content\/uploads\/2020\/08\/New-Project-2020-08-21T095512.039.png\" alt=\"MOC-29408 Bismarck Super Construction Vehicle by rad0lf MOC FACTORY\" width=\"800\" height=\"800\" title=\"-\"><\/p>","protected":false},"excerpt":{"rendered":"<ul>\n<li>Tartalmazza\u00a0<strong>7164+<\/strong>\u00a0db<\/li>\n<li>PDF oktat\u00f3k\u00f6nyv<\/li>\n<li>Kiv\u00e1l\u00f3 min\u0151s\u00e9g\u0171 ABS blokk<\/li>\n<\/ul>","protected":false},"featured_media":20811,"comment_status":"open","ping_status":"closed","template":"","meta":{"_acf_changed":false},"product_cat":[15],"product_tag":[],"class_list":["product","first","instock","shipping-taxable","purchasable","product-type-simple"],"acf":[],"_links":{"self":[{"href":"https:\/\/mouldking.store\/hu\/wp-json\/wp\/v2\/product\/20814","targetHints":{"allow":["GET"]}}],"collection":[{"href":"https:\/\/mouldking.store\/hu\/wp-json\/wp\/v2\/product"}],"about":[{"href":"https:\/\/mouldking.store\/hu\/wp-json\/wp\/v2\/types\/product"}],"replies":[{"embeddable":true,"href":"https:\/\/mouldking.store\/hu\/wp-json\/wp\/v2\/comments?post=20814"}],"wp:featuredmedia":[{"embeddable":true,"href":"https:\/\/mouldking.store\/hu\/wp-json\/wp\/v2\/media\/20811"}],"wp:attachment":[{"href":"https:\/\/mouldking.store\/hu\/wp-json\/wp\/v2\/media?parent=20814"}],"wp:term":[{"taxonomy":"product_cat","embeddable":true,"href":"https:\/\/mouldking.store\/hu\/wp-json\/wp\/v2\/product_cat?post=20814"},{"taxonomy":"product_tag","embeddable":true,"href":"https:\/\/mouldking.store\/hu\/wp-json\/wp\/v2\/product_tag?post=20814"}],"curies":[{"name":"wp","href":"https:\/\/api.w.org\/{rel}","templated":true}]}}