{"id":20831,"date":"2021-10-09T04:56:26","date_gmt":"2021-10-08T21:56:26","guid":{"rendered":"https:\/\/mouldking.store\/shop\/moc-15858-the-music-club-inverted-corner-modular-building-by-huaojozu-moc-factory\/"},"modified":"2025-12-25T09:24:47","modified_gmt":"2025-12-25T02:24:47","slug":"moc-15858-the-music-club-inverted-corner-modular-building-by-huaojozu-moc-factory","status":"publish","type":"product","link":"https:\/\/mouldking.store\/hu\/shop\/moc-15858-the-music-club-inverted-corner-modular-building-by-huaojozu-moc-factory\/","title":{"rendered":"MOC-15858 A Music Club ford\u00edtott sarok modul\u00e1ris \u00e9p\u00fclete, Huaojozu MOC FACTORY"},"content":{"rendered":"<div>A f\u0151 emeleten tal\u00e1lhat\u00f3 a sz\u00ednpad \u00e9s n\u00e9mi mozg\u00e1st\u00e9r a rajong\u00f3k sz\u00e1m\u00e1ra, ak\u00e1r zeneg\u00e9pk\u00e9nt, amikor nincs \u00e9l\u0151 el\u0151ad\u00e1s, \u00e9s k\u00e9t-h\u00e1rom asztalon le lehet tenni az italt. Az italokr\u00f3l besz\u00e9lve felfedezheti a k\u00f6vetkez\u0151 emeleten a b\u00e1rt, ahol egy alternat\u00edv kiv\u00e9gz\u00e9s t\u00f6rt\u00e9nik. M\u00f3dos\u00edtsa fel\u00fclr\u0151l a hatalmas f\u00e9nyelrendez\u00e9st, vagy l\u00e9nyeg\u00e9ben \u00e9lvezze az \u00e9l\u0151 show erej\u00e9t egy kellemes n\u00e9z\u0151pontb\u00f3l.<\/div>\n<div><\/div>\n<div>V\u00e9gre egy pontr\u00f3l pontra bel\u00fcl fogad a harmadik emeleten, teljesen felszerelt mosd\u00f3val, nappalival, konyh\u00e1val \u00e9s egy szob\u00e1val. Az els\u0151 bej\u00e1ratn\u00e1l ezen k\u00edv\u00fcl egy hinta is tal\u00e1lhat\u00f3 a gyerekek sz\u00e1m\u00e1ra!<\/div>\n<div><\/div>\n<div><img fetchpriority=\"high\" decoding=\"async\" class=\"alignnone size-full wp-image-195182\" src=\"https:\/\/pay.lpwstore.com\/wp-content\/uploads\/2020\/08\/New-Project-2020-08-24T160507.079.png\" alt=\"MOC-15858 The Music Club Inverted Corner Modular Building by Huaojozu MOC FACTORY\" width=\"800\" height=\"800\" title=\"-\"> <img decoding=\"async\" class=\"alignnone size-full wp-image-195181\" src=\"https:\/\/pay.lpwstore.com\/wp-content\/uploads\/2020\/08\/New-Project-2020-08-24T160538.432.png\" alt=\"MOC-15858 The Music Club Inverted Corner Modular Building by Huaojozu MOC FACTORY\" width=\"800\" height=\"800\" title=\"-\"><\/div>","protected":false},"excerpt":{"rendered":"<ul>\n<li>Tartalmazza\u00a0<strong>3336+<\/strong>\u00a0db<\/li>\n<li>PDF oktat\u00f3k\u00f6nyv<\/li>\n<li>Kiv\u00e1l\u00f3 min\u0151s\u00e9g\u0171 ABS blokk<\/li>\n<\/ul>","protected":false},"featured_media":20829,"comment_status":"open","ping_status":"closed","template":"","meta":{"_acf_changed":false},"product_cat":[390],"product_tag":[],"class_list":["product","first","instock","shipping-taxable","purchasable","product-type-simple"],"acf":[],"_links":{"self":[{"href":"https:\/\/mouldking.store\/hu\/wp-json\/wp\/v2\/product\/20831","targetHints":{"allow":["GET"]}}],"collection":[{"href":"https:\/\/mouldking.store\/hu\/wp-json\/wp\/v2\/product"}],"about":[{"href":"https:\/\/mouldking.store\/hu\/wp-json\/wp\/v2\/types\/product"}],"replies":[{"embeddable":true,"href":"https:\/\/mouldking.store\/hu\/wp-json\/wp\/v2\/comments?post=20831"}],"wp:featuredmedia":[{"embeddable":true,"href":"https:\/\/mouldking.store\/hu\/wp-json\/wp\/v2\/media\/20829"}],"wp:attachment":[{"href":"https:\/\/mouldking.store\/hu\/wp-json\/wp\/v2\/media?parent=20831"}],"wp:term":[{"taxonomy":"product_cat","embeddable":true,"href":"https:\/\/mouldking.store\/hu\/wp-json\/wp\/v2\/product_cat?post=20831"},{"taxonomy":"product_tag","embeddable":true,"href":"https:\/\/mouldking.store\/hu\/wp-json\/wp\/v2\/product_tag?post=20831"}],"curies":[{"name":"wp","href":"https:\/\/api.w.org\/{rel}","templated":true}]}}