{"id":20835,"date":"2021-10-09T04:56:27","date_gmt":"2021-10-08T21:56:27","guid":{"rendered":"https:\/\/mouldking.store\/shop\/moc-8143-ucs-zeta-class-cargo-shuttle-star-wars-by-renegadeclone-moc-factory\/"},"modified":"2025-12-25T09:24:47","modified_gmt":"2025-12-25T02:24:47","slug":"moc-8143-ucs-zeta-class-cargo-shuttle-star-wars-by-renegadeclone-moc-factory","status":"publish","type":"product","link":"https:\/\/mouldking.store\/hu\/shop\/moc-8143-ucs-zeta-class-cargo-shuttle-star-wars-by-renegadeclone-moc-factory\/","title":{"rendered":"MOC-8143 UCS Zeta-class cargo shuttle Star Wars by RenegadeClone MOC FACTORY"},"content":{"rendered":"<p>Infiltrate the base on Scarif with the Zeta-class shuttle. This MOC of mine has a piece count of 4450, measuring\u00a070 x 56 x 38cm when completed.<\/p>\n<figure id=\"attachment_27392\" aria-describedby=\"caption-attachment-27392\" style=\"width: 800px\" class=\"wp-caption aligncenter\"><img fetchpriority=\"high\" decoding=\"async\" class=\"wp-image-27392 size-full\" src=\"https:\/\/mocfactory.com\/wp-content\/uploads\/2020\/12\/New-Project-2020-08-24T165750.861-1.png\" alt=\"MOC-8143 Star Wars UCS Zeta-class cargo shuttle Designer RenegadeClone MOC FACTORY\" width=\"800\" height=\"800\" title=\"-\"><figcaption id=\"caption-attachment-27392\" class=\"wp-caption-text\">MOC-8143 Star Wars UCS Zeta-class cargo shuttle Designer RenegadeClone MOC FACTORY<\/figcaption><\/figure>","protected":false},"excerpt":{"rendered":"<ul>\n<li>Tartalmazza\u00a0<strong>4450+<\/strong>\u00a0db<\/li>\n<li>PDF oktat\u00f3k\u00f6nyv<\/li>\n<li>Kiv\u00e1l\u00f3 min\u0151s\u00e9g\u0171 ABS blokk<\/li>\n<li>Rendel\u00e9si id\u0151: 4-8 h\u00e9t<\/li>\n<\/ul>","protected":false},"featured_media":20834,"comment_status":"open","ping_status":"closed","template":"","meta":{"_acf_changed":false},"product_cat":[415],"product_tag":[],"class_list":["product","first","instock","shipping-taxable","purchasable","product-type-simple"],"acf":[],"_links":{"self":[{"href":"https:\/\/mouldking.store\/hu\/wp-json\/wp\/v2\/product\/20835","targetHints":{"allow":["GET"]}}],"collection":[{"href":"https:\/\/mouldking.store\/hu\/wp-json\/wp\/v2\/product"}],"about":[{"href":"https:\/\/mouldking.store\/hu\/wp-json\/wp\/v2\/types\/product"}],"replies":[{"embeddable":true,"href":"https:\/\/mouldking.store\/hu\/wp-json\/wp\/v2\/comments?post=20835"}],"wp:featuredmedia":[{"embeddable":true,"href":"https:\/\/mouldking.store\/hu\/wp-json\/wp\/v2\/media\/20834"}],"wp:attachment":[{"href":"https:\/\/mouldking.store\/hu\/wp-json\/wp\/v2\/media?parent=20835"}],"wp:term":[{"taxonomy":"product_cat","embeddable":true,"href":"https:\/\/mouldking.store\/hu\/wp-json\/wp\/v2\/product_cat?post=20835"},{"taxonomy":"product_tag","embeddable":true,"href":"https:\/\/mouldking.store\/hu\/wp-json\/wp\/v2\/product_tag?post=20835"}],"curies":[{"name":"wp","href":"https:\/\/api.w.org\/{rel}","templated":true}]}}