{"id":20844,"date":"2021-10-09T04:56:34","date_gmt":"2021-10-08T21:56:34","guid":{"rendered":"https:\/\/mouldking.store\/shop\/moc-42308-42111-doms-charger-technic-by-efferman-moc-factory\/"},"modified":"2025-12-25T09:24:47","modified_gmt":"2025-12-25T02:24:47","slug":"moc-42308-42111-doms-charger-technic-by-efferman-moc-factory","status":"publish","type":"product","link":"https:\/\/mouldking.store\/hu\/shop\/moc-42308-42111-doms-charger-technic-by-efferman-moc-factory\/","title":{"rendered":"MOC-42308 42111 Dom t\u00f6lt\u0151 Technic, efferman MOC FACTORY"},"content":{"rendered":"<div>A m\u00f3dos\u00edt\u00e1sok a k\u00f6vetkez\u0151k:<\/div>\n<div><\/div>\n<div>1.) 2 szegecs, nagyobb tengelyt\u00e1v.<\/div>\n<div>2.) Cs\u00f6kkentett holtj\u00e1t\u00e9k a vez\u00e9rl\u0151 hangszerben.<\/div>\n<div>3.) M\u0171k\u00f6d\u0151 ir\u00e1ny\u00edt\u00f3ker\u00e9k.<\/div>\n<div>4.) Talajmozg\u00e1s a h\u00e1ts\u00f3 tengelyn\u00e9l.<\/div>\n<div>5.) Teljesen \u00e1tdolgozott karossz\u00e9ria. Jobb megjelen\u00e9s \u00e9s stabilabb kialak\u00edt\u00e1s.<\/div>\n<div>6.) v\u00e1ltozatos \u00f6szt\u00f6nz\u00e9s\u0171 ker\u00e9kb\u00e1r.<\/div>\n<div>7.) K\u00fcls\u0151 t\u00fck\u00f6r a vezet\u0151oldalon.<\/div>\n<div><\/div>\n<div>4 fekete 49093-as t\u0171 tal\u00e1lhat\u00f3 az alkatr\u00e9szlist\u00e1ban. Ezeket haszn\u00e1ljuk egy teljesen s\u00f6t\u00e9t test el\u00e9r\u00e9s\u00e9hez. V\u00e1laszd a k\u00e9ket, ha a feket\u00e9k t\u00fal dr\u00e1g\u00e1k.<\/div>\n<div><\/div>\n<div>A 10,4 cm-es merev t\u00f6ml\u0151 (75c13\/vil\u00e1gos k\u00e9kessz\u00fcrke) \u00fagy t\u0171nik, csak a 42111-es modellben l\u00e9tezik. Ha \u00d6n a 42111-es modell, ne hagyja figyelmen k\u00edv\u00fcl a sz\u00ednez\u00e9ssel kapcsolatos figyelmeztet\u00e9seket.<\/div>\n<div><\/div>\n<div><img fetchpriority=\"high\" decoding=\"async\" class=\"alignnone size-full wp-image-195196\" src=\"https:\/\/pay.lpwstore.com\/wp-content\/uploads\/2020\/08\/New-Project-2020-08-24T171036.835.png\" alt=\"MOC-42308 42111 Dom&#039;s charger Technic by efferman MOC FACTORY\" width=\"800\" height=\"800\" title=\"-\"> <img decoding=\"async\" class=\"alignnone size-full wp-image-195195\" src=\"https:\/\/pay.lpwstore.com\/wp-content\/uploads\/2020\/08\/New-Project-2020-08-24T171051.684.png\" alt=\"MOC-42308 42111 Dom&#039;s charger Technic by efferman MOC FACTORY\" width=\"800\" height=\"800\" title=\"-\"> <img decoding=\"async\" class=\"alignnone size-full wp-image-195194\" src=\"https:\/\/pay.lpwstore.com\/wp-content\/uploads\/2020\/08\/New-Project-2020-08-24T171108.444.png\" alt=\"MOC-42308 42111 Dom&#039;s charger Technic by efferman MOC FACTORY\" width=\"800\" height=\"800\" title=\"-\"><\/div>","protected":false},"excerpt":{"rendered":"<ul>\n<li>Tartalmazza&nbsp;<strong>1388+<\/strong>&nbsp;db<\/li>\n<li>PDF oktat\u00f3k\u00f6nyv<\/li>\n<li>Kiv\u00e1l\u00f3 min\u0151s\u00e9g\u0171 ABS blokk<\/li>\n<\/ul>","protected":false},"featured_media":20841,"comment_status":"open","ping_status":"closed","template":"","meta":{"_acf_changed":false},"product_cat":[364],"product_tag":[],"class_list":["product","first","instock","shipping-taxable","purchasable","product-type-simple"],"acf":[],"_links":{"self":[{"href":"https:\/\/mouldking.store\/hu\/wp-json\/wp\/v2\/product\/20844","targetHints":{"allow":["GET"]}}],"collection":[{"href":"https:\/\/mouldking.store\/hu\/wp-json\/wp\/v2\/product"}],"about":[{"href":"https:\/\/mouldking.store\/hu\/wp-json\/wp\/v2\/types\/product"}],"replies":[{"embeddable":true,"href":"https:\/\/mouldking.store\/hu\/wp-json\/wp\/v2\/comments?post=20844"}],"wp:featuredmedia":[{"embeddable":true,"href":"https:\/\/mouldking.store\/hu\/wp-json\/wp\/v2\/media\/20841"}],"wp:attachment":[{"href":"https:\/\/mouldking.store\/hu\/wp-json\/wp\/v2\/media?parent=20844"}],"wp:term":[{"taxonomy":"product_cat","embeddable":true,"href":"https:\/\/mouldking.store\/hu\/wp-json\/wp\/v2\/product_cat?post=20844"},{"taxonomy":"product_tag","embeddable":true,"href":"https:\/\/mouldking.store\/hu\/wp-json\/wp\/v2\/product_tag?post=20844"}],"curies":[{"name":"wp","href":"https:\/\/api.w.org\/{rel}","templated":true}]}}