{"id":20895,"date":"2021-10-09T04:57:53","date_gmt":"2021-10-09T04:57:53","guid":{"rendered":"https:\/\/mouldking.store\/shop\/moc-43545-tensegrity-enterprise-creator-by-moguntia-moc-factory\/"},"modified":"2025-12-25T09:24:24","modified_gmt":"2025-12-25T02:24:24","slug":"moc-43545-tensegrity-enterprise-creator-by-moguntia-moc-factory","status":"publish","type":"product","link":"https:\/\/mouldking.store\/hu\/shop\/moc-43545-tensegrity-enterprise-creator-by-moguntia-moc-factory\/","title":{"rendered":"MOC-43545 Tensegrity Enterprise Creator a Moguntia MOC FACTORY-t\u00f3l"},"content":{"rendered":"<p>One of the most famous spaceships ever is the NCC 1701 Enterprise. Furthermore, the state of the Enterprise realy fits what is required for a tensegrity flying spaceship.<\/p>\n<p><img fetchpriority=\"high\" decoding=\"async\" class=\"alignnone size-full wp-image-195622\" src=\"https:\/\/pay.lpwstore.com\/wp-content\/uploads\/2020\/09\/New-Project-2020-09-04T220813.542.png\" alt=\"MOC-43545 Tensegrity Enterprise Creator by Moguntia MOC FACTORY\" width=\"800\" height=\"800\" title=\"-\"><\/p>","protected":false},"excerpt":{"rendered":"<ul>\n<li>Tartalmazza\u00a0<strong>285+<\/strong>\u00a0db<\/li>\n<li>K\u00e9zi haszn\u00e1lati \u00fatmutat\u00f3<\/li>\n<li>Kiv\u00e1l\u00f3 min\u0151s\u00e9g\u0171 ABS blokk<\/li>\n<\/ul>","protected":false},"featured_media":20894,"comment_status":"open","ping_status":"closed","template":"","meta":{"_acf_changed":false},"product_cat":[371],"product_tag":[],"class_list":["product","first","instock","shipping-taxable","purchasable","product-type-simple"],"acf":[],"_links":{"self":[{"href":"https:\/\/mouldking.store\/hu\/wp-json\/wp\/v2\/product\/20895","targetHints":{"allow":["GET"]}}],"collection":[{"href":"https:\/\/mouldking.store\/hu\/wp-json\/wp\/v2\/product"}],"about":[{"href":"https:\/\/mouldking.store\/hu\/wp-json\/wp\/v2\/types\/product"}],"replies":[{"embeddable":true,"href":"https:\/\/mouldking.store\/hu\/wp-json\/wp\/v2\/comments?post=20895"}],"wp:featuredmedia":[{"embeddable":true,"href":"https:\/\/mouldking.store\/hu\/wp-json\/wp\/v2\/media\/20894"}],"wp:attachment":[{"href":"https:\/\/mouldking.store\/hu\/wp-json\/wp\/v2\/media?parent=20895"}],"wp:term":[{"taxonomy":"product_cat","embeddable":true,"href":"https:\/\/mouldking.store\/hu\/wp-json\/wp\/v2\/product_cat?post=20895"},{"taxonomy":"product_tag","embeddable":true,"href":"https:\/\/mouldking.store\/hu\/wp-json\/wp\/v2\/product_tag?post=20895"}],"curies":[{"name":"wp","href":"https:\/\/api.w.org\/{rel}","templated":true}]}}