{"id":20899,"date":"2021-10-09T04:57:55","date_gmt":"2021-10-09T04:57:55","guid":{"rendered":"https:\/\/mouldking.store\/shop\/moc-36035-swing-ride-creator-by-tkel86-moc-factory\/"},"modified":"2025-12-25T09:24:24","modified_gmt":"2025-12-25T02:24:24","slug":"moc-36035-swing-ride-creator-by-tkel86-moc-factory","status":"publish","type":"product","link":"https:\/\/mouldking.store\/hu\/shop\/moc-36035-swing-ride-creator-by-tkel86-moc-factory\/","title":{"rendered":"MOC-36035 Swing Ride Creator a tkel86 MOC FACTORY-t\u00f3l"},"content":{"rendered":"<div>A Swing Ride, az egyik legismertebb lovagl\u00e1s a bolyg\u00f3n.<\/div>\n<div><\/div>\n<div>Olyan l\u00e1ncokat haszn\u00e1l az \u00fcl\u00e9sekhez, mint az eredeti. A f\u00f3kuszt\u00e1mogat\u00f3 belsej\u00e9ben egy xl motor tal\u00e1lhat\u00f3, amely elforgatja \u00e9s fokozatos a fels\u0151 k\u00f6rforgalom seg\u00edt\u0151je. Ezen a ponton a fejlem\u00e9nyek sz\u00e9ttart\u00f3 ereje lez\u00e1rja.<\/div>\n<div><img fetchpriority=\"high\" decoding=\"async\" class=\"alignnone size-full wp-image-195613\" src=\"https:\/\/pay.lpwstore.com\/wp-content\/uploads\/2020\/09\/New-Project-2020-09-04T215111.895.png\" alt=\"MOC-36035 Swing Ride Creator by tkel86 MOC FACTORY\" width=\"800\" height=\"800\" title=\"-\"><\/div>","protected":false},"excerpt":{"rendered":"<ul>\n<li>Tartalmazza\u00a0<strong>1040+<\/strong>\u00a0db<\/li>\n<li>K\u00e9zi haszn\u00e1lati \u00fatmutat\u00f3<\/li>\n<li>Kiv\u00e1l\u00f3 min\u0151s\u00e9g\u0171 ABS blokk<\/li>\n<\/ul>","protected":false},"featured_media":20898,"comment_status":"open","ping_status":"closed","template":"","meta":{"_acf_changed":false},"product_cat":[371],"product_tag":[],"class_list":["product","first","instock","shipping-taxable","purchasable","product-type-simple"],"acf":[],"_links":{"self":[{"href":"https:\/\/mouldking.store\/hu\/wp-json\/wp\/v2\/product\/20899","targetHints":{"allow":["GET"]}}],"collection":[{"href":"https:\/\/mouldking.store\/hu\/wp-json\/wp\/v2\/product"}],"about":[{"href":"https:\/\/mouldking.store\/hu\/wp-json\/wp\/v2\/types\/product"}],"replies":[{"embeddable":true,"href":"https:\/\/mouldking.store\/hu\/wp-json\/wp\/v2\/comments?post=20899"}],"wp:featuredmedia":[{"embeddable":true,"href":"https:\/\/mouldking.store\/hu\/wp-json\/wp\/v2\/media\/20898"}],"wp:attachment":[{"href":"https:\/\/mouldking.store\/hu\/wp-json\/wp\/v2\/media?parent=20899"}],"wp:term":[{"taxonomy":"product_cat","embeddable":true,"href":"https:\/\/mouldking.store\/hu\/wp-json\/wp\/v2\/product_cat?post=20899"},{"taxonomy":"product_tag","embeddable":true,"href":"https:\/\/mouldking.store\/hu\/wp-json\/wp\/v2\/product_tag?post=20899"}],"curies":[{"name":"wp","href":"https:\/\/api.w.org\/{rel}","templated":true}]}}