{"id":20909,"date":"2021-10-09T04:57:59","date_gmt":"2021-10-08T21:57:59","guid":{"rendered":"https:\/\/mouldking.store\/shop\/moc-31012-millenium-falcon-microscale-star-wars-by-riskjockey-moc-factory\/"},"modified":"2025-12-25T09:24:24","modified_gmt":"2025-12-25T02:24:24","slug":"moc-31012-millenium-falcon-microscale-star-wars-by-riskjockey-moc-factory","status":"publish","type":"product","link":"https:\/\/mouldking.store\/hu\/shop\/moc-31012-millenium-falcon-microscale-star-wars-by-riskjockey-moc-factory\/","title":{"rendered":"MOC-31012 Millenium Falcon \u2013 Microscale Star Wars, riskjockey MOC FACTORY"},"content":{"rendered":"<p>A Millenium Falcon mikrom\u00e9retben. Ez a leggyorsabb szem\u00e9tdarab az univerzumban! S\u0151t, kism\u00e9ret\u0171 t\u00e1vcs\u00f6v\u00e9nek k\u00f6sz\u00f6nhet\u0151en ide\u00e1lis m\u00e9retben elf\u00e9r a munkater\u00fcleten, \u00edgy munka k\u00f6zben tiszteletben tarthatja. Ez a konstrukci\u00f3 a fut\u00f3m\u0171vet emeli ki az \u00e1llv\u00e1ny helyett.<\/p>\n<p><img fetchpriority=\"high\" decoding=\"async\" class=\"alignnone size-full wp-image-195605\" src=\"https:\/\/pay.lpwstore.com\/wp-content\/uploads\/2020\/09\/New-Project-2020-09-04T213915.160.png\" alt=\"MOC-31012 Millenium Falcon - Microscale Star Wars by riskjockey MOC FACTORY\" width=\"800\" height=\"800\" title=\"-\"> <img decoding=\"async\" class=\"alignnone size-full wp-image-195604\" src=\"https:\/\/pay.lpwstore.com\/wp-content\/uploads\/2020\/09\/New-Project-2020-09-04T213926.431.png\" alt=\"MOC-31012 Millenium Falcon - Microscale Star Wars by riskjockey MOC FACTORY\" width=\"800\" height=\"800\" title=\"-\"><\/p>","protected":false},"excerpt":{"rendered":"<ul>\n<li>Tartalmazza\u00a0<strong>227+<\/strong>\u00a0db<\/li>\n<li>K\u00e9zi haszn\u00e1lati \u00fatmutat\u00f3<\/li>\n<li>Kiv\u00e1l\u00f3 min\u0151s\u00e9g\u0171 ABS blokk<\/li>\n<\/ul>","protected":false},"featured_media":20907,"comment_status":"open","ping_status":"closed","template":"","meta":{"_acf_changed":false},"product_cat":[415],"product_tag":[],"class_list":["product","first","instock","shipping-taxable","purchasable","product-type-simple"],"acf":[],"_links":{"self":[{"href":"https:\/\/mouldking.store\/hu\/wp-json\/wp\/v2\/product\/20909","targetHints":{"allow":["GET"]}}],"collection":[{"href":"https:\/\/mouldking.store\/hu\/wp-json\/wp\/v2\/product"}],"about":[{"href":"https:\/\/mouldking.store\/hu\/wp-json\/wp\/v2\/types\/product"}],"replies":[{"embeddable":true,"href":"https:\/\/mouldking.store\/hu\/wp-json\/wp\/v2\/comments?post=20909"}],"wp:featuredmedia":[{"embeddable":true,"href":"https:\/\/mouldking.store\/hu\/wp-json\/wp\/v2\/media\/20907"}],"wp:attachment":[{"href":"https:\/\/mouldking.store\/hu\/wp-json\/wp\/v2\/media?parent=20909"}],"wp:term":[{"taxonomy":"product_cat","embeddable":true,"href":"https:\/\/mouldking.store\/hu\/wp-json\/wp\/v2\/product_cat?post=20909"},{"taxonomy":"product_tag","embeddable":true,"href":"https:\/\/mouldking.store\/hu\/wp-json\/wp\/v2\/product_tag?post=20909"}],"curies":[{"name":"wp","href":"https:\/\/api.w.org\/{rel}","templated":true}]}}