{"id":20937,"date":"2021-10-09T04:58:14","date_gmt":"2021-10-08T21:58:14","guid":{"rendered":"https:\/\/mouldking.store\/shop\/moc-35304-micro-slave-1-bracket-star-wars-by-ron_mcphatty-moc-factory\/"},"modified":"2025-12-25T09:24:23","modified_gmt":"2025-12-25T02:24:23","slug":"moc-35304-micro-slave-1-bracket-star-wars-by-ron_mcphatty-moc-factory","status":"publish","type":"product","link":"https:\/\/mouldking.store\/hu\/shop\/moc-35304-micro-slave-1-bracket-star-wars-by-ron_mcphatty-moc-factory\/","title":{"rendered":"MOC-35304 Micro Slave 1 + Bracket Star Wars, ron_mcphatty MOC FACTORY"},"content":{"rendered":"<p>Boba Fett h\u00edres b\u0151s\u00e9ge, aki a The Empire Strikes Back sz\u00e1ll\u00edt\u00f3eszk\u00f6zt kergeti. A Falconhoz hasonl\u00f3an itt is van egy \u00e1llv\u00e1ny, amelyet a gy\u00e1rt\u00e1shoz eml\u00e9keznek, \u00edgy a Slave 1-et f\u00fcgg\u0151legesen is meg tudod mutatni, \u00e9s a sz\u00e1rnyak szint\u00e9n a lesz\u00e1ll\u00e1si m\u00f3dban mutatkoznak.<\/p>\n<p><img fetchpriority=\"high\" decoding=\"async\" class=\"alignnone size-full wp-image-195618\" src=\"https:\/\/pay.lpwstore.com\/wp-content\/uploads\/2020\/09\/New-Project-2020-09-04T215842.653.png\" alt=\"MOC-35304 Micro Slave 1 + Bracket Star Wars by ron_mcphatty MOC FACTORY\" width=\"800\" height=\"800\" title=\"-\"> <img decoding=\"async\" class=\"alignnone size-full wp-image-195617\" src=\"https:\/\/pay.lpwstore.com\/wp-content\/uploads\/2020\/09\/New-Project-2020-09-04T215900.766.png\" alt=\"MOC-35304 Micro Slave 1 + Bracket Star Wars by ron_mcphatty MOC FACTORY\" width=\"800\" height=\"800\" title=\"-\"><\/p>","protected":false},"excerpt":{"rendered":"<ul>\n<li>Tartalmazza\u00a0<strong>157+<\/strong>\u00a0db<\/li>\n<li>K\u00e9zi haszn\u00e1lati \u00fatmutat\u00f3<\/li>\n<li>Kiv\u00e1l\u00f3 min\u0151s\u00e9g\u0171 ABS blokk<\/li>\n<\/ul>","protected":false},"featured_media":20935,"comment_status":"open","ping_status":"closed","template":"","meta":{"_acf_changed":false},"product_cat":[415],"product_tag":[],"class_list":["product","first","outofstock","shipping-taxable","purchasable","product-type-simple"],"acf":[],"_links":{"self":[{"href":"https:\/\/mouldking.store\/hu\/wp-json\/wp\/v2\/product\/20937","targetHints":{"allow":["GET"]}}],"collection":[{"href":"https:\/\/mouldking.store\/hu\/wp-json\/wp\/v2\/product"}],"about":[{"href":"https:\/\/mouldking.store\/hu\/wp-json\/wp\/v2\/types\/product"}],"replies":[{"embeddable":true,"href":"https:\/\/mouldking.store\/hu\/wp-json\/wp\/v2\/comments?post=20937"}],"wp:featuredmedia":[{"embeddable":true,"href":"https:\/\/mouldking.store\/hu\/wp-json\/wp\/v2\/media\/20935"}],"wp:attachment":[{"href":"https:\/\/mouldking.store\/hu\/wp-json\/wp\/v2\/media?parent=20937"}],"wp:term":[{"taxonomy":"product_cat","embeddable":true,"href":"https:\/\/mouldking.store\/hu\/wp-json\/wp\/v2\/product_cat?post=20937"},{"taxonomy":"product_tag","embeddable":true,"href":"https:\/\/mouldking.store\/hu\/wp-json\/wp\/v2\/product_tag?post=20937"}],"curies":[{"name":"wp","href":"https:\/\/api.w.org\/{rel}","templated":true}]}}