{"id":21003,"date":"2021-10-09T04:58:44","date_gmt":"2021-10-08T21:58:44","guid":{"rendered":"https:\/\/mouldking.store\/shop\/moc-36135-modular-house-2-modular-buildings-by-gabizon-mocfactory\/"},"modified":"2025-12-25T09:24:21","modified_gmt":"2025-12-25T02:24:21","slug":"moc-36135-modular-house-2-modular-buildings-by-gabizon-mocfactory","status":"publish","type":"product","link":"https:\/\/mouldking.store\/hu\/shop\/moc-36135-modular-house-2-modular-buildings-by-gabizon-mocfactory\/","title":{"rendered":"MOC-36135 modul\u00e1ris h\u00e1z #2 modul\u00e1ris \u00e9p\u00fcletek, gabizon MOCFACTORY"},"content":{"rendered":"<ul>\n<li style=\"text-align: left\">Product name: Modular House #2<\/li>\n<li style=\"text-align: left\">Product code: MOC-36135<\/li>\n<li style=\"text-align: left\">Designer: gabizon<\/li>\n<\/ul>\n<p><a href=\"https:\/\/pay.lpwstore.com\/wp-content\/uploads\/2020\/09\/MOC-36135-Modular-House-2-Modular-Buildings-by-gabizon-MOCFACTORY.jpg\" target=\"_blank\" rel=\"noopener\"><img fetchpriority=\"high\" decoding=\"async\" class=\"aligncenter wp-image-196064 size-full\" title=\"MOC-36135-Modular-House-#2-Modular-Buildings-by-gabizon-MOCFACTORY\" src=\"https:\/\/pay.lpwstore.com\/wp-content\/uploads\/2020\/09\/MOC-36135-Modular-House-2-Modular-Buildings-by-gabizon-MOCFACTORY.jpg\" alt=\"MOC-36135-Modular-House-#2-Modular-Buildings-by-gabizon-MOCFACTORY\" width=\"800\" height=\"800\" \/><\/a> <img decoding=\"async\" class=\"alignnone size-full wp-image-196065 aligncenter\" src=\"https:\/\/pay.lpwstore.com\/wp-content\/uploads\/2020\/09\/MOC-36135-Modular-House-2-Modular-Buildings-by-gabizon-MOCFACTORY-2.jpg\" alt=\"MOC-36135-Modular-House-#2-Modular-Buildings-by-gabizon-MOCFACTORY-2\" width=\"800\" height=\"800\" title=\"-\"><\/p>","protected":false},"excerpt":{"rendered":"<ul>\n<li>Tartalmazza <strong>1860+<\/strong> db<\/li>\n<li>Online PDF oktat\u00e1s<\/li>\n<li>Kiv\u00e1l\u00f3 min\u0151s\u00e9g\u0171 ABS blokk<\/li>\n<\/ul>","protected":false},"featured_media":21001,"comment_status":"open","ping_status":"closed","template":"","meta":{"_acf_changed":false},"product_cat":[390],"product_tag":[],"class_list":["product","first","instock","shipping-taxable","purchasable","product-type-simple"],"acf":[],"_links":{"self":[{"href":"https:\/\/mouldking.store\/hu\/wp-json\/wp\/v2\/product\/21003","targetHints":{"allow":["GET"]}}],"collection":[{"href":"https:\/\/mouldking.store\/hu\/wp-json\/wp\/v2\/product"}],"about":[{"href":"https:\/\/mouldking.store\/hu\/wp-json\/wp\/v2\/types\/product"}],"replies":[{"embeddable":true,"href":"https:\/\/mouldking.store\/hu\/wp-json\/wp\/v2\/comments?post=21003"}],"wp:featuredmedia":[{"embeddable":true,"href":"https:\/\/mouldking.store\/hu\/wp-json\/wp\/v2\/media\/21001"}],"wp:attachment":[{"href":"https:\/\/mouldking.store\/hu\/wp-json\/wp\/v2\/media?parent=21003"}],"wp:term":[{"taxonomy":"product_cat","embeddable":true,"href":"https:\/\/mouldking.store\/hu\/wp-json\/wp\/v2\/product_cat?post=21003"},{"taxonomy":"product_tag","embeddable":true,"href":"https:\/\/mouldking.store\/hu\/wp-json\/wp\/v2\/product_tag?post=21003"}],"curies":[{"name":"wp","href":"https:\/\/api.w.org\/{rel}","templated":true}]}}