{"id":21041,"date":"2021-10-09T04:59:48","date_gmt":"2021-10-08T21:59:48","guid":{"rendered":"https:\/\/mouldking.store\/shop\/moc-90027-where-the-sidewalk-ends-creator-mocfactory\/"},"modified":"2025-12-25T09:24:20","modified_gmt":"2025-12-25T02:24:20","slug":"moc-90027-where-the-sidewalk-ends-creator-mocfactory","status":"publish","type":"product","link":"https:\/\/mouldking.store\/hu\/shop\/moc-90027-where-the-sidewalk-ends-creator-mocfactory\/","title":{"rendered":"MOC-90027 Ahol a j\u00e1rda v\u00e9get \u00e9r Creator MOCFACTORY"},"content":{"rendered":"<p style=\"text-align: left\">This MOC Set is the scene in Where the Sidewalk Ends: Where the Sidewalk Ends is a 1974 kids&#8217; verse assortment composed and outlined by Shel Silverstein. It was distributed by Harper and Row Publishers. The book&#8217;s sonnets address numerous basic youth concerns and furthermore present absolutely whimsical stories and creative mind moving pictures.<\/p>\n<p><img fetchpriority=\"high\" decoding=\"async\" class=\"alignnone size-full wp-image-196108 aligncenter\" src=\"https:\/\/pay.lpwstore.com\/wp-content\/uploads\/2020\/09\/MOC-90027-Where-the-sidewalk-ends-Creator-MOCFACTORY.jpg\" alt=\"MOC-90027-Where-the-sidewalk-ends-Creator-MOCFACTORY\" width=\"800\" height=\"800\" title=\"-\"> <img decoding=\"async\" class=\"alignnone size-full wp-image-196109 aligncenter\" src=\"https:\/\/pay.lpwstore.com\/wp-content\/uploads\/2020\/09\/MOC-90027-Where-the-sidewalk-ends-Creator-MOCFACTORY-2.jpg\" alt=\"MOC-90027-Where-the-sidewalk-ends-Creator-MOCFACTORY-2\" width=\"800\" height=\"800\" title=\"-\"> <img decoding=\"async\" class=\"alignnone size-full wp-image-196110 aligncenter\" src=\"https:\/\/pay.lpwstore.com\/wp-content\/uploads\/2020\/09\/MOC-90027-Where-the-sidewalk-ends-Creator-MOCFACTORY-3.jpg\" alt=\"MOC-90027-Where-the-sidewalk-ends-Creator-MOCFACTORY-3\" width=\"800\" height=\"800\" title=\"-\"><\/p>","protected":false},"excerpt":{"rendered":"<ul>\n<li>Tartalmazza <strong>878+<\/strong> db<\/li>\n<li>Online PDF oktat\u00e1s<\/li>\n<li>Kiv\u00e1l\u00f3 min\u0151s\u00e9g\u0171 ABS blokk<\/li>\n<\/ul>","protected":false},"featured_media":21038,"comment_status":"open","ping_status":"closed","template":"","meta":{"_acf_changed":false},"product_cat":[371],"product_tag":[],"class_list":["product","first","outofstock","shipping-taxable","purchasable","product-type-simple"],"acf":[],"_links":{"self":[{"href":"https:\/\/mouldking.store\/hu\/wp-json\/wp\/v2\/product\/21041","targetHints":{"allow":["GET"]}}],"collection":[{"href":"https:\/\/mouldking.store\/hu\/wp-json\/wp\/v2\/product"}],"about":[{"href":"https:\/\/mouldking.store\/hu\/wp-json\/wp\/v2\/types\/product"}],"replies":[{"embeddable":true,"href":"https:\/\/mouldking.store\/hu\/wp-json\/wp\/v2\/comments?post=21041"}],"wp:featuredmedia":[{"embeddable":true,"href":"https:\/\/mouldking.store\/hu\/wp-json\/wp\/v2\/media\/21038"}],"wp:attachment":[{"href":"https:\/\/mouldking.store\/hu\/wp-json\/wp\/v2\/media?parent=21041"}],"wp:term":[{"taxonomy":"product_cat","embeddable":true,"href":"https:\/\/mouldking.store\/hu\/wp-json\/wp\/v2\/product_cat?post=21041"},{"taxonomy":"product_tag","embeddable":true,"href":"https:\/\/mouldking.store\/hu\/wp-json\/wp\/v2\/product_tag?post=21041"}],"curies":[{"name":"wp","href":"https:\/\/api.w.org\/{rel}","templated":true}]}}