{"id":21106,"date":"2021-10-09T05:01:34","date_gmt":"2021-10-08T22:01:34","guid":{"rendered":"https:\/\/mouldking.store\/shop\/moc-23838-death-star-conference-room-star-wars-by-wheelsspinnin-mocfactory\/"},"modified":"2025-12-25T09:24:19","modified_gmt":"2025-12-25T02:24:19","slug":"moc-23838-death-star-conference-room-star-wars-by-wheelsspinnin-mocfactory","status":"publish","type":"product","link":"https:\/\/mouldking.store\/hu\/shop\/moc-23838-death-star-conference-room-star-wars-by-wheelsspinnin-mocfactory\/","title":{"rendered":"MOC-23838 Death Star konferenciaterem Star Wars by wheelsspinnin MOCFACTORY"},"content":{"rendered":"<p style=\"text-align: left\">A Star Wars: A New Hope-b\u00f3l tervezett nagymoff Tarken, Darth Vader \u00e9s k\u00fcl\u00f6nb\u00f6z\u0151 tisztvisel\u0151k tal\u00e1lkoztak ebben a gy\u00fclekez\u0151helyis\u00e9gben, amikor meg\u00e9rkezett a h\u00edr, hogy a cs\u00e1sz\u00e1r feloszlatta a birodalmi szen\u00e1tust.<\/p>\n<p><a href=\"https:\/\/pay.lpwstore.com\/wp-content\/uploads\/2020\/09\/MOC-23838-Death-Star-Conference-Room-Star-Wars-by-wheelsspinnin-MOCFACTORY-2.jpg\" target=\"_blank\" rel=\"noopener\"><img fetchpriority=\"high\" decoding=\"async\" class=\"aligncenter wp-image-196354 size-full\" title=\"MOC-23838-Hal\u00e1lcsillag-Konferenciaterem-Star-Wars-by-wheelsspinn-MOCFACTORY-2\" src=\"https:\/\/pay.lpwstore.com\/wp-content\/uploads\/2020\/09\/MOC-23838-Death-Star-Conference-Room-Star-Wars-by-wheelsspinnin-MOCFACTORY-2.jpg\" alt=\"MOC-23838-Death-Star-Conference-Room-Star-Wars-by-wheelsspinnin-MOCFACTORY-2\" width=\"800\" height=\"800\" \/><\/a> <img decoding=\"async\" class=\"alignnone size-full wp-image-196353 aligncenter\" src=\"https:\/\/pay.lpwstore.com\/wp-content\/uploads\/2020\/09\/MOC-23838-Death-Star-Conference-Room-Star-Wars-by-wheelsspinnin-MOCFACTORY.jpg\" alt=\"MOC-23838-Death-Star-Conference-Room-Star-Wars-by-wheelsspinnin-MOCFACTORY\" width=\"800\" height=\"800\" title=\"-\"><\/p>","protected":false},"excerpt":{"rendered":"<ul>\n<li>Tartalmazza <strong>1299+<\/strong> db<\/li>\n<li>Online PDF oktat\u00e1s<\/li>\n<li>Kiv\u00e1l\u00f3 min\u0151s\u00e9g\u0171 ABS blokk<\/li>\n<\/ul>","protected":false},"author":3,"featured_media":21104,"comment_status":"open","ping_status":"closed","template":"","meta":{"_acf_changed":false},"product_cat":[415],"product_tag":[],"class_list":["product","first","outofstock","shipping-taxable","purchasable","product-type-simple"],"acf":[],"_links":{"self":[{"href":"https:\/\/mouldking.store\/hu\/wp-json\/wp\/v2\/product\/21106","targetHints":{"allow":["GET"]}}],"collection":[{"href":"https:\/\/mouldking.store\/hu\/wp-json\/wp\/v2\/product"}],"about":[{"href":"https:\/\/mouldking.store\/hu\/wp-json\/wp\/v2\/types\/product"}],"author":[{"embeddable":true,"href":"https:\/\/mouldking.store\/hu\/wp-json\/wp\/v2\/users\/3"}],"replies":[{"embeddable":true,"href":"https:\/\/mouldking.store\/hu\/wp-json\/wp\/v2\/comments?post=21106"}],"wp:featuredmedia":[{"embeddable":true,"href":"https:\/\/mouldking.store\/hu\/wp-json\/wp\/v2\/media\/21104"}],"wp:attachment":[{"href":"https:\/\/mouldking.store\/hu\/wp-json\/wp\/v2\/media?parent=21106"}],"wp:term":[{"taxonomy":"product_cat","embeddable":true,"href":"https:\/\/mouldking.store\/hu\/wp-json\/wp\/v2\/product_cat?post=21106"},{"taxonomy":"product_tag","embeddable":true,"href":"https:\/\/mouldking.store\/hu\/wp-json\/wp\/v2\/product_tag?post=21106"}],"curies":[{"name":"wp","href":"https:\/\/api.w.org\/{rel}","templated":true}]}}