{"id":21111,"date":"2021-10-09T05:01:39","date_gmt":"2021-10-08T22:01:39","guid":{"rendered":"https:\/\/mouldking.store\/shop\/moc-50144-sw-owen-lars-home-on-tatooine-star-wars-by-mocopolis-mocfactory\/"},"modified":"2025-12-25T09:24:19","modified_gmt":"2025-12-25T02:24:19","slug":"moc-50144-sw-owen-lars-home-on-tatooine-star-wars-by-mocopolis-mocfactory","status":"publish","type":"product","link":"https:\/\/mouldking.store\/hu\/shop\/moc-50144-sw-owen-lars-home-on-tatooine-star-wars-by-mocopolis-mocfactory\/","title":{"rendered":"MOC-50144 SW Owen Lars&#8217; Home on Tatooine Star Wars by MOCOPOLIS MOCFACTORY"},"content":{"rendered":"<p style=\"text-align: left\">The Lars residence was the home of the Lars family for at any rate three ages. It was a dampness ranch situated on the Great Chott salt level in the Jundland Wastes on the planet Tatooine.<\/p>\n<p><a href=\"https:\/\/pay.lpwstore.com\/wp-content\/uploads\/2020\/09\/MOC-50144-SW-Owen-Lars-Home-on-Tatooine-Star-Wars-by-MOCOPOLIS-MOCFACTORY.jpg\" target=\"_blank\" rel=\"noopener\"><img fetchpriority=\"high\" decoding=\"async\" class=\"aligncenter wp-image-196356 size-full\" title=\"MOC-50144-SW-Owen-Lars'-Home-on-Tatooine-Star-Wars-by-MOCOPOLIS-MOCFACTORY\" src=\"https:\/\/pay.lpwstore.com\/wp-content\/uploads\/2020\/09\/MOC-50144-SW-Owen-Lars-Home-on-Tatooine-Star-Wars-by-MOCOPOLIS-MOCFACTORY.jpg\" alt=\"MOC-50144-SW-Owen-Lars'-Home-on-Tatooine-Star-Wars-by-MOCOPOLIS-MOCFACTORY\" width=\"800\" height=\"800\" \/><\/a> <img decoding=\"async\" class=\"alignnone size-full wp-image-196357 aligncenter\" src=\"https:\/\/pay.lpwstore.com\/wp-content\/uploads\/2020\/09\/MOC-50144-SW-Owen-Lars-Home-on-Tatooine-Star-Wars-by-MOCOPOLIS-MOCFACTORY-2.jpg\" alt=\"MOC-50144-SW-Owen-Lars&#039;-Home-on-Tatooine-Star-Wars-by-MOCOPOLIS-MOCFACTORY-2\" width=\"800\" height=\"800\" title=\"-\"> <img decoding=\"async\" class=\"alignnone size-full wp-image-196358 aligncenter\" src=\"https:\/\/pay.lpwstore.com\/wp-content\/uploads\/2020\/09\/MOC-50144-SW-Owen-Lars-Home-on-Tatooine-Star-Wars-by-MOCOPOLIS-MOCFACTORY-3.jpg\" alt=\"MOC-50144-SW-Owen-Lars&#039;-Home-on-Tatooine-Star-Wars-by-MOCOPOLIS-MOCFACTORY-3\" width=\"800\" height=\"800\" title=\"-\"> <img loading=\"lazy\" decoding=\"async\" class=\"alignnone size-full wp-image-196359 aligncenter\" src=\"https:\/\/pay.lpwstore.com\/wp-content\/uploads\/2020\/09\/MOC-50144-SW-Owen-Lars-Home-on-Tatooine-Star-Wars-by-MOCOPOLIS-MOCFACTORY-4.jpg\" alt=\"MOC-50144-SW-Owen-Lars&#039;-Home-on-Tatooine-Star-Wars-by-MOCOPOLIS-MOCFACTORY-4\" width=\"800\" height=\"800\" title=\"-\"><\/p>","protected":false},"excerpt":{"rendered":"<ul>\n<li>Tartalmazza <strong>695+<\/strong> db<\/li>\n<li>Online PDF oktat\u00e1s<\/li>\n<li>Kiv\u00e1l\u00f3 min\u0151s\u00e9g\u0171 ABS blokk<\/li>\n<\/ul>","protected":false},"featured_media":21107,"comment_status":"open","ping_status":"closed","template":"","meta":{"_acf_changed":false},"product_cat":[415],"product_tag":[],"class_list":["product","first","instock","shipping-taxable","purchasable","product-type-simple"],"acf":[],"_links":{"self":[{"href":"https:\/\/mouldking.store\/hu\/wp-json\/wp\/v2\/product\/21111","targetHints":{"allow":["GET"]}}],"collection":[{"href":"https:\/\/mouldking.store\/hu\/wp-json\/wp\/v2\/product"}],"about":[{"href":"https:\/\/mouldking.store\/hu\/wp-json\/wp\/v2\/types\/product"}],"replies":[{"embeddable":true,"href":"https:\/\/mouldking.store\/hu\/wp-json\/wp\/v2\/comments?post=21111"}],"wp:featuredmedia":[{"embeddable":true,"href":"https:\/\/mouldking.store\/hu\/wp-json\/wp\/v2\/media\/21107"}],"wp:attachment":[{"href":"https:\/\/mouldking.store\/hu\/wp-json\/wp\/v2\/media?parent=21111"}],"wp:term":[{"taxonomy":"product_cat","embeddable":true,"href":"https:\/\/mouldking.store\/hu\/wp-json\/wp\/v2\/product_cat?post=21111"},{"taxonomy":"product_tag","embeddable":true,"href":"https:\/\/mouldking.store\/hu\/wp-json\/wp\/v2\/product_tag?post=21111"}],"curies":[{"name":"wp","href":"https:\/\/api.w.org\/{rel}","templated":true}]}}