{"id":21115,"date":"2021-10-09T05:01:44","date_gmt":"2021-10-08T22:01:44","guid":{"rendered":"https:\/\/mouldking.store\/shop\/moc-15626-snowspeeder-minifig-scale-star-wars-by-brickvault-mocfactory\/"},"modified":"2025-12-25T09:24:19","modified_gmt":"2025-12-25T02:24:19","slug":"moc-15626-snowspeeder-minifig-scale-star-wars-by-brickvault-mocfactory","status":"publish","type":"product","link":"https:\/\/mouldking.store\/hu\/shop\/moc-15626-snowspeeder-minifig-scale-star-wars-by-brickvault-mocfactory\/","title":{"rendered":"MOC-15626 Snowspeeder \u2013 Minifig Scale Star Wars, brickvault MOCFACTORY"},"content":{"rendered":"<p style=\"text-align: left\">A snowspeeder (T-47 Airspeeder) volt az utols\u00f3 v\u00e9delmi vonal, amely lehet\u0151v\u00e9 tette a l\u00e1zad\u00f3knak, hogy elmenek\u00fcljenek a Birodalomb\u00f3l a Hoth-i csat\u00e1ban. Mivel s\u00falyosan kifegyverezt\u00e9k \u0151ket, az agit\u00e1torpil\u00f3t\u00e1k sz\u00e1nd\u00e9kosan haszn\u00e1lt\u00e1k ezeket a kis sz\u00e1guld\u00f3kat n\u00e9h\u00e1ny g\u00f3li\u00e1tj\u00e1r\u00f3 sz\u00e9tz\u00faz\u00e1s\u00e1ra. Ez a D\u00e1vid \u00e9s G\u00f3li\u00e1t m\u00e1sodik az egyik legjelent\u0151sebb a Star Warsban.<\/p>\n<p><a href=\"https:\/\/pay.lpwstore.com\/wp-content\/uploads\/2020\/09\/MOC-15626-Snowspeeder-Minifig-Scale-Star-Wars-by-brickvault-MOCFACTORY.jpg\" target=\"_blank\" rel=\"noopener\"><img fetchpriority=\"high\" decoding=\"async\" class=\"aligncenter wp-image-196361 size-full\" title=\"MOC-15626-Snowspeeder---Minifig-Scale-Star-Wars-by-Brickvault-MOCFACTORY\" src=\"https:\/\/pay.lpwstore.com\/wp-content\/uploads\/2020\/09\/MOC-15626-Snowspeeder-Minifig-Scale-Star-Wars-by-brickvault-MOCFACTORY.jpg\" alt=\"MOC-15626-Snowspeeder---Minifig-Scale-Star-Wars-by-brickvault-MOCFACTORY\" width=\"800\" height=\"800\" \/><\/a> <img decoding=\"async\" class=\"alignnone size-full wp-image-196362 aligncenter\" src=\"https:\/\/pay.lpwstore.com\/wp-content\/uploads\/2020\/09\/MOC-15626-Snowspeeder-Minifig-Scale-Star-Wars-by-brickvault-MOCFACTORY-2.jpg\" alt=\"MOC-15626-Snowspeeder---Minifig-Scale-Star-Wars-by-brickvault-MOCFACTORY-2\" width=\"800\" height=\"800\" title=\"-\"> <img decoding=\"async\" class=\"alignnone size-full wp-image-196363 aligncenter\" src=\"https:\/\/pay.lpwstore.com\/wp-content\/uploads\/2020\/09\/MOC-15626-Snowspeeder-Minifig-Scale-Star-Wars-by-brickvault-MOCFACTORY-3.jpg\" alt=\"MOC-15626-Snowspeeder---Minifig-Scale-Star-Wars-by-brickvault-MOCFACTORY-3\" width=\"800\" height=\"800\" title=\"-\"><\/p>","protected":false},"excerpt":{"rendered":"<ul>\n<li>Tartalmazza <strong>518+<\/strong> db<\/li>\n<li>Online PDF oktat\u00e1s<\/li>\n<li>Kiv\u00e1l\u00f3 min\u0151s\u00e9g\u0171 ABS blokk<\/li>\n<\/ul>","protected":false},"featured_media":21112,"comment_status":"open","ping_status":"closed","template":"","meta":{"_acf_changed":false},"product_cat":[415],"product_tag":[],"class_list":["product","first","instock","shipping-taxable","purchasable","product-type-simple"],"acf":[],"_links":{"self":[{"href":"https:\/\/mouldking.store\/hu\/wp-json\/wp\/v2\/product\/21115","targetHints":{"allow":["GET"]}}],"collection":[{"href":"https:\/\/mouldking.store\/hu\/wp-json\/wp\/v2\/product"}],"about":[{"href":"https:\/\/mouldking.store\/hu\/wp-json\/wp\/v2\/types\/product"}],"replies":[{"embeddable":true,"href":"https:\/\/mouldking.store\/hu\/wp-json\/wp\/v2\/comments?post=21115"}],"wp:featuredmedia":[{"embeddable":true,"href":"https:\/\/mouldking.store\/hu\/wp-json\/wp\/v2\/media\/21112"}],"wp:attachment":[{"href":"https:\/\/mouldking.store\/hu\/wp-json\/wp\/v2\/media?parent=21115"}],"wp:term":[{"taxonomy":"product_cat","embeddable":true,"href":"https:\/\/mouldking.store\/hu\/wp-json\/wp\/v2\/product_cat?post=21115"},{"taxonomy":"product_tag","embeddable":true,"href":"https:\/\/mouldking.store\/hu\/wp-json\/wp\/v2\/product_tag?post=21115"}],"curies":[{"name":"wp","href":"https:\/\/api.w.org\/{rel}","templated":true}]}}