{"id":21213,"date":"2021-10-09T05:04:09","date_gmt":"2021-10-08T22:04:09","guid":{"rendered":"https:\/\/mouldking.store\/shop\/moc-54244-the-haunted-manor-modular-buildings-by-zeradman-moc-factory\/"},"modified":"2025-12-25T09:24:12","modified_gmt":"2025-12-25T02:24:12","slug":"moc-54244-the-haunted-manor-modular-buildings-by-zeradman-moc-factory","status":"publish","type":"product","link":"https:\/\/mouldking.store\/hu\/shop\/moc-54244-the-haunted-manor-modular-buildings-by-zeradman-moc-factory\/","title":{"rendered":"MOC-54244 The Haunted Manor modul\u00e1ris \u00e9p\u00fcletek, ZeRadman MOC FACTORY"},"content":{"rendered":"<div>\u00dcdv\u00f6z\u00f6lj\u00fck, ostoba emberek a K\u00eds\u00e9rtetj\u00e1r\u00e1sban. \u00c9n vagyok a vend\u00e9gl\u00e1t\u00f3d, a jelen\u00e9sednek van.<\/div>\n<div><\/div>\n<div>A Haunted Manor egy visszatasz\u00edt\u00f3, \u00f6rd\u00f6gi kast\u00e9ly 999 vid\u00e1m vend\u00e9ggel! K\u00e9sz\u00edtsen k\u00e9pess\u00e9geket bemutat\u00f3 darabk\u00e9nt a rajong\u00f3k sz\u00e1m\u00e1ra, saj\u00e1tos szerkezetet v\u00e1rosrendez\u00e9shez \u00e9s j\u00e1tsz\u00f3k\u00e9szletet sz\u00e1mos gonosz \u00e9lvezettel! Abban az esetben, ha szereted a jelen\u00e9seket, a trollokat \u00e9s a h\u00e1tborzongat\u00f3 alkalmakat, a megfelel\u0151 helyre ment\u00e9l!<\/div>\n<div><a href=\"https:\/\/pay.lpwstore.com\/wp-content\/uploads\/2020\/10\/MOC-54244-The-Haunted-Manor-Modular-Buildings-by-ZeRadman-MOC-FACTORY-2.jpg\" target=\"_blank\" rel=\"noopener\"><img fetchpriority=\"high\" decoding=\"async\" class=\"aligncenter wp-image-197015 size-full\" title=\"MOC-54244-A-K\u00eds\u00e9rtet-kast\u00e9ly-Modul\u00e1ris-\u00c9p\u00fcletek-ZeRadman-MOC-GY\u00c1R-2\" src=\"https:\/\/pay.lpwstore.com\/wp-content\/uploads\/2020\/10\/MOC-54244-The-Haunted-Manor-Modular-Buildings-by-ZeRadman-MOC-FACTORY-2.jpg\" alt=\"MOC-54244-The-Haunted-Manor-Modular-Buildings-by-ZeRadman-MOC-FACTORY-2\" width=\"800\" height=\"800\" \/><\/a><\/div>\n<div><img decoding=\"async\" class=\"size-full wp-image-197014 aligncenter\" src=\"https:\/\/pay.lpwstore.com\/wp-content\/uploads\/2020\/10\/MOC-54244-The-Haunted-Manor-Modular-Buildings-by-ZeRadman-MOC-FACTORY.jpg\" alt=\"MOC-54244-The-Haunted-Manor-Modular-Buildings-by-ZeRadman-MOC-FACTORY\" width=\"800\" height=\"800\" title=\"-\"><\/div>","protected":false},"excerpt":{"rendered":"<ul>\n<li>Tartalmazza<strong> 3964+<\/strong> db<\/li>\n<li>Online PDF oktat\u00e1s<\/li>\n<li>Kiv\u00e1l\u00f3 min\u0151s\u00e9g\u0171 ABS blokk<\/li>\n<\/ul>","protected":false},"featured_media":21211,"comment_status":"open","ping_status":"closed","template":"","meta":{"_acf_changed":false},"product_cat":[390],"product_tag":[],"class_list":["product","first","instock","shipping-taxable","purchasable","product-type-simple"],"acf":[],"_links":{"self":[{"href":"https:\/\/mouldking.store\/hu\/wp-json\/wp\/v2\/product\/21213","targetHints":{"allow":["GET"]}}],"collection":[{"href":"https:\/\/mouldking.store\/hu\/wp-json\/wp\/v2\/product"}],"about":[{"href":"https:\/\/mouldking.store\/hu\/wp-json\/wp\/v2\/types\/product"}],"replies":[{"embeddable":true,"href":"https:\/\/mouldking.store\/hu\/wp-json\/wp\/v2\/comments?post=21213"}],"wp:featuredmedia":[{"embeddable":true,"href":"https:\/\/mouldking.store\/hu\/wp-json\/wp\/v2\/media\/21211"}],"wp:attachment":[{"href":"https:\/\/mouldking.store\/hu\/wp-json\/wp\/v2\/media?parent=21213"}],"wp:term":[{"taxonomy":"product_cat","embeddable":true,"href":"https:\/\/mouldking.store\/hu\/wp-json\/wp\/v2\/product_cat?post=21213"},{"taxonomy":"product_tag","embeddable":true,"href":"https:\/\/mouldking.store\/hu\/wp-json\/wp\/v2\/product_tag?post=21213"}],"curies":[{"name":"wp","href":"https:\/\/api.w.org\/{rel}","templated":true}]}}