{"id":21226,"date":"2021-10-09T05:04:22","date_gmt":"2021-10-08T22:04:22","guid":{"rendered":"https:\/\/mouldking.store\/shop\/moc-31149-winter-village-church-with-graveyard-christmas-season-by-basti89-moc-factory\/"},"modified":"2025-12-25T09:24:12","modified_gmt":"2025-12-25T02:24:12","slug":"moc-31149-winter-village-church-with-graveyard-christmas-season-by-basti89-moc-factory","status":"publish","type":"product","link":"https:\/\/mouldking.store\/hu\/shop\/moc-31149-winter-village-church-with-graveyard-christmas-season-by-basti89-moc-factory\/","title":{"rendered":"MOC-31149 Winter Village templom temet\u0151vel, kar\u00e1csonyi szezon, Basti89 MOC FACTORY"},"content":{"rendered":"<p style=\"text-align: left\">A MOC-31149 Winter Village Church with Graveyard Christmas Season by Basti89 MOC FACTORY egy k\u00e9szlet a Creator kollekci\u00f3ban, amelyet Basti89 tervezett. Ehhez a MOC 31149-hez PDF utas\u00edt\u00e1sok tartoznak, amelyek k\u00f6nnyen \u00f6ssze\u00e1ll\u00edthat\u00f3k \u00e9s megtal\u00e1lhatj\u00e1k a hi\u00e1nyz\u00f3 r\u00e9szeket. A k\u00e9szlet 906 darabot tartalmaz, el\u0151sz\u00f6r 2020-ban adt\u00e1k ki.<\/p>\n<p style=\"text-align: left\">A MOC-31149 Winter Village templom temet\u0151vel k\u00fcl\u00f6nleges aj\u00e1nd\u00e9k kar\u00e1csonyra.<\/p>\n<p style=\"text-align: center\">\n<p><a href=\"https:\/\/pay.lpwstore.com\/wp-content\/uploads\/2020\/10\/MOC-31149-Winter-Village-Church-with-Graveyard-Christmas-Season-by-Basti89-MOC-FACTORY-2.jpg\" target=\"_blank\" rel=\"noopener\"><img fetchpriority=\"high\" decoding=\"async\" class=\"aligncenter wp-image-197029 size-full\" title=\"MOC-31149-T\u00e9l-falu-templom-temet\u0151vel-kar\u00e1csony-Basti-szezon89-MOC-GY\u00c1R-2\" src=\"https:\/\/pay.lpwstore.com\/wp-content\/uploads\/2020\/10\/MOC-31149-Winter-Village-Church-with-Graveyard-Christmas-Season-by-Basti89-MOC-FACTORY-2.jpg\" alt=\"MOC-31149-Winter-Village-Church-with-Graveyard-Christmas-Season-by-Basti89-MOC-FACTORY-2\" width=\"800\" height=\"800\" \/><\/a> <img decoding=\"async\" class=\"alignnone size-full wp-image-197028 aligncenter\" src=\"https:\/\/pay.lpwstore.com\/wp-content\/uploads\/2020\/10\/MOC-31149-Winter-Village-Church-with-Graveyard-Christmas-Season-by-Basti89-MOC-FACTORY.jpg\" alt=\"MOC-31149-Winter-Village-Church-with-Graveyard-Christmas-Season-by-Basti89-MOC-FACTORY\" width=\"800\" height=\"800\" title=\"-\"><\/p>","protected":false},"excerpt":{"rendered":"<ul>\n<li>Tartalmazza <strong>906+<\/strong> db<\/li>\n<li>Online PDF oktat\u00e1s<\/li>\n<li>Kiv\u00e1l\u00f3 min\u0151s\u00e9g\u0171 ABS blokk<\/li>\n<\/ul>","protected":false},"featured_media":21224,"comment_status":"open","ping_status":"closed","template":"","meta":{"_acf_changed":false},"product_cat":[390],"product_tag":[],"class_list":["product","first","instock","shipping-taxable","purchasable","product-type-simple"],"acf":[],"_links":{"self":[{"href":"https:\/\/mouldking.store\/hu\/wp-json\/wp\/v2\/product\/21226","targetHints":{"allow":["GET"]}}],"collection":[{"href":"https:\/\/mouldking.store\/hu\/wp-json\/wp\/v2\/product"}],"about":[{"href":"https:\/\/mouldking.store\/hu\/wp-json\/wp\/v2\/types\/product"}],"replies":[{"embeddable":true,"href":"https:\/\/mouldking.store\/hu\/wp-json\/wp\/v2\/comments?post=21226"}],"wp:featuredmedia":[{"embeddable":true,"href":"https:\/\/mouldking.store\/hu\/wp-json\/wp\/v2\/media\/21224"}],"wp:attachment":[{"href":"https:\/\/mouldking.store\/hu\/wp-json\/wp\/v2\/media?parent=21226"}],"wp:term":[{"taxonomy":"product_cat","embeddable":true,"href":"https:\/\/mouldking.store\/hu\/wp-json\/wp\/v2\/product_cat?post=21226"},{"taxonomy":"product_tag","embeddable":true,"href":"https:\/\/mouldking.store\/hu\/wp-json\/wp\/v2\/product_tag?post=21226"}],"curies":[{"name":"wp","href":"https:\/\/api.w.org\/{rel}","templated":true}]}}