{"id":21262,"date":"2021-10-09T05:04:54","date_gmt":"2021-10-08T22:04:54","guid":{"rendered":"https:\/\/mouldking.store\/shop\/moc-6195-winter-village-church-modular-buildings-by-bricksandtiles-moc-factory\/"},"modified":"2025-12-25T09:24:11","modified_gmt":"2025-12-25T02:24:11","slug":"moc-6195-winter-village-church-modular-buildings-by-bricksandtiles-moc-factory","status":"publish","type":"product","link":"https:\/\/mouldking.store\/hu\/shop\/moc-6195-winter-village-church-modular-buildings-by-bricksandtiles-moc-factory\/","title":{"rendered":"MOC-6195 Winter Village Templom Modul\u00e1ris \u00e9p\u00fcletek t\u00e9gla \u00e9s csempe kivitelben MOC FACTORY"},"content":{"rendered":"<p style=\"text-align: left\">MOC-6195 Winter Village Church Modular Buildings by bricksandtiles MOC FACTORY is a set in Modular Buildings collection, designed by bricksandtiles. This MOC 6195 comes with PDF instruction which is easy to build and find the missing pieces. The set contains 2212 pieces, first released in 2020.<\/p>\n<p style=\"text-align: left\">MOC-6195 Winter Village Church is a cool set for Christmas.<\/p>\n<p><a href=\"https:\/\/pay.lpwstore.com\/wp-content\/uploads\/2020\/10\/MOC-6195-Winter-Village-Church-Modular-Buildings-by-bricksandtiles-MOC-FACTORY-4.jpg\" target=\"_blank\" rel=\"noopener\"><img fetchpriority=\"high\" decoding=\"async\" class=\"aligncenter wp-image-197139 size-full\" title=\"MOC-6195 Winter Village Templom Modul\u00e1ris \u00e9p\u00fcletek t\u00e9gla \u00e9s csempe kivitelben MOC FACTORY \" src=\"https:\/\/pay.lpwstore.com\/wp-content\/uploads\/2020\/10\/MOC-6195-Winter-Village-Church-Modular-Buildings-by-bricksandtiles-MOC-FACTORY-4.jpg\" alt=\"MOC-6195 Winter Village Church Modular Buildings by bricksandtiles MOC FACTORY \" width=\"800\" height=\"800\" \/><\/a> <img decoding=\"async\" class=\"alignnone size-full wp-image-197136 aligncenter\" src=\"https:\/\/pay.lpwstore.com\/wp-content\/uploads\/2020\/10\/MOC-6195-Winter-Village-Church-Modular-Buildings-by-bricksandtiles-MOC-FACTORY.jpg\" alt=\"MOC-6195-Winter-Village-Church-Modular-Buildings-by-bricksandtiles-MOC-FACTORY\" width=\"800\" height=\"800\" title=\"-\"> <img decoding=\"async\" class=\"alignnone size-full wp-image-197137 aligncenter\" src=\"https:\/\/pay.lpwstore.com\/wp-content\/uploads\/2020\/10\/MOC-6195-Winter-Village-Church-Modular-Buildings-by-bricksandtiles-MOC-FACTORY-2.jpg\" alt=\"MOC-6195-Winter-Village-Church-Modular-Buildings-by-bricksandtiles-MOC-FACTORY-2\" width=\"800\" height=\"800\" title=\"-\"> <img loading=\"lazy\" decoding=\"async\" class=\"alignnone size-full wp-image-197138 aligncenter\" src=\"https:\/\/pay.lpwstore.com\/wp-content\/uploads\/2020\/10\/MOC-6195-Winter-Village-Church-Modular-Buildings-by-bricksandtiles-MOC-FACTORY-3.jpg\" alt=\"MOC-6195-Winter-Village-Church-Modular-Buildings-by-bricksandtiles-MOC-FACTORY-3\" width=\"800\" height=\"800\" title=\"-\"><\/p>","protected":false},"excerpt":{"rendered":"<ul>\n<li>Tartalmazza <strong>2212+<\/strong> db<\/li>\n<li>Online PDF oktat\u00e1s<\/li>\n<li>Kiv\u00e1l\u00f3 min\u0151s\u00e9g\u0171 ABS blokk<\/li>\n<\/ul>","protected":false},"featured_media":21258,"comment_status":"open","ping_status":"closed","template":"","meta":{"_acf_changed":false},"product_cat":[390],"product_tag":[],"class_list":["product","first","instock","shipping-taxable","purchasable","product-type-simple"],"acf":[],"_links":{"self":[{"href":"https:\/\/mouldking.store\/hu\/wp-json\/wp\/v2\/product\/21262","targetHints":{"allow":["GET"]}}],"collection":[{"href":"https:\/\/mouldking.store\/hu\/wp-json\/wp\/v2\/product"}],"about":[{"href":"https:\/\/mouldking.store\/hu\/wp-json\/wp\/v2\/types\/product"}],"replies":[{"embeddable":true,"href":"https:\/\/mouldking.store\/hu\/wp-json\/wp\/v2\/comments?post=21262"}],"wp:featuredmedia":[{"embeddable":true,"href":"https:\/\/mouldking.store\/hu\/wp-json\/wp\/v2\/media\/21258"}],"wp:attachment":[{"href":"https:\/\/mouldking.store\/hu\/wp-json\/wp\/v2\/media?parent=21262"}],"wp:term":[{"taxonomy":"product_cat","embeddable":true,"href":"https:\/\/mouldking.store\/hu\/wp-json\/wp\/v2\/product_cat?post=21262"},{"taxonomy":"product_tag","embeddable":true,"href":"https:\/\/mouldking.store\/hu\/wp-json\/wp\/v2\/product_tag?post=21262"}],"curies":[{"name":"wp","href":"https:\/\/api.w.org\/{rel}","templated":true}]}}