{"id":21303,"date":"2021-10-09T05:05:44","date_gmt":"2021-10-08T22:05:44","guid":{"rendered":"https:\/\/mouldking.store\/shop\/moc-90038-crawler-transporter-for-nasa-saturn-moc-factory\/"},"modified":"2025-12-25T09:24:10","modified_gmt":"2025-12-25T02:24:10","slug":"moc-90038-crawler-transporter-for-nasa-saturn-moc-factory","status":"publish","type":"product","link":"https:\/\/mouldking.store\/hu\/shop\/moc-90038-crawler-transporter-for-nasa-saturn-moc-factory\/","title":{"rendered":"MOC-90038 L\u00e1nctalpas sz\u00e1ll\u00edt\u00f3 a NASA Saturn MOC FACTORY sz\u00e1m\u00e1ra"},"content":{"rendered":"<p style=\"text-align: left\">A MOC-90038 L\u00e1nctalpas sz\u00e1ll\u00edt\u00f3 a NASA Saturn sz\u00e1m\u00e1ra A MOC FACTORY egy k\u00e9szlet az Space kollekci\u00f3b\u00f3l, amelyet apenello tervezett. Ez a MOC 90038 PDF utas\u00edt\u00e1ssal \u00e9rkezik, amely k\u00f6nnyen \u00f6ssze\u00e1ll\u00edthat\u00f3 \u00e9s megtal\u00e1lhatja a hi\u00e1nyz\u00f3 darabokat. A k\u00e9szlet 2365 darabot tartalmaz, el\u0151sz\u00f6r 2020-ban adt\u00e1k ki.<\/p>\n<p><a href=\"https:\/\/pay.lpwstore.com\/wp-content\/uploads\/2020\/11\/MOC-90038-Crawler-transporter-for-NASA-Saturn-MOC-FACTORY.jpg\" target=\"_blank\" rel=\"noopener\"><img fetchpriority=\"high\" decoding=\"async\" class=\"aligncenter wp-image-197324 size-full\" title=\"MOC-90038 L\u00e1nctalpas sz\u00e1ll\u00edt\u00f3 a NASA Saturn MOC FACTORY sz\u00e1m\u00e1ra\" src=\"https:\/\/pay.lpwstore.com\/wp-content\/uploads\/2020\/11\/MOC-90038-Crawler-transporter-for-NASA-Saturn-MOC-FACTORY.jpg\" alt=\"MOC-90038 Crawler-transporter for NASA Saturn MOC FACTORY\" width=\"800\" height=\"800\" \/><\/a> <img decoding=\"async\" class=\"alignnone size-full wp-image-197325 aligncenter\" src=\"https:\/\/pay.lpwstore.com\/wp-content\/uploads\/2020\/11\/MOC-90038-Crawler-transporter-for-NASA-Saturn-MOC-FACTORY-2.jpg\" alt=\"MOC-90038-Crawler-transporter-for-NASA-Saturn-MOC-FACTORY-2\" width=\"800\" height=\"800\" title=\"-\"><\/p>","protected":false},"excerpt":{"rendered":"<ul>\n<li>Tartalmazza <strong>2365+<\/strong> db<\/li>\n<li>Online PDF oktat\u00e1s<\/li>\n<li>Kiv\u00e1l\u00f3 min\u0151s\u00e9g\u0171 ABS blokk<\/li>\n<\/ul>","protected":false},"featured_media":21301,"comment_status":"open","ping_status":"closed","template":"","meta":{"_acf_changed":false},"product_cat":[371],"product_tag":[],"class_list":["product","first","instock","shipping-taxable","purchasable","product-type-simple"],"acf":[],"_links":{"self":[{"href":"https:\/\/mouldking.store\/hu\/wp-json\/wp\/v2\/product\/21303","targetHints":{"allow":["GET"]}}],"collection":[{"href":"https:\/\/mouldking.store\/hu\/wp-json\/wp\/v2\/product"}],"about":[{"href":"https:\/\/mouldking.store\/hu\/wp-json\/wp\/v2\/types\/product"}],"replies":[{"embeddable":true,"href":"https:\/\/mouldking.store\/hu\/wp-json\/wp\/v2\/comments?post=21303"}],"wp:featuredmedia":[{"embeddable":true,"href":"https:\/\/mouldking.store\/hu\/wp-json\/wp\/v2\/media\/21301"}],"wp:attachment":[{"href":"https:\/\/mouldking.store\/hu\/wp-json\/wp\/v2\/media?parent=21303"}],"wp:term":[{"taxonomy":"product_cat","embeddable":true,"href":"https:\/\/mouldking.store\/hu\/wp-json\/wp\/v2\/product_cat?post=21303"},{"taxonomy":"product_tag","embeddable":true,"href":"https:\/\/mouldking.store\/hu\/wp-json\/wp\/v2\/product_tag?post=21303"}],"curies":[{"name":"wp","href":"https:\/\/api.w.org\/{rel}","templated":true}]}}