{"id":21320,"date":"2021-10-09T05:05:58","date_gmt":"2021-10-09T05:05:58","guid":{"rendered":"https:\/\/mouldking.store\/shop\/moc-90040-christmas-reindeer-creator-moc-factory\/"},"modified":"2025-12-25T09:24:10","modified_gmt":"2025-12-25T02:24:10","slug":"moc-90040-christmas-reindeer-creator-moc-factory","status":"publish","type":"product","link":"https:\/\/mouldking.store\/hu\/shop\/moc-90040-christmas-reindeer-creator-moc-factory\/","title":{"rendered":"MOC-90040 kar\u00e1csonyi r\u00e9nszarvas alkot\u00f3 MOC gy\u00e1r"},"content":{"rendered":"<p><span style=\"font-weight: 400\"><strong>MOC-90040 kar\u00e1csonyi r\u00e9nszarvas alkot\u00f3 MOC gy\u00e1r<\/strong> egy be\u00e1ll\u00edtott <\/span><span style=\"font-weight: 400\">Teremt\u0151 <\/span><span style=\"font-weight: 400\">collection. This MOC <\/span><span style=\"font-weight: 400\">90040 <\/span><span style=\"font-weight: 400\">comes with PDF instruction which is easy to build and find the missing pieces. The set contains 383 pieces, first released in 2020.<\/span><\/p>\n<p><a href=\"https:\/\/pay.lpwstore.com\/wp-content\/uploads\/2020\/11\/moc-90040-9.jpg\" target=\"_blank\" rel=\"noopener\"><img fetchpriority=\"high\" decoding=\"async\" class=\"aligncenter wp-image-197366 size-full\" title=\"MOC-90040 kar\u00e1csonyi r\u00e9nszarvas alkot\u00f3 MOC gy\u00e1r\" src=\"https:\/\/pay.lpwstore.com\/wp-content\/uploads\/2020\/11\/moc-90040-9.jpg\" alt=\"MOC-90040 Christmas Reindeer Creator MOCFACTORY\" width=\"800\" height=\"800\" \/><\/a><\/p>\n<p><img decoding=\"async\" class=\"size-full wp-image-197369 aligncenter\" src=\"https:\/\/pay.lpwstore.com\/wp-content\/uploads\/2020\/11\/moc-90040-6.jpg\" alt=\"MOC-90040 Christmas Reindeer Creator MOCFACTORY\" width=\"1000\" height=\"1000\" title=\"-\"><\/p>\n<p><img decoding=\"async\" class=\"size-full wp-image-197368 aligncenter\" src=\"https:\/\/pay.lpwstore.com\/wp-content\/uploads\/2020\/11\/moc-90040-7.jpg\" alt=\"MOC-90040 Christmas Reindeer Creator MOCFACTORY\" width=\"1000\" height=\"1000\" title=\"-\"><\/p>\n<p><img loading=\"lazy\" decoding=\"async\" class=\"size-full wp-image-197367 aligncenter\" src=\"https:\/\/pay.lpwstore.com\/wp-content\/uploads\/2020\/11\/moc-90040-8.jpg\" alt=\"MOC-90040 Christmas Reindeer Creator MOCFACTORY\" width=\"1000\" height=\"1000\" title=\"-\"><\/p>\n<p>&nbsp;<\/p>","protected":false},"excerpt":{"rendered":"<ul>\n<li><span style=\"font-weight: 400\">\u00a0 \u00a0 \u00a0<\/span><span style=\"font-weight: 400\">Tartalmazza <\/span><b>383+<\/b><span style=\"font-weight: 400\"> db<\/span><\/li>\n<li><span style=\"font-weight: 400\"> \u00a0 \u00a0 \u00a0<\/span><span style=\"font-weight: 400\">Online PDF oktat\u00e1s<\/span><\/li>\n<li><span style=\"font-weight: 400\">\u00a0 \u00a0 \u00a0<\/span><span style=\"font-weight: 400\">Kiv\u00e1l\u00f3 min\u0151s\u00e9g\u0171 ABS blokk<\/span><\/li>\n<\/ul>","protected":false},"featured_media":21314,"comment_status":"open","ping_status":"closed","template":"","meta":{"_acf_changed":false},"product_cat":[371],"product_tag":[],"class_list":["product","first","instock","shipping-taxable","purchasable","product-type-simple"],"acf":[],"_links":{"self":[{"href":"https:\/\/mouldking.store\/hu\/wp-json\/wp\/v2\/product\/21320","targetHints":{"allow":["GET"]}}],"collection":[{"href":"https:\/\/mouldking.store\/hu\/wp-json\/wp\/v2\/product"}],"about":[{"href":"https:\/\/mouldking.store\/hu\/wp-json\/wp\/v2\/types\/product"}],"replies":[{"embeddable":true,"href":"https:\/\/mouldking.store\/hu\/wp-json\/wp\/v2\/comments?post=21320"}],"wp:featuredmedia":[{"embeddable":true,"href":"https:\/\/mouldking.store\/hu\/wp-json\/wp\/v2\/media\/21314"}],"wp:attachment":[{"href":"https:\/\/mouldking.store\/hu\/wp-json\/wp\/v2\/media?parent=21320"}],"wp:term":[{"taxonomy":"product_cat","embeddable":true,"href":"https:\/\/mouldking.store\/hu\/wp-json\/wp\/v2\/product_cat?post=21320"},{"taxonomy":"product_tag","embeddable":true,"href":"https:\/\/mouldking.store\/hu\/wp-json\/wp\/v2\/product_tag?post=21320"}],"curies":[{"name":"wp","href":"https:\/\/api.w.org\/{rel}","templated":true}]}}