{"id":21340,"date":"2021-10-09T05:06:18","date_gmt":"2021-10-09T05:06:18","guid":{"rendered":"https:\/\/mouldking.store\/shop\/moc-90044-christmas-gift-box-ornament-creator-moc-factory\/"},"modified":"2025-12-25T09:24:10","modified_gmt":"2025-12-25T02:24:10","slug":"moc-90044-christmas-gift-box-ornament-creator-moc-factory","status":"publish","type":"product","link":"https:\/\/mouldking.store\/hu\/shop\/moc-90044-christmas-gift-box-ornament-creator-moc-factory\/","title":{"rendered":"MOC-90044 Kar\u00e1csonyi d\u00edszdoboz d\u00edszk\u00e9sz\u00edt\u0151 MOC FACTORY"},"content":{"rendered":"<p><span style=\"font-weight: 400\"><strong>MOC-90044 Kar\u00e1csonyi d\u00edszdoboz d\u00edszk\u00e9sz\u00edt\u0151 MOC FACTORY<\/strong> egy be\u00e1ll\u00edtott <\/span><span style=\"font-weight: 400\"><b>Teremt\u0151 <\/b><\/span><span style=\"font-weight: 400\">Gy\u0171jtem\u00e9ny. Ez <strong>MOC<\/strong> <\/span><span style=\"font-weight: 400\"><b>90044 <\/b><\/span><span style=\"font-weight: 400\">PDF-utas\u00edt\u00e1ssal \u00e9rkezik, amelyet k\u00f6nny\u0171 \u00f6ssze\u00e1ll\u00edtani \u00e9s megtal\u00e1lni a hi\u00e1nyz\u00f3 darabokat. A k\u00e9szlet 76 darabot tartalmaz, el\u0151sz\u00f6r 2020-ban adt\u00e1k ki.<\/span><\/p>\n<p><a href=\"https:\/\/pay.lpwstore.com\/wp-content\/uploads\/2020\/11\/moc-90044.jpg\" target=\"_blank\" rel=\"noopener\"><img fetchpriority=\"high\" decoding=\"async\" class=\"aligncenter wp-image-197546 size-full\" title=\"MOC-90044 Kar\u00e1csonyi d\u00edszdoboz d\u00edszk\u00e9sz\u00edt\u0151 MOC FACTORY\" src=\"https:\/\/pay.lpwstore.com\/wp-content\/uploads\/2020\/11\/moc-90044.jpg\" alt=\"MOC-90044 Christmas Gift Box Ornament Creator MOC FACTORY\" width=\"800\" height=\"800\" \/><\/a> <img decoding=\"async\" class=\"size-full wp-image-197544 aligncenter\" src=\"https:\/\/pay.lpwstore.com\/wp-content\/uploads\/2020\/11\/moc-90044-2.jpg\" alt=\"MOC-90044 Christmas Gift Box Ornament Creator MOC FACTORY\" width=\"800\" height=\"800\" title=\"-\"> <img decoding=\"async\" class=\"size-full wp-image-197545 aligncenter\" src=\"https:\/\/pay.lpwstore.com\/wp-content\/uploads\/2020\/11\/moc-90044-1.jpg\" alt=\"MOC-90044 Christmas Gift Box Ornament Creator MOC FACTORY\" width=\"800\" height=\"800\" title=\"-\"><\/p>","protected":false},"excerpt":{"rendered":"<ul>\n<li><span style=\"font-weight: 400\">Tartalmazza <\/span><b>76+<\/b><span style=\"font-weight: 400\"> db<\/span><span style=\"font-weight: 400\">\u00a0 \u00a0<\/span><\/li>\n<li><span style=\"font-weight: 400\">Online PDF oktat\u00e1s<\/span><span style=\"font-weight: 400\">\u00a0<\/span><\/li>\n<li><span style=\"font-weight: 400\">Kiv\u00e1l\u00f3 min\u0151s\u00e9g\u0171 ABS blokk<\/span><\/li>\n<\/ul>","protected":false},"featured_media":21337,"comment_status":"open","ping_status":"closed","template":"","meta":{"_acf_changed":false},"product_cat":[371],"product_tag":[],"class_list":["product","first","instock","shipping-taxable","purchasable","product-type-simple"],"acf":[],"_links":{"self":[{"href":"https:\/\/mouldking.store\/hu\/wp-json\/wp\/v2\/product\/21340","targetHints":{"allow":["GET"]}}],"collection":[{"href":"https:\/\/mouldking.store\/hu\/wp-json\/wp\/v2\/product"}],"about":[{"href":"https:\/\/mouldking.store\/hu\/wp-json\/wp\/v2\/types\/product"}],"replies":[{"embeddable":true,"href":"https:\/\/mouldking.store\/hu\/wp-json\/wp\/v2\/comments?post=21340"}],"wp:featuredmedia":[{"embeddable":true,"href":"https:\/\/mouldking.store\/hu\/wp-json\/wp\/v2\/media\/21337"}],"wp:attachment":[{"href":"https:\/\/mouldking.store\/hu\/wp-json\/wp\/v2\/media?parent=21340"}],"wp:term":[{"taxonomy":"product_cat","embeddable":true,"href":"https:\/\/mouldking.store\/hu\/wp-json\/wp\/v2\/product_cat?post=21340"},{"taxonomy":"product_tag","embeddable":true,"href":"https:\/\/mouldking.store\/hu\/wp-json\/wp\/v2\/product_tag?post=21340"}],"curies":[{"name":"wp","href":"https:\/\/api.w.org\/{rel}","templated":true}]}}