{"id":21387,"date":"2021-10-09T05:07:09","date_gmt":"2021-10-08T22:07:09","guid":{"rendered":"https:\/\/mouldking.store\/shop\/moc-22101-brick-square-post-office-modular-building-moc-factory\/"},"modified":"2025-12-25T09:24:05","modified_gmt":"2025-12-25T02:24:05","slug":"moc-22101-brick-square-post-office-modular-building-moc-factory","status":"publish","type":"product","link":"https:\/\/mouldking.store\/hu\/shop\/moc-22101-brick-square-post-office-modular-building-moc-factory\/","title":{"rendered":"MOC-22101 T\u00e9gla t\u00e9r Posta Modul\u00e1ris \u00e9p\u00fclet MOC GY\u00c1R"},"content":{"rendered":"<p><span style=\"font-weight: 400\"><strong>MOC-22101 T\u00e9gla t\u00e9r Posta Modul\u00e1ris \u00e9p\u00fclet MOC GY\u00c1R<\/strong> egy be\u00e1ll\u00edtott <\/span><span style=\"font-weight: 400\"><b>Modul\u00e1ris \u00e9p\u00fcletek <\/b><\/span><span style=\"font-weight: 400\">Gy\u0171jtem\u00e9ny. Ez <strong>MOC<\/strong> <\/span><span style=\"font-weight: 400\"><b>22101 <\/b><\/span><span style=\"font-weight: 400\">PDF-utas\u00edt\u00e1ssal \u00e9rkezik, amelyet k\u00f6nny\u0171 \u00f6ssze\u00e1ll\u00edtani \u00e9s megtal\u00e1lni a hi\u00e1nyz\u00f3 darabokat. A k\u00e9szlet 3450 darabot tartalmaz, el\u0151sz\u00f6r 2020-ban adt\u00e1k ki.<\/span><\/p>\n<p><a href=\"https:\/\/pay.lpwstore.com\/wp-content\/uploads\/2020\/11\/MOC-22101.jpg\" target=\"_blank\" rel=\"noopener\"><img fetchpriority=\"high\" decoding=\"async\" class=\"aligncenter wp-image-197707 size-full\" title=\"MOC-22101 T\u00e9gla t\u00e9r Posta Modul\u00e1ris \u00e9p\u00fclet MOC GY\u00c1R\" src=\"https:\/\/pay.lpwstore.com\/wp-content\/uploads\/2020\/11\/MOC-22101.jpg\" alt=\"MOC-22101 Brick Square Post Office Modular Building MOC FACTORY\" width=\"800\" height=\"800\" \/><\/a> <img decoding=\"async\" class=\"size-full wp-image-197708 aligncenter\" src=\"https:\/\/pay.lpwstore.com\/wp-content\/uploads\/2020\/11\/MOC-22101-1.jpg\" alt=\"MOC-22101 Brick Square Post Office Modular Building MOC FACTORY\" width=\"800\" height=\"800\" title=\"-\"> <img decoding=\"async\" class=\"size-full wp-image-197710 aligncenter\" src=\"https:\/\/pay.lpwstore.com\/wp-content\/uploads\/2020\/11\/MOC-22101-3.jpg\" alt=\"MOC-22101 Brick Square Post Office Modular Building MOC FACTORY\" width=\"800\" height=\"800\" title=\"-\"><\/p>","protected":false},"excerpt":{"rendered":"<ul>\n<li><span style=\"font-weight: 400\">Tartalmazza <\/span><b>3450+<\/b><span style=\"font-weight: 400\"> db<\/span><\/li>\n<li><span style=\"font-weight: 400\">Online PDF oktat\u00e1s<\/span><\/li>\n<li>Kiv\u00e1l\u00f3 min\u0151s\u00e9g\u0171 ABS blokk<\/li>\n<\/ul>","protected":false},"featured_media":21383,"comment_status":"open","ping_status":"closed","template":"","meta":{"_acf_changed":false},"product_cat":[390],"product_tag":[],"class_list":["product","first","instock","shipping-taxable","purchasable","product-type-simple"],"acf":[],"_links":{"self":[{"href":"https:\/\/mouldking.store\/hu\/wp-json\/wp\/v2\/product\/21387","targetHints":{"allow":["GET"]}}],"collection":[{"href":"https:\/\/mouldking.store\/hu\/wp-json\/wp\/v2\/product"}],"about":[{"href":"https:\/\/mouldking.store\/hu\/wp-json\/wp\/v2\/types\/product"}],"replies":[{"embeddable":true,"href":"https:\/\/mouldking.store\/hu\/wp-json\/wp\/v2\/comments?post=21387"}],"wp:featuredmedia":[{"embeddable":true,"href":"https:\/\/mouldking.store\/hu\/wp-json\/wp\/v2\/media\/21383"}],"wp:attachment":[{"href":"https:\/\/mouldking.store\/hu\/wp-json\/wp\/v2\/media?parent=21387"}],"wp:term":[{"taxonomy":"product_cat","embeddable":true,"href":"https:\/\/mouldking.store\/hu\/wp-json\/wp\/v2\/product_cat?post=21387"},{"taxonomy":"product_tag","embeddable":true,"href":"https:\/\/mouldking.store\/hu\/wp-json\/wp\/v2\/product_tag?post=21387"}],"curies":[{"name":"wp","href":"https:\/\/api.w.org\/{rel}","templated":true}]}}