{"id":21402,"date":"2021-10-09T05:07:30","date_gmt":"2021-10-09T05:07:30","guid":{"rendered":"https:\/\/mouldking.store\/shop\/moc-54560-walking-at-te-star-wars-by-jkbrickworks-moc-factory\/"},"modified":"2025-12-25T09:24:05","modified_gmt":"2025-12-25T02:24:05","slug":"moc-54560-walking-at-te-star-wars-by-jkbrickworks-moc-factory","status":"publish","type":"product","link":"https:\/\/mouldking.store\/hu\/shop\/moc-54560-walking-at-te-star-wars-by-jkbrickworks-moc-factory\/","title":{"rendered":"MOC-54560 Walking AT-TE Star Wars, JKBrickworks MOC FACTORY"},"content":{"rendered":"<p style=\"text-align: left\">A MOC-54560 Walking AT-TE Star Wars a JKBrickworkst\u0151l A MOC FACTORY a JKBrickworks \u00e1ltal tervezett Star Wars kollekci\u00f3ban tal\u00e1lhat\u00f3 k\u00e9szlet. Ehhez a MOC 54560-hoz PDF utas\u00edt\u00e1sok tartoznak, amelyek k\u00f6nnyen \u00f6ssze\u00e1ll\u00edthat\u00f3k \u00e9s megtal\u00e1lhatj\u00e1k a hi\u00e1nyz\u00f3 r\u00e9szeket. A k\u00e9szlet 556 darabot tartalmaz, el\u0151sz\u00f6r 2020-ban adt\u00e1k ki.<\/p>\n<figure id=\"attachment_197871\" aria-describedby=\"caption-attachment-197871\" style=\"width: 800px\" class=\"wp-caption aligncenter\"><a href=\"https:\/\/pay.lpwstore.com\/wp-content\/uploads\/2020\/11\/MOC-54560-Walking-AT-TE-Star-Wars-by-JKBrickworks-MOC-FACTORY.jpg\" target=\"_blank\" rel=\"noopener\"><img fetchpriority=\"high\" decoding=\"async\" class=\"wp-image-197871 size-full\" title=\"MOC-54560 Walking AT-TE Star Wars, JKBrickworks MOC FACTORY\" src=\"https:\/\/pay.lpwstore.com\/wp-content\/uploads\/2020\/11\/MOC-54560-Walking-AT-TE-Star-Wars-by-JKBrickworks-MOC-FACTORY.jpg\" alt=\"MOC-54560 Walking AT-TE Star Wars by JKBrickworks MOC FACTORY\" width=\"800\" height=\"800\" \/><\/a><figcaption id=\"caption-attachment-197871\" class=\"wp-caption-text\">MOC-54560 Walking AT-TE Star Wars, JKBrickworks MOC FACTORY<\/figcaption><\/figure>\n<p><img decoding=\"async\" class=\"alignnone size-full wp-image-197872 aligncenter\" src=\"https:\/\/pay.lpwstore.com\/wp-content\/uploads\/2020\/11\/MOC-54560-Walking-AT-TE-Star-Wars-by-JKBrickworks-MOC-FACTORY-2.jpg\" alt=\"MOC-54560-Walking-AT-TE-Star-Wars-by-JKBrickworks-MOC-FACTORY-2\" width=\"800\" height=\"800\" title=\"-\"> <img decoding=\"async\" class=\"alignnone size-full wp-image-197873 aligncenter\" src=\"https:\/\/pay.lpwstore.com\/wp-content\/uploads\/2020\/11\/MOC-54560-Walking-AT-TE-Star-Wars-by-JKBrickworks-MOC-FACTORY-3.jpg\" alt=\"MOC-54560-Walking-AT-TE-Star-Wars-by-JKBrickworks-MOC-FACTORY-3\" width=\"800\" height=\"800\" title=\"-\"><\/p>","protected":false},"excerpt":{"rendered":"<ul>\n<li>Tartalmazza <strong>556+<\/strong> db<\/li>\n<li>Online PDF oktat\u00e1s<\/li>\n<li>Kiv\u00e1l\u00f3 min\u0151s\u00e9g\u0171 ABS blokk<\/li>\n<\/ul>","protected":false},"featured_media":21399,"comment_status":"open","ping_status":"closed","template":"","meta":{"_acf_changed":false},"product_cat":[415],"product_tag":[],"class_list":["product","first","instock","shipping-taxable","purchasable","product-type-simple"],"acf":[],"_links":{"self":[{"href":"https:\/\/mouldking.store\/hu\/wp-json\/wp\/v2\/product\/21402","targetHints":{"allow":["GET"]}}],"collection":[{"href":"https:\/\/mouldking.store\/hu\/wp-json\/wp\/v2\/product"}],"about":[{"href":"https:\/\/mouldking.store\/hu\/wp-json\/wp\/v2\/types\/product"}],"replies":[{"embeddable":true,"href":"https:\/\/mouldking.store\/hu\/wp-json\/wp\/v2\/comments?post=21402"}],"wp:featuredmedia":[{"embeddable":true,"href":"https:\/\/mouldking.store\/hu\/wp-json\/wp\/v2\/media\/21399"}],"wp:attachment":[{"href":"https:\/\/mouldking.store\/hu\/wp-json\/wp\/v2\/media?parent=21402"}],"wp:term":[{"taxonomy":"product_cat","embeddable":true,"href":"https:\/\/mouldking.store\/hu\/wp-json\/wp\/v2\/product_cat?post=21402"},{"taxonomy":"product_tag","embeddable":true,"href":"https:\/\/mouldking.store\/hu\/wp-json\/wp\/v2\/product_tag?post=21402"}],"curies":[{"name":"wp","href":"https:\/\/api.w.org\/{rel}","templated":true}]}}