{"id":21430,"date":"2021-10-09T05:08:10","date_gmt":"2021-10-08T22:08:10","guid":{"rendered":"https:\/\/mouldking.store\/shop\/moc-20097-lukes-home-on-tatooine-lars-homestead-star-wars-by-empirebricks-moc-factory\/"},"modified":"2025-12-25T09:24:04","modified_gmt":"2025-12-25T02:24:04","slug":"moc-20097-lukes-home-on-tatooine-lars-homestead-star-wars-by-empirebricks-moc-factory","status":"publish","type":"product","link":"https:\/\/mouldking.store\/hu\/shop\/moc-20097-lukes-home-on-tatooine-lars-homestead-star-wars-by-empirebricks-moc-factory\/","title":{"rendered":"MOC-20097 Luke otthona a Tatooine-on \u2013 Lars Homestead Star Wars, EmpireBricks MOC FACTORY"},"content":{"rendered":"<p><span style=\"font-weight: 400\"><strong>MOC-20097 Luke otthona a Tatooine-on \u2013 Lars Homestead Star Wars, EmpireBricks MOC FACTORY<\/strong> egy be\u00e1ll\u00edtott <strong>Csillagok h\u00e1bor\u00faja <\/strong><\/span><span style=\"font-weight: 400\">Gy\u0171jtem\u00e9ny. Ez <strong>MOC<\/strong> <\/span><span style=\"font-weight: 400\"><b>20097 <\/b><\/span><span style=\"font-weight: 400\">PDF-utas\u00edt\u00e1ssal \u00e9rkezik, amelyet k\u00f6nny\u0171 \u00f6ssze\u00e1ll\u00edtani \u00e9s megtal\u00e1lni a hi\u00e1nyz\u00f3 darabokat. A k\u00e9szlet xxx darabot tartalmaz, el\u0151sz\u00f6r 2020-ban adt\u00e1k ki.<\/span><\/p>\n<figure id=\"attachment_197920\" aria-describedby=\"caption-attachment-197920\" style=\"width: 800px\" class=\"wp-caption aligncenter\"><a href=\"https:\/\/pay.lpwstore.com\/wp-content\/uploads\/2020\/11\/MOC-20097.jpg\" target=\"_blank\" rel=\"noopener\"><img fetchpriority=\"high\" decoding=\"async\" class=\"wp-image-197920 size-full\" title=\"MOC-20097 Luke otthona a Tatooine-on \u2013 Lars Homestead Star Wars, EmpireBricks MOC FACTORY\" src=\"https:\/\/pay.lpwstore.com\/wp-content\/uploads\/2020\/11\/MOC-20097.jpg\" alt=\"MOC-20097 Luke's Home On Tatooine - Lars Homestead Star Wars by EmpireBricks MOC FACTORY\" width=\"800\" height=\"800\" \/><\/a><figcaption id=\"caption-attachment-197920\" class=\"wp-caption-text\">MOC-20097 Luke otthona a Tatooine-on \u2013 Lars Homestead Star Wars, EmpireBricks MOC FACTORY<\/figcaption><\/figure>\n<p><img decoding=\"async\" class=\"size-full wp-image-197921 aligncenter\" src=\"https:\/\/pay.lpwstore.com\/wp-content\/uploads\/2020\/11\/MOC-20097-1.jpg\" alt=\"MOC-20097 Luke&#039;s Home On Tatooine - Lars Homestead Star Wars by EmpireBricks MOC FACTORY\" width=\"800\" height=\"800\" title=\"-\"><\/p>","protected":false},"excerpt":{"rendered":"<ul>\n<li><span style=\"font-weight: 400\">Tartalmazza <\/span><b>456+<\/b><span style=\"font-weight: 400\"> db<\/span><\/li>\n<li><span style=\"font-weight: 400\">Online PDF oktat\u00e1s<\/span><\/li>\n<li><span style=\"font-weight: 400\">Kiv\u00e1l\u00f3 min\u0151s\u00e9g\u0171 ABS blokk<\/span><\/li>\n<\/ul>","protected":false},"featured_media":21427,"comment_status":"open","ping_status":"closed","template":"","meta":{"_acf_changed":false},"product_cat":[415],"product_tag":[],"class_list":["product","first","instock","shipping-taxable","purchasable","product-type-simple"],"acf":[],"_links":{"self":[{"href":"https:\/\/mouldking.store\/hu\/wp-json\/wp\/v2\/product\/21430","targetHints":{"allow":["GET"]}}],"collection":[{"href":"https:\/\/mouldking.store\/hu\/wp-json\/wp\/v2\/product"}],"about":[{"href":"https:\/\/mouldking.store\/hu\/wp-json\/wp\/v2\/types\/product"}],"replies":[{"embeddable":true,"href":"https:\/\/mouldking.store\/hu\/wp-json\/wp\/v2\/comments?post=21430"}],"wp:featuredmedia":[{"embeddable":true,"href":"https:\/\/mouldking.store\/hu\/wp-json\/wp\/v2\/media\/21427"}],"wp:attachment":[{"href":"https:\/\/mouldking.store\/hu\/wp-json\/wp\/v2\/media?parent=21430"}],"wp:term":[{"taxonomy":"product_cat","embeddable":true,"href":"https:\/\/mouldking.store\/hu\/wp-json\/wp\/v2\/product_cat?post=21430"},{"taxonomy":"product_tag","embeddable":true,"href":"https:\/\/mouldking.store\/hu\/wp-json\/wp\/v2\/product_tag?post=21430"}],"curies":[{"name":"wp","href":"https:\/\/api.w.org\/{rel}","templated":true}]}}