{"id":21453,"date":"2021-10-09T05:08:34","date_gmt":"2021-10-08T22:08:34","guid":{"rendered":"https:\/\/mouldking.store\/shop\/moc-49649-71374-duck-hunt-nintendo-entertainment-system-alternative-build-creator-expert-by-buildmaster-moc-factory\/"},"modified":"2025-12-25T09:24:03","modified_gmt":"2025-12-25T02:24:03","slug":"moc-49649-71374-duck-hunt-nintendo-entertainment-system-alternative-build-creator-expert-by-buildmaster-moc-factory","status":"publish","type":"product","link":"https:\/\/mouldking.store\/hu\/shop\/moc-49649-71374-duck-hunt-nintendo-entertainment-system-alternative-build-creator-expert-by-buildmaster-moc-factory\/","title":{"rendered":"MOC-49649 71374 Duck Hunt | Nintendo Entertainment System Alternative Build Creator Expert by BuildMaster MOC FACTORY"},"content":{"rendered":"<p><strong>MOC-49649 71374 Duck Hunt | Nintendo Entertainment System Alternative Build Creator by BuildMaster MOC FACTORY<\/strong> is a set in Creator collection. This <strong>MOC<\/strong> <strong>49649 <\/strong>comes with PDF instruction which is easy to build and find the missing pieces. The set contains 818 pieces, first released in 2020.<\/p>\n<figure id=\"attachment_197979\" aria-describedby=\"caption-attachment-197979\" style=\"width: 800px\" class=\"wp-caption alignnone\"><a href=\"https:\/\/pay.lpwstore.com\/wp-content\/uploads\/2020\/11\/MOC-49649-1.jpg\" target=\"_blank\" rel=\"noopener\"><img fetchpriority=\"high\" decoding=\"async\" class=\"wp-image-197979 size-full\" title=\"MOC-49649 71374 Duck Hunt | Nintendo Entertainment System Alternative Build Creator Expert by BuildMaster MOC FACTORY\" src=\"https:\/\/pay.lpwstore.com\/wp-content\/uploads\/2020\/11\/MOC-49649-1.jpg\" alt=\"MOC-49649 71374 Duck Hunt | Nintendo Entertainment System Alternative Build Creator Expert by BuildMaster MOC FACTORY\" width=\"800\" height=\"800\" \/><\/a><figcaption id=\"caption-attachment-197979\" class=\"wp-caption-text\">MOC-49649 71374 Duck Hunt | Nintendo Entertainment System Alternative Build Creator Expert by BuildMaster MOC FACTORY<\/figcaption><\/figure>","protected":false},"excerpt":{"rendered":"<ul>\n<li>Tartalmazza\u00a0<b>818+<\/b>\u00a0db<\/li>\n<li>Online PDF oktat\u00e1s<\/li>\n<li>Kiv\u00e1l\u00f3 min\u0151s\u00e9g\u0171 ABS blokk<\/li>\n<\/ul>","protected":false},"featured_media":21452,"comment_status":"open","ping_status":"closed","template":"","meta":{"_acf_changed":false},"product_cat":[371],"product_tag":[],"class_list":["product","first","outofstock","shipping-taxable","purchasable","product-type-simple"],"acf":[],"_links":{"self":[{"href":"https:\/\/mouldking.store\/hu\/wp-json\/wp\/v2\/product\/21453","targetHints":{"allow":["GET"]}}],"collection":[{"href":"https:\/\/mouldking.store\/hu\/wp-json\/wp\/v2\/product"}],"about":[{"href":"https:\/\/mouldking.store\/hu\/wp-json\/wp\/v2\/types\/product"}],"replies":[{"embeddable":true,"href":"https:\/\/mouldking.store\/hu\/wp-json\/wp\/v2\/comments?post=21453"}],"wp:featuredmedia":[{"embeddable":true,"href":"https:\/\/mouldking.store\/hu\/wp-json\/wp\/v2\/media\/21452"}],"wp:attachment":[{"href":"https:\/\/mouldking.store\/hu\/wp-json\/wp\/v2\/media?parent=21453"}],"wp:term":[{"taxonomy":"product_cat","embeddable":true,"href":"https:\/\/mouldking.store\/hu\/wp-json\/wp\/v2\/product_cat?post=21453"},{"taxonomy":"product_tag","embeddable":true,"href":"https:\/\/mouldking.store\/hu\/wp-json\/wp\/v2\/product_tag?post=21453"}],"curies":[{"name":"wp","href":"https:\/\/api.w.org\/{rel}","templated":true}]}}