{"id":21538,"date":"2021-10-09T05:09:51","date_gmt":"2021-10-08T22:09:51","guid":{"rendered":"https:\/\/mouldking.store\/shop\/moc-90053-mos-eisley-spaceport-falcon-landspeeder-star-wars-moc-factory\/"},"modified":"2025-12-25T09:23:57","modified_gmt":"2025-12-25T02:23:57","slug":"moc-90053-mos-eisley-spaceport-falcon-landspeeder-star-wars-moc-factory","status":"publish","type":"product","link":"https:\/\/mouldking.store\/hu\/shop\/moc-90053-mos-eisley-spaceport-falcon-landspeeder-star-wars-moc-factory\/","title":{"rendered":"MOC-90053 Mos Eisley \u0171rkik\u00f6t\u0151 + Falcon + Landspeeder Star Wars MOC GY\u00c1R"},"content":{"rendered":"<p>A MOC-90053 Mos Eisley \u0170rkik\u00f6t\u0151 + Falcon + Landspeeder Star Wars MOC FACTORY egy k\u00e9szlet a Star Wars kollekci\u00f3ban. Ez a MOC 90053 PDF utas\u00edt\u00e1ssal \u00e9rkezik, amely k\u00f6nnyen \u00f6ssze\u00e1ll\u00edthat\u00f3 \u00e9s megtal\u00e1lhatja a hi\u00e1nyz\u00f3 r\u00e9szeket. A k\u00e9szlet 6699+ darabot tartalmaz, el\u0151sz\u00f6r 2020-ban adt\u00e1k ki.<\/p>\n<figure id=\"attachment_198385\" aria-describedby=\"caption-attachment-198385\" style=\"width: 800px\" class=\"wp-caption aligncenter\"><a href=\"https:\/\/pay.lpwstore.com\/wp-content\/uploads\/2020\/11\/MOC-90053-Mos-Eisley-Spaceport-Falcon-Landspeeder-Star-Wars-MOC-FACTORY.jpg\" target=\"_blank\" rel=\"noopener\"><img fetchpriority=\"high\" decoding=\"async\" class=\"wp-image-198385 size-full\" title=\"MOC-90053 Mos Eisley \u0171rkik\u00f6t\u0151 + Falcon + Landspeeder Star Wars MOC GY\u00c1R\" src=\"https:\/\/pay.lpwstore.com\/wp-content\/uploads\/2020\/11\/MOC-90053-Mos-Eisley-Spaceport-Falcon-Landspeeder-Star-Wars-MOC-FACTORY.jpg\" alt=\"MOC-90053 Mos Eisley Spaceport + Falcon + Landspeeder Star Wars MOC FACTORY\" width=\"800\" height=\"800\" \/><\/a><figcaption id=\"caption-attachment-198385\" class=\"wp-caption-text\">MOC-90053 Mos Eisley \u0171rkik\u00f6t\u0151 + Falcon + Landspeeder Star Wars MOC GY\u00c1R<\/figcaption><\/figure>\n<p><img decoding=\"async\" class=\"size-medium wp-image-198386 aligncenter\" src=\"https:\/\/pay.lpwstore.com\/wp-content\/uploads\/2020\/11\/MOC-90053-Mos-Eisley-Spaceport-Falcon-Landspeeder-Star-Wars-MOC-FACTORY-2.jpg\" alt=\"-\" width=\"800\" height=\"800\" title=\"-\"><\/p>","protected":false},"excerpt":{"rendered":"<p>Ez a k\u00e9szlet az A New Hope MOC 41406 Mos Eisley Spaceport &amp; MOC 24884 stifos \u2013 Millennium-Falcon &amp; MOC-41385 Luke&#039;s X-34 SoroSuub Landspeeder kombin\u00e1ci\u00f3ja.<\/p>\n<ul>\n<li>6699+ db<\/li>\n<li>Online PDF oktat\u00e1s<\/li>\n<li>Kiv\u00e1l\u00f3 min\u0151s\u00e9g\u0171 ABS blokk<\/li>\n<\/ul>","protected":false},"featured_media":21536,"comment_status":"open","ping_status":"closed","template":"","meta":{"_acf_changed":false},"product_cat":[415],"product_tag":[],"class_list":["product","first","outofstock","shipping-taxable","purchasable","product-type-simple"],"acf":[],"_links":{"self":[{"href":"https:\/\/mouldking.store\/hu\/wp-json\/wp\/v2\/product\/21538","targetHints":{"allow":["GET"]}}],"collection":[{"href":"https:\/\/mouldking.store\/hu\/wp-json\/wp\/v2\/product"}],"about":[{"href":"https:\/\/mouldking.store\/hu\/wp-json\/wp\/v2\/types\/product"}],"replies":[{"embeddable":true,"href":"https:\/\/mouldking.store\/hu\/wp-json\/wp\/v2\/comments?post=21538"}],"wp:featuredmedia":[{"embeddable":true,"href":"https:\/\/mouldking.store\/hu\/wp-json\/wp\/v2\/media\/21536"}],"wp:attachment":[{"href":"https:\/\/mouldking.store\/hu\/wp-json\/wp\/v2\/media?parent=21538"}],"wp:term":[{"taxonomy":"product_cat","embeddable":true,"href":"https:\/\/mouldking.store\/hu\/wp-json\/wp\/v2\/product_cat?post=21538"},{"taxonomy":"product_tag","embeddable":true,"href":"https:\/\/mouldking.store\/hu\/wp-json\/wp\/v2\/product_tag?post=21538"}],"curies":[{"name":"wp","href":"https:\/\/api.w.org\/{rel}","templated":true}]}}