{"id":21579,"date":"2021-10-09T05:10:19","date_gmt":"2021-10-08T22:10:19","guid":{"rendered":"https:\/\/mouldking.store\/shop\/moc-54743-starhawk-battleship-star-wars-movie-by-scoutthetrooper-moc-factory\/"},"modified":"2025-12-25T09:23:56","modified_gmt":"2025-12-25T02:23:56","slug":"moc-54743-starhawk-battleship-star-wars-movie-by-scoutthetrooper-moc-factory","status":"publish","type":"product","link":"https:\/\/mouldking.store\/hu\/shop\/moc-54743-starhawk-battleship-star-wars-movie-by-scoutthetrooper-moc-factory\/","title":{"rendered":"MOC-54743 Starhawk Battleship Star Wars film, a felder\u00edt\u0151 MOC FACTORY"},"content":{"rendered":"<p style=\"text-align: left;\">MOC-54743 Starhawk Battleship Star Wars Movie by scoutthetrooper MOC FACTORY is a set in Star Wars collection, designed by scoutthetrooper. This MOC 54743 comes with PDF instruction which is easy to build and find the missing pieces. The set contains 2094 pieces, first released in 2020.<\/p>\n<figure id=\"attachment_198471\" class=\"wp-caption aligncenter\" style=\"width: 800px;\" aria-describedby=\"caption-attachment-198471\"><figcaption id=\"caption-attachment-198471\" class=\"wp-caption-text\">\n<figure id=\"attachment_21574\" aria-describedby=\"caption-attachment-21574\" style=\"width: 800px\" class=\"wp-caption aligncenter\"><img fetchpriority=\"high\" decoding=\"async\" class=\"wp-image-21574 size-full\" src=\"https:\/\/mouldking.store\/wp-content\/uploads\/2021\/10\/MOC-54743-Starhawk-Battleship-Star-Wars-Movie-by-scoutthetrooper-MOC-FACTORY.jpg\" alt=\"MOC-54743 Starhawk Battleship Star Wars Movie by scoutthetrooper MOC FACTORY\" width=\"800\" height=\"800\" title=\"-\" srcset=\"https:\/\/mouldking.store\/wp-content\/uploads\/2021\/10\/MOC-54743-Starhawk-Battleship-Star-Wars-Movie-by-scoutthetrooper-MOC-FACTORY.jpg 800w, https:\/\/mouldking.store\/wp-content\/uploads\/2021\/10\/MOC-54743-Starhawk-Battleship-Star-Wars-Movie-by-scoutthetrooper-MOC-FACTORY-300x300.jpg 300w, https:\/\/mouldking.store\/wp-content\/uploads\/2021\/10\/MOC-54743-Starhawk-Battleship-Star-Wars-Movie-by-scoutthetrooper-MOC-FACTORY-768x768.jpg 768w, https:\/\/mouldking.store\/wp-content\/uploads\/2021\/10\/MOC-54743-Starhawk-Battleship-Star-Wars-Movie-by-scoutthetrooper-MOC-FACTORY-600x600.jpg 600w, https:\/\/mouldking.store\/wp-content\/uploads\/2021\/10\/MOC-54743-Starhawk-Battleship-Star-Wars-Movie-by-scoutthetrooper-MOC-FACTORY-150x150.jpg 150w\" sizes=\"(max-width: 800px) 100vw, 800px\" \/><figcaption id=\"caption-attachment-21574\" class=\"wp-caption-text\">MOC-54743 Starhawk Battleship Star Wars film, a felder\u00edt\u0151 MOC FACTORY<\/figcaption><\/figure>\n<figure id=\"attachment_21575\" aria-describedby=\"caption-attachment-21575\" style=\"width: 800px\" class=\"wp-caption aligncenter\"><img decoding=\"async\" class=\"wp-image-21575 size-full\" src=\"https:\/\/mouldking.store\/wp-content\/uploads\/2021\/10\/MOC-54743-Starhawk-Battleship-Star-Wars-Movie-by-scoutthetrooper-MOC-FACTORY-2.jpg\" alt=\"MOC-54743 Starhawk Battleship Star Wars Movie by scoutthetrooper MOC FACTORY\" width=\"800\" height=\"800\" title=\"-\" srcset=\"https:\/\/mouldking.store\/wp-content\/uploads\/2021\/10\/MOC-54743-Starhawk-Battleship-Star-Wars-Movie-by-scoutthetrooper-MOC-FACTORY-2.jpg 800w, https:\/\/mouldking.store\/wp-content\/uploads\/2021\/10\/MOC-54743-Starhawk-Battleship-Star-Wars-Movie-by-scoutthetrooper-MOC-FACTORY-2-300x300.jpg 300w, https:\/\/mouldking.store\/wp-content\/uploads\/2021\/10\/MOC-54743-Starhawk-Battleship-Star-Wars-Movie-by-scoutthetrooper-MOC-FACTORY-2-768x768.jpg 768w, https:\/\/mouldking.store\/wp-content\/uploads\/2021\/10\/MOC-54743-Starhawk-Battleship-Star-Wars-Movie-by-scoutthetrooper-MOC-FACTORY-2-600x600.jpg 600w, https:\/\/mouldking.store\/wp-content\/uploads\/2021\/10\/MOC-54743-Starhawk-Battleship-Star-Wars-Movie-by-scoutthetrooper-MOC-FACTORY-2-150x150.jpg 150w\" sizes=\"(max-width: 800px) 100vw, 800px\" \/><figcaption id=\"caption-attachment-21575\" class=\"wp-caption-text\">MOC-54743 Starhawk Battleship Star Wars film, a felder\u00edt\u0151 MOC FACTORY<\/figcaption><\/figure>\n<figure id=\"attachment_21576\" aria-describedby=\"caption-attachment-21576\" style=\"width: 800px\" class=\"wp-caption aligncenter\"><img decoding=\"async\" class=\"wp-image-21576 size-full\" src=\"https:\/\/mouldking.store\/wp-content\/uploads\/2021\/10\/MOC-54743-Starhawk-Battleship-Star-Wars-Movie-by-scoutthetrooper-MOC-FACTORY-3.jpg\" alt=\"MOC-54743 Starhawk Battleship Star Wars Movie by scoutthetrooper MOC FACTORY\" width=\"800\" height=\"800\" title=\"-\" srcset=\"https:\/\/mouldking.store\/wp-content\/uploads\/2021\/10\/MOC-54743-Starhawk-Battleship-Star-Wars-Movie-by-scoutthetrooper-MOC-FACTORY-3.jpg 800w, https:\/\/mouldking.store\/wp-content\/uploads\/2021\/10\/MOC-54743-Starhawk-Battleship-Star-Wars-Movie-by-scoutthetrooper-MOC-FACTORY-3-300x300.jpg 300w, https:\/\/mouldking.store\/wp-content\/uploads\/2021\/10\/MOC-54743-Starhawk-Battleship-Star-Wars-Movie-by-scoutthetrooper-MOC-FACTORY-3-768x768.jpg 768w, https:\/\/mouldking.store\/wp-content\/uploads\/2021\/10\/MOC-54743-Starhawk-Battleship-Star-Wars-Movie-by-scoutthetrooper-MOC-FACTORY-3-600x600.jpg 600w, https:\/\/mouldking.store\/wp-content\/uploads\/2021\/10\/MOC-54743-Starhawk-Battleship-Star-Wars-Movie-by-scoutthetrooper-MOC-FACTORY-3-150x150.jpg 150w\" sizes=\"(max-width: 800px) 100vw, 800px\" \/><figcaption id=\"caption-attachment-21576\" class=\"wp-caption-text\">MOC-54743 Starhawk Battleship Star Wars film, a felder\u00edt\u0151 MOC FACTORY<\/figcaption><\/figure>\n<figure id=\"attachment_21578\" aria-describedby=\"caption-attachment-21578\" style=\"width: 800px\" class=\"wp-caption aligncenter\"><img loading=\"lazy\" decoding=\"async\" class=\"wp-image-21578 size-full\" src=\"https:\/\/mouldking.store\/wp-content\/uploads\/2021\/10\/MOC-54743-Starhawk-Battleship-Star-Wars-Movie-by-scoutthetrooper-MOC-FACTORY-5.jpg\" alt=\"MOC-54743 Starhawk Battleship Star Wars Movie by scoutthetrooper MOC FACTORY\" width=\"800\" height=\"800\" title=\"-\" srcset=\"https:\/\/mouldking.store\/wp-content\/uploads\/2021\/10\/MOC-54743-Starhawk-Battleship-Star-Wars-Movie-by-scoutthetrooper-MOC-FACTORY-5.jpg 800w, https:\/\/mouldking.store\/wp-content\/uploads\/2021\/10\/MOC-54743-Starhawk-Battleship-Star-Wars-Movie-by-scoutthetrooper-MOC-FACTORY-5-300x300.jpg 300w, https:\/\/mouldking.store\/wp-content\/uploads\/2021\/10\/MOC-54743-Starhawk-Battleship-Star-Wars-Movie-by-scoutthetrooper-MOC-FACTORY-5-768x768.jpg 768w, https:\/\/mouldking.store\/wp-content\/uploads\/2021\/10\/MOC-54743-Starhawk-Battleship-Star-Wars-Movie-by-scoutthetrooper-MOC-FACTORY-5-600x600.jpg 600w, https:\/\/mouldking.store\/wp-content\/uploads\/2021\/10\/MOC-54743-Starhawk-Battleship-Star-Wars-Movie-by-scoutthetrooper-MOC-FACTORY-5-150x150.jpg 150w\" sizes=\"(max-width: 800px) 100vw, 800px\" \/><figcaption id=\"caption-attachment-21578\" class=\"wp-caption-text\">MOC-54743 Starhawk Battleship Star Wars film, a felder\u00edt\u0151 MOC FACTORY<\/figcaption><\/figure>\n<figure id=\"attachment_21577\" aria-describedby=\"caption-attachment-21577\" style=\"width: 800px\" class=\"wp-caption aligncenter\"><img loading=\"lazy\" decoding=\"async\" class=\"wp-image-21577 size-full\" src=\"https:\/\/mouldking.store\/wp-content\/uploads\/2021\/10\/MOC-54743-Starhawk-Battleship-Star-Wars-Movie-by-scoutthetrooper-MOC-FACTORY-4.jpg\" alt=\"MOC-54743 Starhawk Battleship Star Wars Movie by scoutthetrooper MOC FACTORY\" width=\"800\" height=\"800\" title=\"-\" srcset=\"https:\/\/mouldking.store\/wp-content\/uploads\/2021\/10\/MOC-54743-Starhawk-Battleship-Star-Wars-Movie-by-scoutthetrooper-MOC-FACTORY-4.jpg 800w, https:\/\/mouldking.store\/wp-content\/uploads\/2021\/10\/MOC-54743-Starhawk-Battleship-Star-Wars-Movie-by-scoutthetrooper-MOC-FACTORY-4-300x300.jpg 300w, https:\/\/mouldking.store\/wp-content\/uploads\/2021\/10\/MOC-54743-Starhawk-Battleship-Star-Wars-Movie-by-scoutthetrooper-MOC-FACTORY-4-768x768.jpg 768w, https:\/\/mouldking.store\/wp-content\/uploads\/2021\/10\/MOC-54743-Starhawk-Battleship-Star-Wars-Movie-by-scoutthetrooper-MOC-FACTORY-4-600x600.jpg 600w, https:\/\/mouldking.store\/wp-content\/uploads\/2021\/10\/MOC-54743-Starhawk-Battleship-Star-Wars-Movie-by-scoutthetrooper-MOC-FACTORY-4-150x150.jpg 150w\" sizes=\"(max-width: 800px) 100vw, 800px\" \/><figcaption id=\"caption-attachment-21577\" class=\"wp-caption-text\">MOC-54743 Starhawk Battleship Star Wars film, a felder\u00edt\u0151 MOC FACTORY<\/figcaption><\/figure>\n<\/figcaption><\/figure>\n<p>&nbsp;<\/p>","protected":false},"excerpt":{"rendered":"<ul>\n<li>Tartalmazza <strong>2094+<\/strong> db<\/li>\n<li>Online PDF oktat\u00e1s<\/li>\n<li>Kiv\u00e1l\u00f3 min\u0151s\u00e9g\u0171 ABS blokk<\/li>\n<\/ul>","protected":false},"featured_media":21574,"comment_status":"open","ping_status":"closed","template":"","meta":{"_acf_changed":false},"product_cat":[415],"product_tag":[5703,5699,5700,5698,5702,5701],"class_list":["product","first","instock","shipping-taxable","purchasable","product-type-simple"],"acf":[],"_links":{"self":[{"href":"https:\/\/mouldking.store\/hu\/wp-json\/wp\/v2\/product\/21579","targetHints":{"allow":["GET"]}}],"collection":[{"href":"https:\/\/mouldking.store\/hu\/wp-json\/wp\/v2\/product"}],"about":[{"href":"https:\/\/mouldking.store\/hu\/wp-json\/wp\/v2\/types\/product"}],"replies":[{"embeddable":true,"href":"https:\/\/mouldking.store\/hu\/wp-json\/wp\/v2\/comments?post=21579"}],"wp:featuredmedia":[{"embeddable":true,"href":"https:\/\/mouldking.store\/hu\/wp-json\/wp\/v2\/media\/21574"}],"wp:attachment":[{"href":"https:\/\/mouldking.store\/hu\/wp-json\/wp\/v2\/media?parent=21579"}],"wp:term":[{"taxonomy":"product_cat","embeddable":true,"href":"https:\/\/mouldking.store\/hu\/wp-json\/wp\/v2\/product_cat?post=21579"},{"taxonomy":"product_tag","embeddable":true,"href":"https:\/\/mouldking.store\/hu\/wp-json\/wp\/v2\/product_tag?post=21579"}],"curies":[{"name":"wp","href":"https:\/\/api.w.org\/{rel}","templated":true}]}}