{"id":21615,"date":"2021-10-09T05:10:49","date_gmt":"2021-10-08T22:10:49","guid":{"rendered":"https:\/\/mouldking.store\/shop\/moc-31632-h%d6%85gwarts-express-and-hogsmeade-station-architecture-harry-potter-movie-by-momatteo79-moc-factory\/"},"modified":"2025-12-25T09:23:56","modified_gmt":"2025-12-25T02:23:56","slug":"moc-31632-h%d6%85gwarts-express-and-hogsmeade-station-architecture-harry-potter-movie-by-momatteo79-moc-factory","status":"publish","type":"product","link":"https:\/\/mouldking.store\/hu\/shop\/moc-31632-h%d6%85gwarts-express-and-hogsmeade-station-architecture-harry-potter-movie-by-momatteo79-moc-factory\/","title":{"rendered":"MOC-31632 Hgwarts Express \u00e9s Roxmorts \u00e1llom\u00e1s architekt\u00fara Harry Potter film, k\u00e9sz\u00edtette: MOMAtteo79 MOC FACTORY"},"content":{"rendered":"<p style=\"text-align: left\">MOC-31632 H\u0585gwarts Express \u00e9s Roxmorts \u00e1llom\u00e1s architekt\u00far\u00e1ja Harry Potter Movie, MOMAtteo79 A MOC FACTORY a MOMAtteo79 \u00e1ltal tervezett Movie kollekci\u00f3 k\u00e9szlete. Ehhez a MOC 31632-hez PDF utas\u00edt\u00e1sok tartoznak, amelyeket k\u00f6nny\u0171 \u00f6ssze\u00e1ll\u00edtani \u00e9s megtal\u00e1lni a hi\u00e1nyz\u00f3 darabokat. A k\u00e9szlet 706 darabot tartalmaz, el\u0151sz\u00f6r 2020-ban adt\u00e1k ki.<\/p>\n<figure id=\"attachment_198551\" aria-describedby=\"caption-attachment-198551\" style=\"width: 800px\" class=\"wp-caption aligncenter\"><a href=\"https:\/\/pay.lpwstore.com\/wp-content\/uploads\/2020\/11\/MOC-31632-H\u0585gwarts-Express-And-Hogsmeade-Station-Architecture-Harry-Potter-Movie-by-MOMAtteo79-MOC-FACTORY-2.jpg\" target=\"_blank\" rel=\"noopener\"><img fetchpriority=\"high\" decoding=\"async\" class=\"wp-image-198551 size-full\" title=\"MOC-31632 Hgwarts Express \u00e9s Roxmorts \u00e1llom\u00e1s architekt\u00fara Harry Potter film, k\u00e9sz\u00edtette: MOMAtteo79 MOC FACTORY\" src=\"https:\/\/pay.lpwstore.com\/wp-content\/uploads\/2020\/11\/MOC-31632-H\u0585gwarts-Express-And-Hogsmeade-Station-Architecture-Harry-Potter-Movie-by-MOMAtteo79-MOC-FACTORY-2.jpg\" alt=\"MOC-31632 H\u0585gwarts Express And Hogsmeade Station Architecture Harry Potter Movie by MOMAtteo79 MOC FACTORY\" width=\"800\" height=\"800\" \/><\/a><figcaption id=\"caption-attachment-198551\" class=\"wp-caption-text\">MOC-31632 Hgwarts Express \u00e9s Roxmorts \u00e1llom\u00e1s architekt\u00fara Harry Potter film, k\u00e9sz\u00edtette: MOMAtteo79 MOC FACTORY<\/figcaption><\/figure>\n<p><img decoding=\"async\" class=\"alignnone size-full wp-image-198550 aligncenter\" src=\"https:\/\/pay.lpwstore.com\/wp-content\/uploads\/2020\/11\/MOC-31632-H\u0585gwarts-Express-And-Hogsmeade-Station-Architecture-Harry-Potter-Movie-by-MOMAtteo79-MOC-FACTORY.jpg\" alt=\"-\" width=\"800\" height=\"800\" title=\"-\"> <img decoding=\"async\" class=\"alignnone size-full wp-image-198552 aligncenter\" src=\"https:\/\/pay.lpwstore.com\/wp-content\/uploads\/2020\/11\/MOC-31632-H\u0585gwarts-Express-And-Hogsmeade-Station-Architecture-Harry-Potter-Movie-by-MOMAtteo79-MOC-FACTORY-3.jpg\" alt=\"-\" width=\"800\" height=\"800\" title=\"-\"> <img loading=\"lazy\" decoding=\"async\" class=\"alignnone size-full wp-image-198553 aligncenter\" src=\"https:\/\/pay.lpwstore.com\/wp-content\/uploads\/2020\/11\/MOC-31632-H\u0585gwarts-Express-And-Hogsmeade-Station-Architecture-Harry-Potter-Movie-by-MOMAtteo79-MOC-FACTORY-4.jpg\" alt=\"-\" width=\"800\" height=\"800\" title=\"-\"> <img loading=\"lazy\" decoding=\"async\" class=\"alignnone size-full wp-image-198554 aligncenter\" src=\"https:\/\/pay.lpwstore.com\/wp-content\/uploads\/2020\/11\/MOC-31632-H\u0585gwarts-Express-And-Hogsmeade-Station-Architecture-Harry-Potter-Movie-by-MOMAtteo79-MOC-FACTORY-5.jpg\" alt=\"-\" width=\"800\" height=\"800\" title=\"-\"> <img loading=\"lazy\" decoding=\"async\" class=\"alignnone size-full wp-image-198555 aligncenter\" src=\"https:\/\/pay.lpwstore.com\/wp-content\/uploads\/2020\/11\/MOC-31632-H\u0585gwarts-Express-And-Hogsmeade-Station-Architecture-Harry-Potter-Movie-by-MOMAtteo79-MOC-FACTORY-6.jpg\" alt=\"-\" width=\"800\" height=\"800\" title=\"-\"><\/p>","protected":false},"excerpt":{"rendered":"<ul>\n<li>Tartalmazza <strong>706+<\/strong> db<\/li>\n<li>Online PDF oktat\u00e1s<\/li>\n<li>Kiv\u00e1l\u00f3 min\u0151s\u00e9g\u0171 ABS blokk<\/li>\n<\/ul>","protected":false},"featured_media":21609,"comment_status":"open","ping_status":"closed","template":"","meta":{"_acf_changed":false},"product_cat":[581],"product_tag":[],"class_list":["product","first","instock","shipping-taxable","purchasable","product-type-simple"],"acf":[],"_links":{"self":[{"href":"https:\/\/mouldking.store\/hu\/wp-json\/wp\/v2\/product\/21615","targetHints":{"allow":["GET"]}}],"collection":[{"href":"https:\/\/mouldking.store\/hu\/wp-json\/wp\/v2\/product"}],"about":[{"href":"https:\/\/mouldking.store\/hu\/wp-json\/wp\/v2\/types\/product"}],"replies":[{"embeddable":true,"href":"https:\/\/mouldking.store\/hu\/wp-json\/wp\/v2\/comments?post=21615"}],"wp:featuredmedia":[{"embeddable":true,"href":"https:\/\/mouldking.store\/hu\/wp-json\/wp\/v2\/media\/21609"}],"wp:attachment":[{"href":"https:\/\/mouldking.store\/hu\/wp-json\/wp\/v2\/media?parent=21615"}],"wp:term":[{"taxonomy":"product_cat","embeddable":true,"href":"https:\/\/mouldking.store\/hu\/wp-json\/wp\/v2\/product_cat?post=21615"},{"taxonomy":"product_tag","embeddable":true,"href":"https:\/\/mouldking.store\/hu\/wp-json\/wp\/v2\/product_tag?post=21615"}],"curies":[{"name":"wp","href":"https:\/\/api.w.org\/{rel}","templated":true}]}}