{"id":21678,"date":"2021-10-09T05:11:52","date_gmt":"2021-10-08T22:11:52","guid":{"rendered":"https:\/\/mouldking.store\/shop\/moc-40716-gotham-skyline-the-dark-knight-trilogy-creator-by-benbuildslego-moc-factory\/"},"modified":"2025-12-25T09:23:54","modified_gmt":"2025-12-25T02:23:54","slug":"moc-40716-gotham-skyline-the-dark-knight-trilogy-creator-by-benbuildslego-moc-factory","status":"publish","type":"product","link":"https:\/\/mouldking.store\/hu\/shop\/moc-40716-gotham-skyline-the-dark-knight-trilogy-creator-by-benbuildslego-moc-factory\/","title":{"rendered":"MOC-40716 Gotham Skyline (The Dark Knight tril\u00f3gia) Alkot\u00f3: benbuildslego MOC FACTORY"},"content":{"rendered":"<p>MOC-40716 Gotham Skyline (The Dark Knight Trilogy) Creator by benbuildslego MOC FACTORY is a set in Creator collection, designed by benbuildslego. This MOC 40716 comes with PDF instruction which is easy to build and find the missing pieces. The set contains 569 pieces, first released in 2020.<\/p>\n<figure id=\"attachment_198631\" aria-describedby=\"caption-attachment-198631\" style=\"width: 800px\" class=\"wp-caption aligncenter\"><a href=\"https:\/\/pay.lpwstore.com\/wp-content\/uploads\/2020\/11\/MOC-40716-Gotham-Skyline-The-Dark-Knight-Trilogy-Creator-by-benbuildslego-MOC-FACTORY.jpg\" target=\"_blank\" rel=\"noopener\"><img fetchpriority=\"high\" decoding=\"async\" class=\"wp-image-198631 size-full\" title=\"MOC-40716 Gotham Skyline (The Dark Knight tril\u00f3gia) Alkot\u00f3: benbuildslego MOC FACTORY\" src=\"https:\/\/pay.lpwstore.com\/wp-content\/uploads\/2020\/11\/MOC-40716-Gotham-Skyline-The-Dark-Knight-Trilogy-Creator-by-benbuildslego-MOC-FACTORY.jpg\" alt=\"MOC-40716 Gotham Skyline (The Dark Knight Trilogy) Creator by benbuildslego MOC FACTORY\" width=\"800\" height=\"800\" \/><\/a><figcaption id=\"caption-attachment-198631\" class=\"wp-caption-text\">MOC-40716 Gotham Skyline (The Dark Knight tril\u00f3gia) Alkot\u00f3: benbuildslego MOC FACTORY<\/figcaption><\/figure>","protected":false},"excerpt":{"rendered":"<ul>\n<li>Tartalmazza <strong>569+<\/strong> db<\/li>\n<li>Online PDF oktat\u00e1s<\/li>\n<li>Kiv\u00e1l\u00f3 min\u0151s\u00e9g\u0171 ABS blokk<\/li>\n<\/ul>","protected":false},"featured_media":21677,"comment_status":"open","ping_status":"closed","template":"","meta":{"_acf_changed":false},"product_cat":[371],"product_tag":[],"class_list":["product","first","instock","shipping-taxable","purchasable","product-type-simple"],"acf":[],"_links":{"self":[{"href":"https:\/\/mouldking.store\/hu\/wp-json\/wp\/v2\/product\/21678","targetHints":{"allow":["GET"]}}],"collection":[{"href":"https:\/\/mouldking.store\/hu\/wp-json\/wp\/v2\/product"}],"about":[{"href":"https:\/\/mouldking.store\/hu\/wp-json\/wp\/v2\/types\/product"}],"replies":[{"embeddable":true,"href":"https:\/\/mouldking.store\/hu\/wp-json\/wp\/v2\/comments?post=21678"}],"wp:featuredmedia":[{"embeddable":true,"href":"https:\/\/mouldking.store\/hu\/wp-json\/wp\/v2\/media\/21677"}],"wp:attachment":[{"href":"https:\/\/mouldking.store\/hu\/wp-json\/wp\/v2\/media?parent=21678"}],"wp:term":[{"taxonomy":"product_cat","embeddable":true,"href":"https:\/\/mouldking.store\/hu\/wp-json\/wp\/v2\/product_cat?post=21678"},{"taxonomy":"product_tag","embeddable":true,"href":"https:\/\/mouldking.store\/hu\/wp-json\/wp\/v2\/product_tag?post=21678"}],"curies":[{"name":"wp","href":"https:\/\/api.w.org\/{rel}","templated":true}]}}