{"id":21685,"date":"2021-10-09T05:11:59","date_gmt":"2021-10-08T22:11:59","guid":{"rendered":"https:\/\/mouldking.store\/shop\/moc-45363-bmw-e46-m3-gtr-super-car-by-quattrobricks-moc-factory\/"},"modified":"2025-12-25T09:23:54","modified_gmt":"2025-12-25T02:23:54","slug":"moc-45363-bmw-e46-m3-gtr-super-car-by-quattrobricks-moc-factory","status":"publish","type":"product","link":"https:\/\/mouldking.store\/hu\/shop\/moc-45363-bmw-e46-m3-gtr-super-car-by-quattrobricks-moc-factory\/","title":{"rendered":"MOC-45363 BMW E46 M3 GTR Super Car, QuattroBricks MOC FACTORY"},"content":{"rendered":"<p style=\"text-align: left\">MOC-45363 BMW E46 M3 GTR Super Car a QuattroBrickst\u0151l A MOC FACTORY a QuattroBricks \u00e1ltal tervezett Technic kollekci\u00f3 k\u00e9szlete. Ez a MOC 45363 PDF utas\u00edt\u00e1ssal \u00e9rkezik, amely k\u00f6nnyen \u00f6ssze\u00e1ll\u00edthat\u00f3 \u00e9s megtal\u00e1lhatja a hi\u00e1nyz\u00f3 darabokat. A k\u00e9szlet 1244 darabot tartalmaz, el\u0151sz\u00f6r 2020-ban adt\u00e1k ki.<\/p>\n<figure id=\"attachment_198633\" aria-describedby=\"caption-attachment-198633\" style=\"width: 800px\" class=\"wp-caption aligncenter\"><a href=\"https:\/\/pay.lpwstore.com\/wp-content\/uploads\/2020\/11\/MOC-45363-BMW-E46-M3-GTR-Super-Car-by-QuattroBricks-MOC-FACTORY.jpg\" target=\"_blank\" rel=\"noopener\"><img fetchpriority=\"high\" decoding=\"async\" class=\"wp-image-198633 size-full\" title=\"MOC-45363 BMW E46 M3 GTR Super Car, QuattroBricks MOC FACTORY\" src=\"https:\/\/pay.lpwstore.com\/wp-content\/uploads\/2020\/11\/MOC-45363-BMW-E46-M3-GTR-Super-Car-by-QuattroBricks-MOC-FACTORY.jpg\" alt=\"MOC-45363 BMW E46 M3 GTR Super Car by QuattroBricks MOC FACTORY\" width=\"800\" height=\"800\" \/><\/a><figcaption id=\"caption-attachment-198633\" class=\"wp-caption-text\">MOC-45363 BMW E46 M3 GTR Super Car, QuattroBricks MOC FACTORY<\/figcaption><\/figure>\n<p><img decoding=\"async\" class=\"alignnone size-full wp-image-198634 aligncenter\" src=\"https:\/\/pay.lpwstore.com\/wp-content\/uploads\/2020\/11\/MOC-45363-BMW-E46-M3-GTR-Super-Car-by-QuattroBricks-MOC-FACTORY-2.jpg\" alt=\"-\" width=\"800\" height=\"800\" title=\"-\"> <img decoding=\"async\" class=\"alignnone size-full wp-image-198635 aligncenter\" src=\"https:\/\/pay.lpwstore.com\/wp-content\/uploads\/2020\/11\/MOC-45363-BMW-E46-M3-GTR-Super-Car-by-QuattroBricks-MOC-FACTORY-3.jpg\" alt=\"-\" width=\"800\" height=\"800\" title=\"-\"> <img loading=\"lazy\" decoding=\"async\" class=\"alignnone size-full wp-image-198636 aligncenter\" src=\"https:\/\/pay.lpwstore.com\/wp-content\/uploads\/2020\/11\/MOC-45363-BMW-E46-M3-GTR-Super-Car-by-QuattroBricks-MOC-FACTORY-4.jpg\" alt=\"-\" width=\"800\" height=\"800\" title=\"-\"> <img loading=\"lazy\" decoding=\"async\" class=\"alignnone size-full wp-image-198637 aligncenter\" src=\"https:\/\/pay.lpwstore.com\/wp-content\/uploads\/2020\/11\/MOC-45363-BMW-E46-M3-GTR-Super-Car-by-QuattroBricks-MOC-FACTORY-5.jpg\" alt=\"-\" width=\"800\" height=\"800\" title=\"-\"> <img loading=\"lazy\" decoding=\"async\" class=\"alignnone size-full wp-image-198638 aligncenter\" src=\"https:\/\/pay.lpwstore.com\/wp-content\/uploads\/2020\/11\/MOC-45363-BMW-E46-M3-GTR-Super-Car-by-QuattroBricks-MOC-FACTORY-6.jpg\" alt=\"-\" width=\"800\" height=\"800\" title=\"-\"><\/p>","protected":false},"excerpt":{"rendered":"<ul>\n<li>Tartalmazza <strong>1244+<\/strong> db<\/li>\n<li>Online PDF oktat\u00e1s<\/li>\n<li>Kiv\u00e1l\u00f3 min\u0151s\u00e9g\u0171 ABS blokk<\/li>\n<\/ul>","protected":false},"featured_media":21679,"comment_status":"open","ping_status":"closed","template":"","meta":{"_acf_changed":false},"product_cat":[364],"product_tag":[],"class_list":["product","first","outofstock","shipping-taxable","purchasable","product-type-simple"],"acf":[],"_links":{"self":[{"href":"https:\/\/mouldking.store\/hu\/wp-json\/wp\/v2\/product\/21685","targetHints":{"allow":["GET"]}}],"collection":[{"href":"https:\/\/mouldking.store\/hu\/wp-json\/wp\/v2\/product"}],"about":[{"href":"https:\/\/mouldking.store\/hu\/wp-json\/wp\/v2\/types\/product"}],"replies":[{"embeddable":true,"href":"https:\/\/mouldking.store\/hu\/wp-json\/wp\/v2\/comments?post=21685"}],"wp:featuredmedia":[{"embeddable":true,"href":"https:\/\/mouldking.store\/hu\/wp-json\/wp\/v2\/media\/21679"}],"wp:attachment":[{"href":"https:\/\/mouldking.store\/hu\/wp-json\/wp\/v2\/media?parent=21685"}],"wp:term":[{"taxonomy":"product_cat","embeddable":true,"href":"https:\/\/mouldking.store\/hu\/wp-json\/wp\/v2\/product_cat?post=21685"},{"taxonomy":"product_tag","embeddable":true,"href":"https:\/\/mouldking.store\/hu\/wp-json\/wp\/v2\/product_tag?post=21685"}],"curies":[{"name":"wp","href":"https:\/\/api.w.org\/{rel}","templated":true}]}}