{"id":21701,"date":"2021-10-09T05:12:20","date_gmt":"2021-10-08T22:12:20","guid":{"rendered":"https:\/\/mouldking.store\/shop\/moc-38833-chinese-diorama-build-from-4-mocs-modular-buildings-by-gabizon-moc-factory\/"},"modified":"2025-12-25T09:23:53","modified_gmt":"2025-12-25T02:23:53","slug":"moc-38833-chinese-diorama-build-from-4-mocs-modular-buildings-by-gabizon-moc-factory","status":"publish","type":"product","link":"https:\/\/mouldking.store\/hu\/shop\/moc-38833-chinese-diorama-build-from-4-mocs-modular-buildings-by-gabizon-moc-factory\/","title":{"rendered":"MOC-38833 K\u00ednai dior\u00e1ma | A gabizon MOC FACTORY 4 MOC modul\u00e1ris \u00e9p\u00fcleteib\u0151l \u00e9p\u00edtkezik"},"content":{"rendered":"<p>MOC-38833 K\u00ednai dior\u00e1ma | \u00c9p\u00edtsd 4 MOC modul\u00e1ris \u00e9p\u00fcletb\u0151l a gabizont\u00f3l A MOC FACTORY a Gabizon \u00e1ltal tervezett Modular Buildings kollekci\u00f3 k\u00e9szlete. Ez a MOC 38833 PDF utas\u00edt\u00e1ssal \u00e9rkezik, amely k\u00f6nnyen \u00f6ssze\u00e1ll\u00edthat\u00f3 \u00e9s megtal\u00e1lhatja a hi\u00e1nyz\u00f3 darabokat. A k\u00e9szlet 3634 darabot tartalmaz, el\u0151sz\u00f6r 2020-ban adt\u00e1k ki.<\/p>\n<figure id=\"attachment_198660\" class=\"wp-caption aligncenter\" style=\"width: 800px;\" aria-describedby=\"caption-attachment-198660\"><a href=\"https:\/\/pay.lpwstore.com\/wp-content\/uploads\/2020\/11\/MOC-38833-Chinese-Diorama-Build-from-4-MOCs-Modular-Buildings-by-gabizon-MOC-FACTORY.jpg\" target=\"_blank\" rel=\"noopener\"><img fetchpriority=\"high\" decoding=\"async\" class=\"wp-image-198660 size-full\" title=\"MOC-38833 K\u00ednai dior\u00e1ma | A gabizon MOC FACTORY 4 MOC modul\u00e1ris \u00e9p\u00fcleteib\u0151l \u00e9p\u00edtkezik\" src=\"https:\/\/pay.lpwstore.com\/wp-content\/uploads\/2020\/11\/MOC-38833-Chinese-Diorama-Build-from-4-MOCs-Modular-Buildings-by-gabizon-MOC-FACTORY.jpg\" alt=\"MOC-38833 Chinese Diorama | Build from 4 MOCs Modular Buildings by gabizon MOC FACTORY\" width=\"800\" height=\"800\" \/><\/a><figcaption id=\"caption-attachment-198660\" class=\"wp-caption-text\">MOC-38833 K\u00ednai dior\u00e1ma | A gabizon MOC FACTORY 4 MOC modul\u00e1ris \u00e9p\u00fcleteib\u0151l \u00e9p\u00edtkezik<\/figcaption><\/figure>","protected":false},"excerpt":{"rendered":"<ul>\n<li>Tartalmazza <strong>3634+<\/strong> db<\/li>\n<li>Online PDF oktat\u00e1s<\/li>\n<li>Kiv\u00e1l\u00f3 min\u0151s\u00e9g\u0171 ABS blokk<\/li>\n<\/ul>","protected":false},"featured_media":21700,"comment_status":"open","ping_status":"closed","template":"","meta":{"_acf_changed":false},"product_cat":[390],"product_tag":[],"class_list":["product","first","instock","shipping-taxable","purchasable","product-type-simple"],"acf":[],"_links":{"self":[{"href":"https:\/\/mouldking.store\/hu\/wp-json\/wp\/v2\/product\/21701","targetHints":{"allow":["GET"]}}],"collection":[{"href":"https:\/\/mouldking.store\/hu\/wp-json\/wp\/v2\/product"}],"about":[{"href":"https:\/\/mouldking.store\/hu\/wp-json\/wp\/v2\/types\/product"}],"replies":[{"embeddable":true,"href":"https:\/\/mouldking.store\/hu\/wp-json\/wp\/v2\/comments?post=21701"}],"wp:featuredmedia":[{"embeddable":true,"href":"https:\/\/mouldking.store\/hu\/wp-json\/wp\/v2\/media\/21700"}],"wp:attachment":[{"href":"https:\/\/mouldking.store\/hu\/wp-json\/wp\/v2\/media?parent=21701"}],"wp:term":[{"taxonomy":"product_cat","embeddable":true,"href":"https:\/\/mouldking.store\/hu\/wp-json\/wp\/v2\/product_cat?post=21701"},{"taxonomy":"product_tag","embeddable":true,"href":"https:\/\/mouldking.store\/hu\/wp-json\/wp\/v2\/product_tag?post=21701"}],"curies":[{"name":"wp","href":"https:\/\/api.w.org\/{rel}","templated":true}]}}