{"id":21713,"date":"2021-10-09T05:12:28","date_gmt":"2021-10-08T22:12:28","guid":{"rendered":"https:\/\/mouldking.store\/shop\/moc-55529-coruscant-star-wars-by-jedimasterels-moc-factory\/"},"modified":"2025-12-25T09:23:53","modified_gmt":"2025-12-25T02:23:53","slug":"moc-55529-coruscant-star-wars-by-jedimasterels-moc-factory","status":"publish","type":"product","link":"https:\/\/mouldking.store\/hu\/shop\/moc-55529-coruscant-star-wars-by-jedimasterels-moc-factory\/","title":{"rendered":"MOC-55529 Coruscant Star Wars, Jedimasterels MOC FACTORY"},"content":{"rendered":"<p>MOC-55529 Coruscant Star Wars by Jedimasterels MOC FACTORY is a set in Star Wars collection, designed by Jedimasterels. This MOC 55529 comes with PDF instruction which is easy to build and find the missing pieces. The set contains 550 pieces, first released in 2020.<\/p>\n<figure id=\"attachment_198701\" aria-describedby=\"caption-attachment-198701\" style=\"width: 800px\" class=\"wp-caption aligncenter\"><a href=\"https:\/\/pay.lpwstore.com\/wp-content\/uploads\/2020\/11\/MOC-55529-Coruscant-Star-Wars-by-Jedimasterels-MOC-FACTORY.jpg\" target=\"_blank\" rel=\"noopener\"><img fetchpriority=\"high\" decoding=\"async\" class=\"wp-image-198701 size-full\" title=\"MOC-55529 Coruscant Star Wars, Jedimasterels MOC FACTORY\" src=\"https:\/\/pay.lpwstore.com\/wp-content\/uploads\/2020\/11\/MOC-55529-Coruscant-Star-Wars-by-Jedimasterels-MOC-FACTORY.jpg\" alt=\"MOC-55529 Coruscant Star Wars by Jedimasterels MOC FACTORY\" width=\"800\" height=\"800\" \/><\/a><figcaption id=\"caption-attachment-198701\" class=\"wp-caption-text\">MOC-55529 Coruscant Star Wars, Jedimasterels MOC FACTORY<\/figcaption><\/figure>","protected":false},"excerpt":{"rendered":"<ul>\n<li>Tartalmazza <strong>550+<\/strong> db<\/li>\n<li>Online PDF oktat\u00e1s<\/li>\n<li>Kiv\u00e1l\u00f3 min\u0151s\u00e9g\u0171 ABS blokk<\/li>\n<\/ul>","protected":false},"featured_media":21712,"comment_status":"open","ping_status":"closed","template":"","meta":{"_acf_changed":false},"product_cat":[415],"product_tag":[],"class_list":["product","first","instock","shipping-taxable","purchasable","product-type-simple"],"acf":[],"_links":{"self":[{"href":"https:\/\/mouldking.store\/hu\/wp-json\/wp\/v2\/product\/21713","targetHints":{"allow":["GET"]}}],"collection":[{"href":"https:\/\/mouldking.store\/hu\/wp-json\/wp\/v2\/product"}],"about":[{"href":"https:\/\/mouldking.store\/hu\/wp-json\/wp\/v2\/types\/product"}],"replies":[{"embeddable":true,"href":"https:\/\/mouldking.store\/hu\/wp-json\/wp\/v2\/comments?post=21713"}],"wp:featuredmedia":[{"embeddable":true,"href":"https:\/\/mouldking.store\/hu\/wp-json\/wp\/v2\/media\/21712"}],"wp:attachment":[{"href":"https:\/\/mouldking.store\/hu\/wp-json\/wp\/v2\/media?parent=21713"}],"wp:term":[{"taxonomy":"product_cat","embeddable":true,"href":"https:\/\/mouldking.store\/hu\/wp-json\/wp\/v2\/product_cat?post=21713"},{"taxonomy":"product_tag","embeddable":true,"href":"https:\/\/mouldking.store\/hu\/wp-json\/wp\/v2\/product_tag?post=21713"}],"curies":[{"name":"wp","href":"https:\/\/api.w.org\/{rel}","templated":true}]}}