{"id":21742,"date":"2021-10-09T05:13:07","date_gmt":"2021-10-09T05:13:07","guid":{"rendered":"https:\/\/mouldking.store\/shop\/moc-52297-sunflowers-van-gogh-gallery-creator-by-lenarex-moc-factory\/"},"modified":"2025-12-25T09:23:52","modified_gmt":"2025-12-25T02:23:52","slug":"moc-52297-sunflowers-van-gogh-gallery-creator-by-lenarex-moc-factory","status":"publish","type":"product","link":"https:\/\/mouldking.store\/hu\/shop\/moc-52297-sunflowers-van-gogh-gallery-creator-by-lenarex-moc-factory\/","title":{"rendered":"MOC-52297 Sunflowers &#8211; Van Gogh (gallery) Creator by Lenarex MOC FACTORY"},"content":{"rendered":"<p style=\"text-align: left\">MOC-52297 Sunflowers &#8211; Van Gogh (gallery) Creator by Lenarex MOC FACTORY is a set in Creator collection, designed by Lenarex. This MOC 52297 comes with PDF instruction which is easy to build and find the missing pieces. The set contains 92 pieces, first released in 2020.<\/p>\n<figure id=\"attachment_198740\" aria-describedby=\"caption-attachment-198740\" style=\"width: 800px\" class=\"wp-caption aligncenter\"><a href=\"https:\/\/pay.lpwstore.com\/wp-content\/uploads\/2020\/12\/MOC-52297-Sunflowers-Van-Gogh-gallery-Creator-by-Lenarex-MOC-FACTORY.jpg\" target=\"_blank\" rel=\"noopener\"><img fetchpriority=\"high\" decoding=\"async\" class=\"wp-image-198740 size-full\" title=\"MOC-52297 Sunflowers - Van Gogh (gallery) Creator by Lenarex MOC FACTORY\" src=\"https:\/\/pay.lpwstore.com\/wp-content\/uploads\/2020\/12\/MOC-52297-Sunflowers-Van-Gogh-gallery-Creator-by-Lenarex-MOC-FACTORY.jpg\" alt=\"MOC-52297 Sunflowers - Van Gogh (gallery) Creator by Lenarex MOC FACTORY\" width=\"800\" height=\"800\" \/><\/a><figcaption id=\"caption-attachment-198740\" class=\"wp-caption-text\">MOC-52297 Sunflowers &#8211; Van Gogh (gallery) Creator by Lenarex MOC FACTORY<\/figcaption><\/figure>\n<p><img decoding=\"async\" class=\"alignnone size-full wp-image-198741 aligncenter\" src=\"https:\/\/pay.lpwstore.com\/wp-content\/uploads\/2020\/12\/MOC-52297-Sunflowers-Van-Gogh-gallery-Creator-by-Lenarex-MOC-FACTORY-2.jpg\" alt=\"MOC-52297-Sunflowers---Van-Gogh-(gallery)-Creator-by-Lenarex-MOC-FACTORY-2\" width=\"800\" height=\"800\" title=\"-\"><\/p>","protected":false},"excerpt":{"rendered":"<ul>\n<li>Tartalmazza <strong>92+<\/strong> db<\/li>\n<li>Online PDF oktat\u00e1s<\/li>\n<li>Kiv\u00e1l\u00f3 min\u0151s\u00e9g\u0171 ABS blokk<\/li>\n<\/ul>","protected":false},"featured_media":21740,"comment_status":"open","ping_status":"closed","template":"","meta":{"_acf_changed":false},"product_cat":[371],"product_tag":[],"class_list":["product","first","instock","shipping-taxable","purchasable","product-type-simple"],"acf":[],"_links":{"self":[{"href":"https:\/\/mouldking.store\/hu\/wp-json\/wp\/v2\/product\/21742","targetHints":{"allow":["GET"]}}],"collection":[{"href":"https:\/\/mouldking.store\/hu\/wp-json\/wp\/v2\/product"}],"about":[{"href":"https:\/\/mouldking.store\/hu\/wp-json\/wp\/v2\/types\/product"}],"replies":[{"embeddable":true,"href":"https:\/\/mouldking.store\/hu\/wp-json\/wp\/v2\/comments?post=21742"}],"wp:featuredmedia":[{"embeddable":true,"href":"https:\/\/mouldking.store\/hu\/wp-json\/wp\/v2\/media\/21740"}],"wp:attachment":[{"href":"https:\/\/mouldking.store\/hu\/wp-json\/wp\/v2\/media?parent=21742"}],"wp:term":[{"taxonomy":"product_cat","embeddable":true,"href":"https:\/\/mouldking.store\/hu\/wp-json\/wp\/v2\/product_cat?post=21742"},{"taxonomy":"product_tag","embeddable":true,"href":"https:\/\/mouldking.store\/hu\/wp-json\/wp\/v2\/product_tag?post=21742"}],"curies":[{"name":"wp","href":"https:\/\/api.w.org\/{rel}","templated":true}]}}