{"id":21751,"date":"2021-10-09T05:13:20","date_gmt":"2021-10-08T22:13:20","guid":{"rendered":"https:\/\/mouldking.store\/shop\/moc-35957-modular-house-modular-building-by-gabizon-moc-factory\/"},"modified":"2025-12-25T09:23:52","modified_gmt":"2025-12-25T02:23:52","slug":"moc-35957-modular-house-modular-building-by-gabizon-moc-factory","status":"publish","type":"product","link":"https:\/\/mouldking.store\/hu\/shop\/moc-35957-modular-house-modular-building-by-gabizon-moc-factory\/","title":{"rendered":"MOC-35957 Modul\u00e1ris h\u00e1z Modul\u00e1ris \u00e9p\u00fclet a gabizon MOC FACTORY-t\u00f3l"},"content":{"rendered":"<p style=\"text-align: left\">MOC-35957 Modular House Modular Building by gabizon MOC FACTORY is a set in Modular Building collection, designed by gabizon. This MOC 35957 comes with PDF instruction which is easy to build and find the missing pieces. The set contains 1622 pieces, first released in 2020.<\/p>\n<figure id=\"attachment_198748\" aria-describedby=\"caption-attachment-198748\" style=\"width: 800px\" class=\"wp-caption aligncenter\"><a href=\"https:\/\/pay.lpwstore.com\/wp-content\/uploads\/2020\/12\/MOC-35957-Modular-House-Modular-Building-by-gabizon-MOC-FACTORY.jpg\" target=\"_blank\" rel=\"noopener\"><img fetchpriority=\"high\" decoding=\"async\" class=\"wp-image-198748 size-full\" title=\"MOC-35957 Modul\u00e1ris h\u00e1z Modul\u00e1ris \u00e9p\u00fclet a gabizon MOC FACTORY-t\u00f3l\" src=\"https:\/\/pay.lpwstore.com\/wp-content\/uploads\/2020\/12\/MOC-35957-Modular-House-Modular-Building-by-gabizon-MOC-FACTORY.jpg\" alt=\"MOC-35957 Modular House Modular Building by gabizon MOC FACTORY\" width=\"800\" height=\"800\" \/><\/a><figcaption id=\"caption-attachment-198748\" class=\"wp-caption-text\">MOC-35957 Modul\u00e1ris h\u00e1z Modul\u00e1ris \u00e9p\u00fclet a gabizon MOC FACTORY-t\u00f3l<\/figcaption><\/figure>\n<p><img decoding=\"async\" class=\"alignnone size-full wp-image-198749 aligncenter\" src=\"https:\/\/pay.lpwstore.com\/wp-content\/uploads\/2020\/12\/MOC-35957-Modular-House-Modular-Building-by-gabizon-MOC-FACTORY-2.jpg\" alt=\"-\" width=\"800\" height=\"800\" title=\"-\"> <img decoding=\"async\" class=\"alignnone size-full wp-image-198750 aligncenter\" src=\"https:\/\/pay.lpwstore.com\/wp-content\/uploads\/2020\/12\/MOC-35957-Modular-House-Modular-Building-by-gabizon-MOC-FACTORY-3.jpg\" alt=\"-\" width=\"800\" height=\"800\" title=\"-\"><\/p>","protected":false},"excerpt":{"rendered":"<ul>\n<li>Tartalmazza <strong>1622+<\/strong> db<\/li>\n<li>Online PDF oktat\u00e1s<\/li>\n<li>Kiv\u00e1l\u00f3 min\u0151s\u00e9g\u0171 ABS blokk<\/li>\n<\/ul>","protected":false},"featured_media":21748,"comment_status":"open","ping_status":"closed","template":"","meta":{"_acf_changed":false},"product_cat":[390],"product_tag":[],"class_list":["product","first","instock","shipping-taxable","purchasable","product-type-simple"],"acf":[],"_links":{"self":[{"href":"https:\/\/mouldking.store\/hu\/wp-json\/wp\/v2\/product\/21751","targetHints":{"allow":["GET"]}}],"collection":[{"href":"https:\/\/mouldking.store\/hu\/wp-json\/wp\/v2\/product"}],"about":[{"href":"https:\/\/mouldking.store\/hu\/wp-json\/wp\/v2\/types\/product"}],"replies":[{"embeddable":true,"href":"https:\/\/mouldking.store\/hu\/wp-json\/wp\/v2\/comments?post=21751"}],"wp:featuredmedia":[{"embeddable":true,"href":"https:\/\/mouldking.store\/hu\/wp-json\/wp\/v2\/media\/21748"}],"wp:attachment":[{"href":"https:\/\/mouldking.store\/hu\/wp-json\/wp\/v2\/media?parent=21751"}],"wp:term":[{"taxonomy":"product_cat","embeddable":true,"href":"https:\/\/mouldking.store\/hu\/wp-json\/wp\/v2\/product_cat?post=21751"},{"taxonomy":"product_tag","embeddable":true,"href":"https:\/\/mouldking.store\/hu\/wp-json\/wp\/v2\/product_tag?post=21751"}],"curies":[{"name":"wp","href":"https:\/\/api.w.org\/{rel}","templated":true}]}}